{"id":10499,"date":"2021-08-26T09:48:20","date_gmt":"2021-08-26T09:48:20","guid":{"rendered":"https:\/\/vte-smartersolutions.com\/cookie-richtlinie\/"},"modified":"2021-08-26T09:48:20","modified_gmt":"2021-08-26T09:48:20","slug":"cookie-richtlinie","status":"publish","type":"page","link":"https:\/\/vte-smartersolutions.com\/de\/cookie-richtlinie\/","title":{"rendered":"Cookie-Richtlinie"},"content":{"rendered":"<p><b>Die Gesellschaft mit beschr\u00e4nkter Haftung Verwarmings Techniek Ede B.V.<\/b><\/p>\n<p><b>Version April 2021<\/b><\/p>\n<p><b>Einf\u00fchrung<\/b><\/p>\n<p>Wir verwenden Cookies auf unserer Website. Dies hilft uns, Ihnen bei Ihrem Besuch der Website eine bessere Benutzererfahrung zu bieten und erm\u00f6glicht uns, unsere Website zu optimieren. Ein Cookie ist eine kleine (technisch einfache) Datei, die zusammen mit den Seiten dieser Website gesendet und von dem von Ihnen verwendeten Browser auf der Festplatte Ihres Computers gespeichert wird. Die darin gespeicherten Informationen k\u00f6nnen bei einem sp\u00e4teren Besuch an unsere Server zur\u00fcckgesendet werden. Mit dieser Cookie-Richtlinie m\u00f6chten wir Sie transparent dar\u00fcber informieren, wie wir Cookies verwenden und zu welchem Zweck sie verwendet werden.<\/p>\n<p><b>Recht auf Einsichtnahme und Berichtigung oder L\u00f6schung Ihrer Daten<\/b><\/p>\n<p>Eine betroffene Person hat das Recht, Einsichtnahme in ihre personenbezogenen Daten und deren Berichtigung oder L\u00f6schung zu verlangen. Konsultieren Sie diesbez\u00fcglich unsere Datenschutzerkl\u00e4rung. Das vorgenannte Recht gilt auch f\u00fcr personenbezogene Daten, die durch Cookies erhoben werden. Wenn Sie als betroffene Person einen Antrag auf Einsichtnahme, L\u00f6schung und\/oder Berichtigung stellen, sollten Sie ber\u00fccksichtigen, dass wir Sie m\u00f6glicherweise auffordern, sich zu identifizieren. Wenn Ihre Anfrage personenbezogene Daten betrifft, die durch einen Cookie erhoben wurden, helfen Sie uns bitte, indem Sie uns eine Kopie des Cookies zusenden.<span class=\"Apple-converted-space\"> <\/span><\/p>\n<p><b>Von Dritten platzierte Tracking-Cookies entfernen<\/b><\/p>\n<p>Im Folgenden finden Sie einen \u00dcberblick \u00fcber die g\u00e4ngigsten Browser und wie Sie von Dritten platzierte Tracking-Cookies entfernen k\u00f6nnen. Wir empfehlen dies nicht, um die bestm\u00f6gliche Benutzererfahrung zu gew\u00e4hrleisten, aber Sie werden nicht gehindert, wenn Sie sich daf\u00fcr entscheiden, das von einer dritten Partei platzierte Tracking-Cookie zu entfernen.<span class=\"Apple-converted-space\"> <\/span><\/p>\n<p>Microsoft Edge: Klicken Sie oben rechts auf das Men\u00fcsymbol. Anschlie\u00dfend klicken Sie auf \u201eEinstellungen\u201c und dann unter \u201eBrowserdaten\u201c auf \u201eW\u00e4hlen Sie, was gel\u00f6scht werden soll\u201c. Dort k\u00f6nnen Sie die gew\u00fcnschten Optionen markieren und auf L\u00f6schen klicken.<\/p>\n<p>Chrome: Klicken Sie oben rechts auf das Men\u00fcsymbol. Anschlie\u00dfend klicken Sie auf \u201eEinstellungen\u201c und dann auf \u201eErweitert\u201c. Im weiteren Verlauf klicken Sie auf \u201eDatenschutz und Sicherheit\u201c und danach auf<span class=\"Apple-converted-space\"> <\/span>\u201eBrowserdaten l\u00f6schen&#8220;.<span class=\"Apple-converted-space\"> <\/span>Firefox: Klicken Sie auf das Men\u00fcsymbol oben rechts. Gehen Sie zu \u201eEinstellungen\u201c<span class=\"Apple-converted-space\"> <\/span>und klicken Sie auf \u201eDatenschutz &#038; Sicherheit\u201c. W\u00e4hlen Sie \u201eK\u00fcrzlichen Verlauf l\u00f6schen\u201c. Unter \u201eDetails\u201c k\u00f6nnen Sie genau angeben, was Sie l\u00f6schen m\u00f6chten.<span class=\"Apple-converted-space\"> <\/span>Safari: Klicken Sie oben links in der Men\u00fcleiste auf \u201eSafari\u201c und w\u00e4hlen Sie \u201eEinstellungen\u201c. W\u00e4hlen Sie am oberen Rand des Fensters die Registerkarte \u201eDatenschutz\u201c. Klicken Sie dann auf \u201eWebsite-Daten verwalten\u201c und w\u00e4hlen Sie \u201eAlles l\u00f6schen\u201c.<\/p>\n<p><b>M\u00f6chten Sie weitere Informationen \u00fcber Cookies erhalten?<\/b><\/p>\n<p>Weitere Informationen \u00fcber Cookies finden Sie auf den folgenden Websites:<\/p>\n<p><a href=\"http:\/\/www.consumentenbond.nl\/internet-privacy\/wat-zijn-cookies\">www.consumentenbond.nl\/internet-privacy\/wat-zijn-cookies<\/a><\/p>\n<p><a href=\"http:\/\/www.consumentenbond.nl\/internet-privacy\/cookies-verwijderen\">www.consumentenbond.nl\/internet-privacy\/cookies-verwijderen<\/a><\/p>\n<p><a href=\"https:\/\/autoriteitpersoonsgegevens.nl\/nl\/onderwerpen\/internet-telefoon-tv-en-post\/cookies\">https:\/\/autoriteitpersoonsgegevens.nl\/nl\/onderwerpen\/internet-telefoon-tv-en-post\/cookies<\/a><\/p>\n<p>https:\/\/www.acm.nl\/nl\/onderwerpen\/telecommunicatie\/internet\/cookies<\/p>\n<p><b>Verwendung von permanenten Cookies<\/b><\/p>\n<p>Mithilfe eines permanenten Cookies k\u00f6nnen wir Sie (Ihren Browser) erkennen, wenn Sie unsere Website erneut besuchen. Die Website kann daher nach Ihren Pr\u00e4ferenzen eingerichtet werden. Auch wenn Sie der Platzierung von Cookies zugestimmt haben, k\u00f6nnen wir uns dies mithilfe eines Cookies merken. Das bedeutet, dass Sie Ihre Pr\u00e4ferenzen nicht immer wieder neu eingeben m\u00fcssen. Auf diese Weise versuchen wir, die Nutzung unserer Website f\u00fcr Sie so angenehm wie m\u00f6glich zu gestalten. Sie k\u00f6nnen diese permanenten Cookies \u00fcber Ihre Browsereinstellungen l\u00f6schen.<span class=\"Apple-converted-space\"> <\/span><\/p>\n<p>Die erhobenen Daten sind anonym und werden zu statistischen Zwecken verwendet. Dazu geh\u00f6ren Domains, Datum und Uhrzeit von Anrufen oder Anfragen, verweisende Internetseiten und andere Parameter in den URLs. Wir k\u00f6nnen diese Daten nicht zu einem PC oder einer Person zur\u00fcckverfolgen. Diese Cookies speichern keine Informationen \u00fcber personenbezogene Daten.<\/p>\n<p><b>Verwendung von funktionalen Cookies<\/b><\/p>\n<p>Mithilfe eines Session-Cookies k\u00f6nnen wir sehen, welche Teile unserer Website Sie besucht haben. Dadurch k\u00f6nnen wir unser Angebot an das Surfverhalten unserer Besucher anpassen. Der Zweck dieses Cookies besteht darin, dass die Website ordnungsgem\u00e4\u00df funktioniert. Diese Cookies enthalten bei jedem Besuch der Website eine andere tempor\u00e4re Nummer.<span class=\"Apple-converted-space\"> <\/span><\/p>\n<p>Wir verwenden auch ein Cookie, um zu pr\u00fcfen, ob Ihr (mobiles) Ger\u00e4t JavaScript unterst\u00fctzt. JavaScript ist eine der Funktionen, mit denen Sie Dropdown-Men\u00fcs auf der Website anzeigen k\u00f6nnen. Wenn Ihr Ger\u00e4t kein JavaScript unterst\u00fctzt, wird die Website nicht korrekt angezeigt.<span class=\"Apple-converted-space\"> <\/span><\/p>\n<p>Dieses Cookie wird automatisch gel\u00f6scht, sobald Sie Ihren Webbrowser schlie\u00dfen.<\/p>\n<p><b>Analytische Cookies.<span class=\"Apple-converted-space\"> <\/span><\/b><\/p>\n<p>Cookies f\u00fcr <i>statistische Zwecke<\/i> bilden ab, welche Seiten unserer Websites Sie besuchen, und erm\u00f6glichen es uns, festzustellen, wo Sie unsere Website von einem mobilen Ger\u00e4t aus besuchen. Diese Cookies werden von uns \u00fcber Google und Hotjar platziert.<\/p>\n<p>Cookies f\u00fcr <i>soziale Zwecke<\/i> erm\u00f6glichen es dem Nutzer, Inhalte der Website \u00fcber soziale Medien direkt mit Dritten zu teilen. Die Websites der sozialen Medien platzieren diese Cookies selbst. Dies geschieht in dem Moment, in dem Sie eine Social-Media-Schaltfl\u00e4che auf unserer Website anklicken. Die Social-Media-Website erkennt dann Ihre IP-Adresse, wenn Sie eine Seite von unseren Websites teilen m\u00f6chten.<\/p>\n<p>Cookies f\u00fcr <i>Targeting-Zwecke<\/i> erstellen ein Profil Ihres Surfverhaltens. Auf diese Weise k\u00f6nnen wir die Werbung auf Ihre Interessen abstimmen. Unsere Website enth\u00e4lt Werbe-Cookies, und wir platzieren diese auch auf Websites von Drittanbietern. Durch die Kombination dieser Informationen (Online-Surfen, Such- und Kaufverhalten) aus allen Werbe-Cookies, halten wir unsere Angebote f\u00fcr Sie relevant.<span class=\"Apple-converted-space\"> <\/span><\/p>\n<p>Eines der Programme, die wir daf\u00fcr verwenden, ist Google Tag Manager (GTM). GTM liefert uns detailliertere Informationen dar\u00fcber, wie Besucher auf der Website navigieren. Mit diesen Informationen beabsichtigen wir, unsere Website besser auf das Verhalten unserer Besucher abzustimmen.<\/p>\n<p>Cookies f\u00fcr <i>kommerzielle Zwecke<\/i> geben uns Aufschluss dar\u00fcber, welche Werbung einem Benutzer der Website in welcher H\u00e4ufigkeit gezeigt wird.<span class=\"Apple-converted-space\"> <\/span><\/p>\n<p><b>\u00dcbersicht \u00fcber analytische Cookies<\/b><\/p>\n<p>Nachfolgend finden Sie eine \u00dcbersicht \u00fcber die von uns und Dritten gesetzten analytischen Cookies sowie die Funktion der jeweiligen Cookies.<\/p>\n<table cellpacing=\"0\" cellpadding=\"0\">\n<tbody>\n<tr>\n<td valign=\"top\">Cookie (Sammel-)Name<\/td>\n<td valign=\"top\">Cookie-Art<\/td>\n<td valign=\"top\">Wer platziert das Cookie?<\/td>\n<td valign=\"top\">Funktion<\/td>\n<td valign=\"top\">Speicherzeitraum<\/td>\n<\/tr>\n<tr>\n<td valign=\"top\">_Utma<\/td>\n<td valign=\"top\">Analytisch<\/td>\n<td valign=\"top\">Google<\/td>\n<td valign=\"top\">Erfasst den Website-Besuch des Benutzers<\/td>\n<td valign=\"top\">24 Monate<\/td>\n<\/tr>\n<tr>\n<td valign=\"top\"><\/td>\n<td valign=\"top\"><\/td>\n<td valign=\"top\">Leadinfo<\/td>\n<td valign=\"top\"><\/td>\n<td valign=\"top\"><\/td>\n<\/tr>\n<\/tbody>\n<\/table>\n<p><b>Tracking-Cookies von uns selbst<\/b><\/p>\n<p>Wir verwenden Tracking-Cookies, um ein Profil von jeder beteiligten Person zu erstellen. Wir platzieren ein solches Cookie nur dann auf Ihrem (mobilen) Ger\u00e4t, wenn Sie uns die Erlaubnis dazu geben. Wenn Sie unsere Website besuchen, teilt das Cookie die erhobenen Daten mit uns. Die Informationen geben uns Aufschluss dar\u00fcber, welche Websites Sie besuchen. Ihr erstelltes Profil wird nicht mit Ihren personenbezogenen Daten (Name, Adresse, E-Mail-Adresse usw.) verkn\u00fcpft. Diese Informationen werden nur verwendet, um die Werbung so weit wie m\u00f6glich auf Ihr Profil abzustimmen.<span class=\"Apple-converted-space\"> <\/span><\/p>\n<p>Da wir Leadinfo verwenden, werden zwei analytische Cookies gesetzt. Leadinfo wird verwendet, um Einblicke in die Unternehmer zu erhalten, die unsere Website besuchen. Leadinfo gleicht IP-Adressen von Unternehmen ab. Die IP-Adressen werden nicht gespeichert und den Nutzern von Leadinfo werden nur die allgemeinen Gesch\u00e4ftsinformationen der Unternehmen zur Verf\u00fcgung gestellt. Damit wird dem Datenschutz angemessen Rechnung getragen.<\/p>\n<p><b>Tracking-Cookies von Werbetreibenden<\/b><\/p>\n<p>Nur wenn Sie Ihr Einverst\u00e4ndnis geben, werden die von uns beauftragten Inserenten \u201eTracking-Cookies\u201d auf Ihrem (mobilen) Ger\u00e4t platzieren. Unsere Inserenten erstellen damit ein Profil Ihres Online-Verhaltens. Diese Cookies verfolgen die Seiten, die Sie innerhalb des Netzwerks des Inserenten besuchen. Ihr Profil wird demzufolge zum Teil auf der Grundlage Ihrer Besuche auf anderen Websites in deren Netzwerk erstellt. Ihr erstelltes Profil wird nicht mit Ihren personenbezogenen Daten <span class=\"Apple-converted-space\"> <\/span>(Name, Adresse, E-Mail-Adresse usw.) verkn\u00fcpft. Diese Informationen werden nur verwendet, um die Werbung so weit wie m\u00f6glich auf Ihr Profil abzustimmen.<span class=\"Apple-converted-space\"> <\/span><\/p>\n<p><b>Google Analytics<\/b><\/p>\n<p>Dies ist ein (Teil des) amerikanischen Unternehmens Google.<span class=\"Apple-converted-space\"> <\/span><\/p>\n<p>Wir nutzen diesen Dienst, um einen Einblick in das Surfverhalten der Besucher unserer Website zu erhalten. Google kann die erhaltenen Informationen an Dritte weitergeben, wenn Google dazu gesetzlich verpflichtet ist. Google kann diese Informationen auch an Dritte weitergeben, mit denen das Unternehmen zusammenarbeitet. Wie Sie verstehen werden, haben wir keinen Einfluss auf die Ma\u00dfnahmen von Google. Google darf jedoch die von uns erhaltenen Analysedaten f\u00fcr einen anderen Dienst innerhalb seines Unternehmens verwenden.<\/p>\n<p>Wir verwenden Google Analytics. Weitere Informationen zu den Richtlinien von Facebook finden Sie in der <a href=\"http:\/\/www.google.com\/intl\/nl\/policies\/privacy\/\">Datenschutzerkl\u00e4rung von Google<\/a>. Diese kann sich regelm\u00e4\u00dfig \u00e4ndern. Wir haben Google nicht die Erlaubnis erteilt, die erhaltenen Informationen f\u00fcr andere Google-Dienste zu verwenden.<\/p>\n<p><b>Facebook<span class=\"Apple-converted-space\"> <\/span><\/b><\/p>\n<p>Um die Website in den sozialen Medien teilen und\/oder bewerben zu k\u00f6nnen, haben wir auf der Website Schaltfl\u00e4chen f\u00fcr soziale Medien integriert. Die Facebook-Schaltfl\u00e4chen auf unserer Website funktionieren mithilfe von Cookies, die Facebook selbst platziert, wenn Sie diese Schaltfl\u00e4che (Button oder \u201eGef\u00e4llt mir\u201d) verwenden. Auf die Platzierung der Cookies durch Facebook haben wir keinen Einfluss. Wir empfehlen Ihnen, die <a href=\"https:\/\/www.facebook.com\/privacy\/explanation\">Datenschutzerkl\u00e4rung von Facebook<\/a> zu konsultieren, um zu verstehen, wozu Facebook Ihre \u00fcber diese Cookies erhaltenen personenbezogenen Daten verwendet.<i> <\/i> Die Datenschutzerkl\u00e4rung kann sich regelm\u00e4\u00dfig \u00e4ndern. Wir haben Facebook nicht die Erlaubnis erteilt, die erhaltenen Informationen f\u00fcr andere Facebook-Dienste zu verwenden.<\/p>\n","protected":false},"excerpt":{"rendered":"<p>Die Gesellschaft mit beschr\u00e4nkter Haftung Verwarmings Techniek Ede B.V. Version April 2021 Einf\u00fchrung Wir verwenden Cookies auf unserer Website. Dies hilft uns, Ihnen bei Ihrem Besuch der Website eine bessere Benutzererfahrung zu bieten und erm\u00f6glicht uns, unsere Website zu optimieren. Ein Cookie ist eine kleine (technisch einfache) Datei, die zusammen mit den Seiten dieser Website &hellip; <a href=\"https:\/\/vte-smartersolutions.com\/de\/cookie-richtlinie\/\">Fortfahren<\/a><\/p>\n","protected":false},"author":1,"featured_media":0,"parent":0,"menu_order":0,"comment_status":"closed","ping_status":"closed","template":"","meta":{"_acf_changed":false,"footnotes":""},"class_list":["post-10499","page","type-page","status-publish","hentry"],"acf":[],"yoast_head":"<!-- This site is optimized with the Yoast SEO plugin v27.6 - https:\/\/yoast.com\/product\/yoast-seo-wordpress\/ -->\n<title>Cookie-Richtlinie - VTE Smartersolutions<\/title>\n<meta name=\"robots\" content=\"noindex, nofollow\" \/>\n<meta property=\"og:locale\" content=\"de_DE\" \/>\n<meta property=\"og:type\" content=\"article\" \/>\n<meta property=\"og:title\" content=\"Cookie-Richtlinie - VTE Smartersolutions\" \/>\n<meta property=\"og:description\" content=\"Die Gesellschaft mit beschr\u00e4nkter Haftung Verwarmings Techniek Ede B.V. Version April 2021 Einf\u00fchrung Wir verwenden Cookies auf unserer Website. Dies hilft uns, Ihnen bei Ihrem Besuch der Website eine bessere Benutzererfahrung zu bieten und erm\u00f6glicht uns, unsere Website zu optimieren. Ein Cookie ist eine kleine (technisch einfache) Datei, die zusammen mit den Seiten dieser Website &hellip; Fortfahren\" \/>\n<meta property=\"og:url\" content=\"https:\/\/vte-smartersolutions.com\/de\/cookie-richtlinie\/\" \/>\n<meta property=\"og:site_name\" content=\"VTE Smartersolutions\" \/>\n<meta name=\"twitter:card\" content=\"summary_large_image\" \/>\n<meta name=\"twitter:label1\" content=\"Gesch\u00e4tzte Lesezeit\" \/>\n\t<meta name=\"twitter:data1\" content=\"7\u00a0Minuten\" \/>\n<script type=\"application\/ld+json\" class=\"yoast-schema-graph\">{\"@context\":\"https:\\\/\\\/schema.org\",\"@graph\":[{\"@type\":\"WebPage\",\"@id\":\"https:\\\/\\\/vte-smartersolutions.com\\\/de\\\/cookie-richtlinie\\\/\",\"url\":\"https:\\\/\\\/vte-smartersolutions.com\\\/de\\\/cookie-richtlinie\\\/\",\"name\":\"Cookie-Richtlinie - VTE Smartersolutions\",\"isPartOf\":{\"@id\":\"https:\\\/\\\/vte-smartersolutions.com\\\/de\\\/#website\"},\"datePublished\":\"2021-08-26T09:48:20+00:00\",\"breadcrumb\":{\"@id\":\"https:\\\/\\\/vte-smartersolutions.com\\\/de\\\/cookie-richtlinie\\\/#breadcrumb\"},\"inLanguage\":\"de\",\"potentialAction\":[{\"@type\":\"ReadAction\",\"target\":[\"https:\\\/\\\/vte-smartersolutions.com\\\/de\\\/cookie-richtlinie\\\/\"]}]},{\"@type\":\"BreadcrumbList\",\"@id\":\"https:\\\/\\\/vte-smartersolutions.com\\\/de\\\/cookie-richtlinie\\\/#breadcrumb\",\"itemListElement\":[{\"@type\":\"ListItem\",\"position\":1,\"name\":\"Home\",\"item\":\"https:\\\/\\\/vte-smartersolutions.com\\\/de\\\/\"},{\"@type\":\"ListItem\",\"position\":2,\"name\":\"Cookie-Richtlinie\"}]},{\"@type\":\"WebSite\",\"@id\":\"https:\\\/\\\/vte-smartersolutions.com\\\/de\\\/#website\",\"url\":\"https:\\\/\\\/vte-smartersolutions.com\\\/de\\\/\",\"name\":\"VTE Smartersolutions\",\"description\":\"En nog een WordPress site\",\"potentialAction\":[{\"@type\":\"SearchAction\",\"target\":{\"@type\":\"EntryPoint\",\"urlTemplate\":\"https:\\\/\\\/vte-smartersolutions.com\\\/de\\\/?s={search_term_string}\"},\"query-input\":{\"@type\":\"PropertyValueSpecification\",\"valueRequired\":true,\"valueName\":\"search_term_string\"}}],\"inLanguage\":\"de\"}]}<\/script>\n<!-- \/ Yoast SEO plugin. -->","yoast_head_json":{"title":"Cookie-Richtlinie - VTE Smartersolutions","robots":{"index":"noindex","follow":"nofollow"},"og_locale":"de_DE","og_type":"article","og_title":"Cookie-Richtlinie - VTE Smartersolutions","og_description":"Die Gesellschaft mit beschr\u00e4nkter Haftung Verwarmings Techniek Ede B.V. Version April 2021 Einf\u00fchrung Wir verwenden Cookies auf unserer Website. Dies hilft uns, Ihnen bei Ihrem Besuch der Website eine bessere Benutzererfahrung zu bieten und erm\u00f6glicht uns, unsere Website zu optimieren. Ein Cookie ist eine kleine (technisch einfache) Datei, die zusammen mit den Seiten dieser Website &hellip; Fortfahren","og_url":"https:\/\/vte-smartersolutions.com\/de\/cookie-richtlinie\/","og_site_name":"VTE Smartersolutions","twitter_card":"summary_large_image","twitter_misc":{"Gesch\u00e4tzte Lesezeit":"7\u00a0Minuten"},"schema":{"@context":"https:\/\/schema.org","@graph":[{"@type":"WebPage","@id":"https:\/\/vte-smartersolutions.com\/de\/cookie-richtlinie\/","url":"https:\/\/vte-smartersolutions.com\/de\/cookie-richtlinie\/","name":"Cookie-Richtlinie - VTE Smartersolutions","isPartOf":{"@id":"https:\/\/vte-smartersolutions.com\/de\/#website"},"datePublished":"2021-08-26T09:48:20+00:00","breadcrumb":{"@id":"https:\/\/vte-smartersolutions.com\/de\/cookie-richtlinie\/#breadcrumb"},"inLanguage":"de","potentialAction":[{"@type":"ReadAction","target":["https:\/\/vte-smartersolutions.com\/de\/cookie-richtlinie\/"]}]},{"@type":"BreadcrumbList","@id":"https:\/\/vte-smartersolutions.com\/de\/cookie-richtlinie\/#breadcrumb","itemListElement":[{"@type":"ListItem","position":1,"name":"Home","item":"https:\/\/vte-smartersolutions.com\/de\/"},{"@type":"ListItem","position":2,"name":"Cookie-Richtlinie"}]},{"@type":"WebSite","@id":"https:\/\/vte-smartersolutions.com\/de\/#website","url":"https:\/\/vte-smartersolutions.com\/de\/","name":"VTE Smartersolutions","description":"En nog een WordPress site","potentialAction":[{"@type":"SearchAction","target":{"@type":"EntryPoint","urlTemplate":"https:\/\/vte-smartersolutions.com\/de\/?s={search_term_string}"},"query-input":{"@type":"PropertyValueSpecification","valueRequired":true,"valueName":"search_term_string"}}],"inLanguage":"de"}]}},"_links":{"self":[{"href":"https:\/\/vte-smartersolutions.com\/de\/wp-json\/wp\/v2\/pages\/10499","targetHints":{"allow":["GET"]}}],"collection":[{"href":"https:\/\/vte-smartersolutions.com\/de\/wp-json\/wp\/v2\/pages"}],"about":[{"href":"https:\/\/vte-smartersolutions.com\/de\/wp-json\/wp\/v2\/types\/page"}],"author":[{"embeddable":true,"href":"https:\/\/vte-smartersolutions.com\/de\/wp-json\/wp\/v2\/users\/1"}],"replies":[{"embeddable":true,"href":"https:\/\/vte-smartersolutions.com\/de\/wp-json\/wp\/v2\/comments?post=10499"}],"version-history":[{"count":0,"href":"https:\/\/vte-smartersolutions.com\/de\/wp-json\/wp\/v2\/pages\/10499\/revisions"}],"wp:attachment":[{"href":"https:\/\/vte-smartersolutions.com\/de\/wp-json\/wp\/v2\/media?parent=10499"}],"curies":[{"name":"wp","href":"https:\/\/api.w.org\/{rel}","templated":true}]}}