{"id":12463,"date":"2022-12-17T14:36:35","date_gmt":"2022-12-17T14:36:35","guid":{"rendered":"https:\/\/vte-smartersolutions.com\/service\/"},"modified":"2022-12-17T14:41:38","modified_gmt":"2022-12-17T14:41:38","slug":"service","status":"publish","type":"page","link":"https:\/\/vte-smartersolutions.com\/de\/service\/","title":{"rendered":"Service"},"content":{"rendered":"<h3>Service-Anfrage?<\/h3>\n<p>Unsere Seite <a href=\"https:\/\/vte-smartersolutions.com\/de\/haufig-gestellte-fragen\/\">H\u00e4ufig gestellte Fragen<\/a> enth\u00e4lt Antworten auf die h\u00e4ufigsten Servicefragen.<\/p>\n<p>Um Ihre St\u00f6rung unserem Servicetechniker zu melden, f\u00fcllen Sie bitte das Formular rechts aus. Sie erhalten innerhalb von 48 Stunden eine Antwort.<\/p>\n","protected":false},"excerpt":{"rendered":"<p>Service-Anfrage? Unsere Seite H\u00e4ufig gestellte Fragen enth\u00e4lt Antworten auf die h\u00e4ufigsten Servicefragen. Um Ihre St\u00f6rung unserem Servicetechniker zu melden, f\u00fcllen Sie bitte das Formular rechts aus. Sie erhalten innerhalb von 48 Stunden eine Antwort.<\/p>\n","protected":false},"author":30,"featured_media":0,"parent":0,"menu_order":0,"comment_status":"closed","ping_status":"closed","template":"views\/template-service.blade.php","meta":{"_acf_changed":false,"footnotes":""},"class_list":["post-12463","page","type-page","status-publish","hentry"],"acf":[],"yoast_head":"<!-- This site is optimized with the Yoast SEO plugin v27.6 - https:\/\/yoast.com\/product\/yoast-seo-wordpress\/ -->\n<title>Service - VTE Smartersolutions<\/title>\n<meta name=\"robots\" content=\"index, follow, max-snippet:-1, max-image-preview:large, max-video-preview:-1\" \/>\n<link rel=\"canonical\" href=\"https:\/\/vte-smartersolutions.com\/de\/service\/\" \/>\n<meta property=\"og:locale\" content=\"de_DE\" \/>\n<meta property=\"og:type\" content=\"article\" \/>\n<meta property=\"og:title\" content=\"Service - VTE Smartersolutions\" \/>\n<meta property=\"og:description\" content=\"Service-Anfrage? Unsere Seite H\u00e4ufig gestellte Fragen enth\u00e4lt Antworten auf die h\u00e4ufigsten Servicefragen. Um Ihre St\u00f6rung unserem Servicetechniker zu melden, f\u00fcllen Sie bitte das Formular rechts aus. Sie erhalten innerhalb von 48 Stunden eine Antwort.\" \/>\n<meta property=\"og:url\" content=\"https:\/\/vte-smartersolutions.com\/de\/service\/\" \/>\n<meta property=\"og:site_name\" content=\"VTE Smartersolutions\" \/>\n<meta property=\"article:modified_time\" content=\"2022-12-17T14:41:38+00:00\" \/>\n<meta name=\"twitter:card\" content=\"summary_large_image\" \/>\n<meta name=\"twitter:label1\" content=\"Gesch\u00e4tzte Lesezeit\" \/>\n\t<meta name=\"twitter:data1\" content=\"1\u00a0Minute\" \/>\n<script type=\"application\/ld+json\" class=\"yoast-schema-graph\">{\"@context\":\"https:\\\/\\\/schema.org\",\"@graph\":[{\"@type\":\"WebPage\",\"@id\":\"https:\\\/\\\/vte-smartersolutions.com\\\/de\\\/service\\\/\",\"url\":\"https:\\\/\\\/vte-smartersolutions.com\\\/de\\\/service\\\/\",\"name\":\"Service - VTE Smartersolutions\",\"isPartOf\":{\"@id\":\"https:\\\/\\\/vte-smartersolutions.com\\\/de\\\/#website\"},\"datePublished\":\"2022-12-17T14:36:35+00:00\",\"dateModified\":\"2022-12-17T14:41:38+00:00\",\"breadcrumb\":{\"@id\":\"https:\\\/\\\/vte-smartersolutions.com\\\/de\\\/service\\\/#breadcrumb\"},\"inLanguage\":\"de\",\"potentialAction\":[{\"@type\":\"ReadAction\",\"target\":[\"https:\\\/\\\/vte-smartersolutions.com\\\/de\\\/service\\\/\"]}]},{\"@type\":\"BreadcrumbList\",\"@id\":\"https:\\\/\\\/vte-smartersolutions.com\\\/de\\\/service\\\/#breadcrumb\",\"itemListElement\":[{\"@type\":\"ListItem\",\"position\":1,\"name\":\"Home\",\"item\":\"https:\\\/\\\/vte-smartersolutions.com\\\/de\\\/\"},{\"@type\":\"ListItem\",\"position\":2,\"name\":\"Service\"}]},{\"@type\":\"WebSite\",\"@id\":\"https:\\\/\\\/vte-smartersolutions.com\\\/de\\\/#website\",\"url\":\"https:\\\/\\\/vte-smartersolutions.com\\\/de\\\/\",\"name\":\"VTE Smartersolutions\",\"description\":\"En nog een WordPress site\",\"potentialAction\":[{\"@type\":\"SearchAction\",\"target\":{\"@type\":\"EntryPoint\",\"urlTemplate\":\"https:\\\/\\\/vte-smartersolutions.com\\\/de\\\/?s={search_term_string}\"},\"query-input\":{\"@type\":\"PropertyValueSpecification\",\"valueRequired\":true,\"valueName\":\"search_term_string\"}}],\"inLanguage\":\"de\"}]}<\/script>\n<!-- \/ Yoast SEO plugin. -->","yoast_head_json":{"title":"Service - VTE Smartersolutions","robots":{"index":"index","follow":"follow","max-snippet":"max-snippet:-1","max-image-preview":"max-image-preview:large","max-video-preview":"max-video-preview:-1"},"canonical":"https:\/\/vte-smartersolutions.com\/de\/service\/","og_locale":"de_DE","og_type":"article","og_title":"Service - VTE Smartersolutions","og_description":"Service-Anfrage? Unsere Seite H\u00e4ufig gestellte Fragen enth\u00e4lt Antworten auf die h\u00e4ufigsten Servicefragen. Um Ihre St\u00f6rung unserem Servicetechniker zu melden, f\u00fcllen Sie bitte das Formular rechts aus. Sie erhalten innerhalb von 48 Stunden eine Antwort.","og_url":"https:\/\/vte-smartersolutions.com\/de\/service\/","og_site_name":"VTE Smartersolutions","article_modified_time":"2022-12-17T14:41:38+00:00","twitter_card":"summary_large_image","twitter_misc":{"Gesch\u00e4tzte Lesezeit":"1\u00a0Minute"},"schema":{"@context":"https:\/\/schema.org","@graph":[{"@type":"WebPage","@id":"https:\/\/vte-smartersolutions.com\/de\/service\/","url":"https:\/\/vte-smartersolutions.com\/de\/service\/","name":"Service - VTE Smartersolutions","isPartOf":{"@id":"https:\/\/vte-smartersolutions.com\/de\/#website"},"datePublished":"2022-12-17T14:36:35+00:00","dateModified":"2022-12-17T14:41:38+00:00","breadcrumb":{"@id":"https:\/\/vte-smartersolutions.com\/de\/service\/#breadcrumb"},"inLanguage":"de","potentialAction":[{"@type":"ReadAction","target":["https:\/\/vte-smartersolutions.com\/de\/service\/"]}]},{"@type":"BreadcrumbList","@id":"https:\/\/vte-smartersolutions.com\/de\/service\/#breadcrumb","itemListElement":[{"@type":"ListItem","position":1,"name":"Home","item":"https:\/\/vte-smartersolutions.com\/de\/"},{"@type":"ListItem","position":2,"name":"Service"}]},{"@type":"WebSite","@id":"https:\/\/vte-smartersolutions.com\/de\/#website","url":"https:\/\/vte-smartersolutions.com\/de\/","name":"VTE Smartersolutions","description":"En nog een WordPress site","potentialAction":[{"@type":"SearchAction","target":{"@type":"EntryPoint","urlTemplate":"https:\/\/vte-smartersolutions.com\/de\/?s={search_term_string}"},"query-input":{"@type":"PropertyValueSpecification","valueRequired":true,"valueName":"search_term_string"}}],"inLanguage":"de"}]}},"_links":{"self":[{"href":"https:\/\/vte-smartersolutions.com\/de\/wp-json\/wp\/v2\/pages\/12463","targetHints":{"allow":["GET"]}}],"collection":[{"href":"https:\/\/vte-smartersolutions.com\/de\/wp-json\/wp\/v2\/pages"}],"about":[{"href":"https:\/\/vte-smartersolutions.com\/de\/wp-json\/wp\/v2\/types\/page"}],"author":[{"embeddable":true,"href":"https:\/\/vte-smartersolutions.com\/de\/wp-json\/wp\/v2\/users\/30"}],"replies":[{"embeddable":true,"href":"https:\/\/vte-smartersolutions.com\/de\/wp-json\/wp\/v2\/comments?post=12463"}],"version-history":[{"count":1,"href":"https:\/\/vte-smartersolutions.com\/de\/wp-json\/wp\/v2\/pages\/12463\/revisions"}],"predecessor-version":[{"id":12468,"href":"https:\/\/vte-smartersolutions.com\/de\/wp-json\/wp\/v2\/pages\/12463\/revisions\/12468"}],"wp:attachment":[{"href":"https:\/\/vte-smartersolutions.com\/de\/wp-json\/wp\/v2\/media?parent=12463"}],"curies":[{"name":"wp","href":"https:\/\/api.w.org\/{rel}","templated":true}]}}