{"id":12672,"date":"2023-03-11T15:44:01","date_gmt":"2023-03-11T15:44:01","guid":{"rendered":"https:\/\/vte-smartersolutions.com\/nen-en-iso-90012015\/"},"modified":"2023-03-11T15:44:01","modified_gmt":"2023-03-11T15:44:01","slug":"nen-en-iso-90012015","status":"publish","type":"page","link":"https:\/\/vte-smartersolutions.com\/de\/nen-en-iso-90012015\/","title":{"rendered":"NEN-EN-ISO 9001:2015"},"content":{"rendered":"<p>Die Politik unserer Organisation zielt unter anderem darauf ab, eine kontinuierliche Verbesserung zu erreichen und die Anforderungen von Gesetzen und Vorschriften zu erf\u00fcllen. Dabei hilft uns die Einhaltung der in der Norm ISO 9001:2015 beschriebenen Bedingungen mit dem Ziel, das Qualit\u00e4tsmanagementsystem zu gew\u00e4hrleisten und kontinuierlich zu verbessern.<\/p>\n<p>Die ISO 9001 ist in fast allen Branchen ein Begriff: ein international anerkannter Standard im Bereich Qualit\u00e4tsmanagement. Darin werden Leitlinien vorgegeben, denen ein gutes Qualit\u00e4tsmanagementsystem gen\u00fcgen muss. Die ISO 9001:2015 legt Anforderungen an das Qualit\u00e4tsmanagementsystem einer Organisation fest. Entwickelt, um Unternehmen bei der Erstellung von Prozessen zu unterst\u00fctzen, die den h\u00f6chsten Qualit\u00e4ts- und Verantwortungsstandards entsprechen.<br \/>\nDar\u00fcber hinaus zielt es darauf ab, die Kundenzufriedenheit zu steigern, einschlie\u00dflich der kontinuierlichen Verbesserung von Prozessen, die den Kundenanforderungen und den Anforderungen der geltenden Gesetze und Vorschriften entsprechen.<\/p>\n<p>VTE Smartersolutions steht f\u00fcr Qualit\u00e4t. Um die Qualit\u00e4t zu gew\u00e4hrleisten und uns kontinuierlich zu verbessern, hat VTE eine Grundsatzerkl\u00e4rung erstellt (anzufordern unter: henrieke@vte-smartersolutions.com) und wir sind nach ISO 9001 zertifiziert. Unsere Qualit\u00e4t wird j\u00e4hrlich durch interne und externe Audits \u00fcberpr\u00fcft.<\/p>\n<p>Laden Sie unser <a href=\"https:\/\/vte-smartersolutions.com\/wp-content\/uploads\/2023\/09\/ISO-9001-certificaat-VTE-Smartersolutions-kopie.pdf\">ISO 9001 Zertifikat herunder.<\/a><\/p>\n<p>&nbsp;<\/p>\n","protected":false},"excerpt":{"rendered":"<p>Die Politik unserer Organisation zielt unter anderem darauf ab, eine kontinuierliche Verbesserung zu erreichen und die Anforderungen von Gesetzen und Vorschriften zu erf\u00fcllen. Dabei hilft uns die Einhaltung der in der Norm ISO 9001:2015 beschriebenen Bedingungen mit dem Ziel, das Qualit\u00e4tsmanagementsystem zu gew\u00e4hrleisten und kontinuierlich zu verbessern. Die ISO 9001 ist in fast allen Branchen &hellip; <a href=\"https:\/\/vte-smartersolutions.com\/de\/nen-en-iso-90012015\/\">Fortfahren<\/a><\/p>\n","protected":false},"author":30,"featured_media":0,"parent":0,"menu_order":0,"comment_status":"closed","ping_status":"closed","template":"","meta":{"_acf_changed":false,"footnotes":""},"class_list":["post-12672","page","type-page","status-publish","hentry"],"acf":[],"yoast_head":"<!-- This site is optimized with the Yoast SEO plugin v27.6 - https:\/\/yoast.com\/product\/yoast-seo-wordpress\/ -->\n<title>NEN-EN-ISO 9001:2015 - VTE Smartersolutions<\/title>\n<meta name=\"robots\" content=\"index, follow, max-snippet:-1, max-image-preview:large, max-video-preview:-1\" \/>\n<link rel=\"canonical\" href=\"https:\/\/vte-smartersolutions.com\/de\/nen-en-iso-90012015\/\" \/>\n<meta property=\"og:locale\" content=\"de_DE\" \/>\n<meta property=\"og:type\" content=\"article\" \/>\n<meta property=\"og:title\" content=\"NEN-EN-ISO 9001:2015 - VTE Smartersolutions\" \/>\n<meta property=\"og:description\" content=\"Die Politik unserer Organisation zielt unter anderem darauf ab, eine kontinuierliche Verbesserung zu erreichen und die Anforderungen von Gesetzen und Vorschriften zu erf\u00fcllen. Dabei hilft uns die Einhaltung der in der Norm ISO 9001:2015 beschriebenen Bedingungen mit dem Ziel, das Qualit\u00e4tsmanagementsystem zu gew\u00e4hrleisten und kontinuierlich zu verbessern. Die ISO 9001 ist in fast allen Branchen &hellip; Fortfahren\" \/>\n<meta property=\"og:url\" content=\"https:\/\/vte-smartersolutions.com\/de\/nen-en-iso-90012015\/\" \/>\n<meta property=\"og:site_name\" content=\"VTE Smartersolutions\" \/>\n<meta name=\"twitter:card\" content=\"summary_large_image\" \/>\n<meta name=\"twitter:label1\" content=\"Gesch\u00e4tzte Lesezeit\" \/>\n\t<meta name=\"twitter:data1\" content=\"1\u00a0Minute\" \/>\n<script type=\"application\/ld+json\" class=\"yoast-schema-graph\">{\"@context\":\"https:\\\/\\\/schema.org\",\"@graph\":[{\"@type\":\"WebPage\",\"@id\":\"https:\\\/\\\/vte-smartersolutions.com\\\/de\\\/nen-en-iso-90012015\\\/\",\"url\":\"https:\\\/\\\/vte-smartersolutions.com\\\/de\\\/nen-en-iso-90012015\\\/\",\"name\":\"NEN-EN-ISO 9001:2015 - VTE Smartersolutions\",\"isPartOf\":{\"@id\":\"https:\\\/\\\/vte-smartersolutions.com\\\/de\\\/#website\"},\"datePublished\":\"2023-03-11T15:44:01+00:00\",\"breadcrumb\":{\"@id\":\"https:\\\/\\\/vte-smartersolutions.com\\\/de\\\/nen-en-iso-90012015\\\/#breadcrumb\"},\"inLanguage\":\"de\",\"potentialAction\":[{\"@type\":\"ReadAction\",\"target\":[\"https:\\\/\\\/vte-smartersolutions.com\\\/de\\\/nen-en-iso-90012015\\\/\"]}]},{\"@type\":\"BreadcrumbList\",\"@id\":\"https:\\\/\\\/vte-smartersolutions.com\\\/de\\\/nen-en-iso-90012015\\\/#breadcrumb\",\"itemListElement\":[{\"@type\":\"ListItem\",\"position\":1,\"name\":\"Home\",\"item\":\"https:\\\/\\\/vte-smartersolutions.com\\\/de\\\/\"},{\"@type\":\"ListItem\",\"position\":2,\"name\":\"NEN-EN-ISO 9001:2015\"}]},{\"@type\":\"WebSite\",\"@id\":\"https:\\\/\\\/vte-smartersolutions.com\\\/de\\\/#website\",\"url\":\"https:\\\/\\\/vte-smartersolutions.com\\\/de\\\/\",\"name\":\"VTE Smartersolutions\",\"description\":\"En nog een WordPress site\",\"potentialAction\":[{\"@type\":\"SearchAction\",\"target\":{\"@type\":\"EntryPoint\",\"urlTemplate\":\"https:\\\/\\\/vte-smartersolutions.com\\\/de\\\/?s={search_term_string}\"},\"query-input\":{\"@type\":\"PropertyValueSpecification\",\"valueRequired\":true,\"valueName\":\"search_term_string\"}}],\"inLanguage\":\"de\"}]}<\/script>\n<!-- \/ Yoast SEO plugin. -->","yoast_head_json":{"title":"NEN-EN-ISO 9001:2015 - VTE Smartersolutions","robots":{"index":"index","follow":"follow","max-snippet":"max-snippet:-1","max-image-preview":"max-image-preview:large","max-video-preview":"max-video-preview:-1"},"canonical":"https:\/\/vte-smartersolutions.com\/de\/nen-en-iso-90012015\/","og_locale":"de_DE","og_type":"article","og_title":"NEN-EN-ISO 9001:2015 - VTE Smartersolutions","og_description":"Die Politik unserer Organisation zielt unter anderem darauf ab, eine kontinuierliche Verbesserung zu erreichen und die Anforderungen von Gesetzen und Vorschriften zu erf\u00fcllen. Dabei hilft uns die Einhaltung der in der Norm ISO 9001:2015 beschriebenen Bedingungen mit dem Ziel, das Qualit\u00e4tsmanagementsystem zu gew\u00e4hrleisten und kontinuierlich zu verbessern. Die ISO 9001 ist in fast allen Branchen &hellip; Fortfahren","og_url":"https:\/\/vte-smartersolutions.com\/de\/nen-en-iso-90012015\/","og_site_name":"VTE Smartersolutions","twitter_card":"summary_large_image","twitter_misc":{"Gesch\u00e4tzte Lesezeit":"1\u00a0Minute"},"schema":{"@context":"https:\/\/schema.org","@graph":[{"@type":"WebPage","@id":"https:\/\/vte-smartersolutions.com\/de\/nen-en-iso-90012015\/","url":"https:\/\/vte-smartersolutions.com\/de\/nen-en-iso-90012015\/","name":"NEN-EN-ISO 9001:2015 - VTE Smartersolutions","isPartOf":{"@id":"https:\/\/vte-smartersolutions.com\/de\/#website"},"datePublished":"2023-03-11T15:44:01+00:00","breadcrumb":{"@id":"https:\/\/vte-smartersolutions.com\/de\/nen-en-iso-90012015\/#breadcrumb"},"inLanguage":"de","potentialAction":[{"@type":"ReadAction","target":["https:\/\/vte-smartersolutions.com\/de\/nen-en-iso-90012015\/"]}]},{"@type":"BreadcrumbList","@id":"https:\/\/vte-smartersolutions.com\/de\/nen-en-iso-90012015\/#breadcrumb","itemListElement":[{"@type":"ListItem","position":1,"name":"Home","item":"https:\/\/vte-smartersolutions.com\/de\/"},{"@type":"ListItem","position":2,"name":"NEN-EN-ISO 9001:2015"}]},{"@type":"WebSite","@id":"https:\/\/vte-smartersolutions.com\/de\/#website","url":"https:\/\/vte-smartersolutions.com\/de\/","name":"VTE Smartersolutions","description":"En nog een WordPress site","potentialAction":[{"@type":"SearchAction","target":{"@type":"EntryPoint","urlTemplate":"https:\/\/vte-smartersolutions.com\/de\/?s={search_term_string}"},"query-input":{"@type":"PropertyValueSpecification","valueRequired":true,"valueName":"search_term_string"}}],"inLanguage":"de"}]}},"_links":{"self":[{"href":"https:\/\/vte-smartersolutions.com\/de\/wp-json\/wp\/v2\/pages\/12672","targetHints":{"allow":["GET"]}}],"collection":[{"href":"https:\/\/vte-smartersolutions.com\/de\/wp-json\/wp\/v2\/pages"}],"about":[{"href":"https:\/\/vte-smartersolutions.com\/de\/wp-json\/wp\/v2\/types\/page"}],"author":[{"embeddable":true,"href":"https:\/\/vte-smartersolutions.com\/de\/wp-json\/wp\/v2\/users\/30"}],"replies":[{"embeddable":true,"href":"https:\/\/vte-smartersolutions.com\/de\/wp-json\/wp\/v2\/comments?post=12672"}],"version-history":[{"count":0,"href":"https:\/\/vte-smartersolutions.com\/de\/wp-json\/wp\/v2\/pages\/12672\/revisions"}],"wp:attachment":[{"href":"https:\/\/vte-smartersolutions.com\/de\/wp-json\/wp\/v2\/media?parent=12672"}],"curies":[{"name":"wp","href":"https:\/\/api.w.org\/{rel}","templated":true}]}}