{"id":10070,"date":"2021-10-18T13:20:21","date_gmt":"2021-10-18T13:20:21","guid":{"rendered":"https:\/\/vte-smartersolutions.com\/product\/vte-aluminium-reflexfolie\/"},"modified":"2025-12-08T08:38:24","modified_gmt":"2025-12-08T08:38:24","slug":"vte-aluminium-reflexionsfolie","status":"publish","type":"product","link":"https:\/\/vte-smartersolutions.com\/de\/produkt\/vte-aluminium-reflexionsfolie\/","title":{"rendered":"VTE Aluminium-Reflexfolie"},"content":{"rendered":"","protected":false},"excerpt":{"rendered":"<p>VTE Aluminium-Reflexfolie 3mm (Rolle a 50x1mtr) mit Flab<br \/>\nVTE Aluminium-Reflexfolie 6mm (Rolle a 25x1mtr) mit Flab<\/p>\n","protected":false},"featured_media":8589,"comment_status":"open","ping_status":"closed","template":"","meta":{"_acf_changed":false},"product_brand":[],"product_cat":[247,248,249],"product_tag":[],"class_list":{"0":"post-10070","1":"product","2":"type-product","3":"status-publish","4":"has-post-thumbnail","6":"product_cat-stahldrahtgitter","7":"product_cat-dmmmaterialien","8":"product_cat-reflektierender-schaumstoff","10":"first","11":"instock","12":"shipping-taxable","13":"purchasable","14":"product-type-variable","15":"has-default-attributes"},"acf":[],"yoast_head":"<!-- This site is optimized with the Yoast SEO plugin v27.6 - https:\/\/yoast.com\/product\/yoast-seo-wordpress\/ -->\n<title>VTE Aluminium-Reflexfolie - VTE Smartersolutions<\/title>\n<meta name=\"description\" content=\"VTE Aluminium-Reflexfolie in verschiedenen Gr\u00f6\u00dfen und L\u00e4ngen.\" \/>\n<meta name=\"robots\" content=\"index, follow, max-snippet:-1, max-image-preview:large, max-video-preview:-1\" \/>\n<link rel=\"canonical\" href=\"https:\/\/vte-smartersolutions.com\/de\/produkt\/vte-aluminium-reflexionsfolie\/\" \/>\n<meta property=\"og:locale\" content=\"de_DE\" \/>\n<meta property=\"og:type\" content=\"article\" \/>\n<meta property=\"og:title\" content=\"VTE Aluminium-Reflexfolie - VTE Smartersolutions\" \/>\n<meta property=\"og:description\" content=\"VTE Aluminium-Reflexfolie in verschiedenen Gr\u00f6\u00dfen und L\u00e4ngen.\" \/>\n<meta property=\"og:url\" content=\"https:\/\/vte-smartersolutions.com\/de\/produkt\/vte-aluminium-reflexionsfolie\/\" \/>\n<meta property=\"og:site_name\" content=\"VTE Smartersolutions\" \/>\n<meta property=\"article:modified_time\" content=\"2025-12-08T08:38:24+00:00\" \/>\n<meta property=\"og:image\" content=\"https:\/\/vte-smartersolutions.com\/wp-content\/uploads\/2021\/10\/211220-085-kopie.png\" \/>\n\t<meta property=\"og:image:width\" content=\"1359\" \/>\n\t<meta property=\"og:image:height\" content=\"906\" \/>\n\t<meta property=\"og:image:type\" content=\"image\/png\" \/>\n<meta name=\"twitter:card\" content=\"summary_large_image\" \/>\n<script type=\"application\/ld+json\" class=\"yoast-schema-graph\">{\"@context\":\"https:\\\/\\\/schema.org\",\"@graph\":[{\"@type\":\"WebPage\",\"@id\":\"https:\\\/\\\/vte-smartersolutions.com\\\/de\\\/produkt\\\/vte-aluminium-reflexionsfolie\\\/\",\"url\":\"https:\\\/\\\/vte-smartersolutions.com\\\/de\\\/produkt\\\/vte-aluminium-reflexionsfolie\\\/\",\"name\":\"VTE Aluminium-Reflexfolie - VTE Smartersolutions\",\"isPartOf\":{\"@id\":\"https:\\\/\\\/vte-smartersolutions.com\\\/de\\\/#website\"},\"primaryImageOfPage\":{\"@id\":\"https:\\\/\\\/vte-smartersolutions.com\\\/de\\\/produkt\\\/vte-aluminium-reflexionsfolie\\\/#primaryimage\"},\"image\":{\"@id\":\"https:\\\/\\\/vte-smartersolutions.com\\\/de\\\/produkt\\\/vte-aluminium-reflexionsfolie\\\/#primaryimage\"},\"thumbnailUrl\":\"https:\\\/\\\/vte-smartersolutions.com\\\/wp-content\\\/uploads\\\/2021\\\/10\\\/211220-085-kopie.png\",\"datePublished\":\"2021-10-18T13:20:21+00:00\",\"dateModified\":\"2025-12-08T08:38:24+00:00\",\"description\":\"VTE Aluminium-Reflexfolie in verschiedenen Gr\u00f6\u00dfen und L\u00e4ngen.\",\"breadcrumb\":{\"@id\":\"https:\\\/\\\/vte-smartersolutions.com\\\/de\\\/produkt\\\/vte-aluminium-reflexionsfolie\\\/#breadcrumb\"},\"inLanguage\":\"de\",\"potentialAction\":[{\"@type\":\"ReadAction\",\"target\":[\"https:\\\/\\\/vte-smartersolutions.com\\\/de\\\/produkt\\\/vte-aluminium-reflexionsfolie\\\/\"]}]},{\"@type\":\"ImageObject\",\"inLanguage\":\"de\",\"@id\":\"https:\\\/\\\/vte-smartersolutions.com\\\/de\\\/produkt\\\/vte-aluminium-reflexionsfolie\\\/#primaryimage\",\"url\":\"https:\\\/\\\/vte-smartersolutions.com\\\/wp-content\\\/uploads\\\/2021\\\/10\\\/211220-085-kopie.png\",\"contentUrl\":\"https:\\\/\\\/vte-smartersolutions.com\\\/wp-content\\\/uploads\\\/2021\\\/10\\\/211220-085-kopie.png\",\"width\":1359,\"height\":906},{\"@type\":\"BreadcrumbList\",\"@id\":\"https:\\\/\\\/vte-smartersolutions.com\\\/de\\\/produkt\\\/vte-aluminium-reflexionsfolie\\\/#breadcrumb\",\"itemListElement\":[{\"@type\":\"ListItem\",\"position\":1,\"name\":\"Home\",\"item\":\"https:\\\/\\\/vte-smartersolutions.com\\\/de\\\/\"},{\"@type\":\"ListItem\",\"position\":2,\"name\":\"Produkte\",\"item\":\"https:\\\/\\\/vte-smartersolutions.com\\\/de\\\/shop\\\/\"},{\"@type\":\"ListItem\",\"position\":3,\"name\":\"D\u00e4mmmaterialien\",\"item\":\"https:\\\/\\\/vte-smartersolutions.com\\\/de\\\/product-categorie\\\/dmmmaterialien\\\/\"},{\"@type\":\"ListItem\",\"position\":4,\"name\":\"VTE Aluminium-Reflexfolie\"}]},{\"@type\":\"WebSite\",\"@id\":\"https:\\\/\\\/vte-smartersolutions.com\\\/de\\\/#website\",\"url\":\"https:\\\/\\\/vte-smartersolutions.com\\\/de\\\/\",\"name\":\"VTE Smartersolutions\",\"description\":\"En nog een WordPress site\",\"potentialAction\":[{\"@type\":\"SearchAction\",\"target\":{\"@type\":\"EntryPoint\",\"urlTemplate\":\"https:\\\/\\\/vte-smartersolutions.com\\\/de\\\/?s={search_term_string}\"},\"query-input\":{\"@type\":\"PropertyValueSpecification\",\"valueRequired\":true,\"valueName\":\"search_term_string\"}}],\"inLanguage\":\"de\"}]}<\/script>\n<!-- \/ Yoast SEO plugin. -->","yoast_head_json":{"title":"VTE Aluminium-Reflexfolie - VTE Smartersolutions","description":"VTE Aluminium-Reflexfolie in verschiedenen Gr\u00f6\u00dfen und L\u00e4ngen.","robots":{"index":"index","follow":"follow","max-snippet":"max-snippet:-1","max-image-preview":"max-image-preview:large","max-video-preview":"max-video-preview:-1"},"canonical":"https:\/\/vte-smartersolutions.com\/de\/produkt\/vte-aluminium-reflexionsfolie\/","og_locale":"de_DE","og_type":"article","og_title":"VTE Aluminium-Reflexfolie - VTE Smartersolutions","og_description":"VTE Aluminium-Reflexfolie in verschiedenen Gr\u00f6\u00dfen und L\u00e4ngen.","og_url":"https:\/\/vte-smartersolutions.com\/de\/produkt\/vte-aluminium-reflexionsfolie\/","og_site_name":"VTE Smartersolutions","article_modified_time":"2025-12-08T08:38:24+00:00","og_image":[{"width":1359,"height":906,"url":"https:\/\/vte-smartersolutions.com\/wp-content\/uploads\/2021\/10\/211220-085-kopie.png","type":"image\/png"}],"twitter_card":"summary_large_image","schema":{"@context":"https:\/\/schema.org","@graph":[{"@type":"WebPage","@id":"https:\/\/vte-smartersolutions.com\/de\/produkt\/vte-aluminium-reflexionsfolie\/","url":"https:\/\/vte-smartersolutions.com\/de\/produkt\/vte-aluminium-reflexionsfolie\/","name":"VTE Aluminium-Reflexfolie - VTE Smartersolutions","isPartOf":{"@id":"https:\/\/vte-smartersolutions.com\/de\/#website"},"primaryImageOfPage":{"@id":"https:\/\/vte-smartersolutions.com\/de\/produkt\/vte-aluminium-reflexionsfolie\/#primaryimage"},"image":{"@id":"https:\/\/vte-smartersolutions.com\/de\/produkt\/vte-aluminium-reflexionsfolie\/#primaryimage"},"thumbnailUrl":"https:\/\/vte-smartersolutions.com\/wp-content\/uploads\/2021\/10\/211220-085-kopie.png","datePublished":"2021-10-18T13:20:21+00:00","dateModified":"2025-12-08T08:38:24+00:00","description":"VTE Aluminium-Reflexfolie in verschiedenen Gr\u00f6\u00dfen und L\u00e4ngen.","breadcrumb":{"@id":"https:\/\/vte-smartersolutions.com\/de\/produkt\/vte-aluminium-reflexionsfolie\/#breadcrumb"},"inLanguage":"de","potentialAction":[{"@type":"ReadAction","target":["https:\/\/vte-smartersolutions.com\/de\/produkt\/vte-aluminium-reflexionsfolie\/"]}]},{"@type":"ImageObject","inLanguage":"de","@id":"https:\/\/vte-smartersolutions.com\/de\/produkt\/vte-aluminium-reflexionsfolie\/#primaryimage","url":"https:\/\/vte-smartersolutions.com\/wp-content\/uploads\/2021\/10\/211220-085-kopie.png","contentUrl":"https:\/\/vte-smartersolutions.com\/wp-content\/uploads\/2021\/10\/211220-085-kopie.png","width":1359,"height":906},{"@type":"BreadcrumbList","@id":"https:\/\/vte-smartersolutions.com\/de\/produkt\/vte-aluminium-reflexionsfolie\/#breadcrumb","itemListElement":[{"@type":"ListItem","position":1,"name":"Home","item":"https:\/\/vte-smartersolutions.com\/de\/"},{"@type":"ListItem","position":2,"name":"Produkte","item":"https:\/\/vte-smartersolutions.com\/de\/shop\/"},{"@type":"ListItem","position":3,"name":"D\u00e4mmmaterialien","item":"https:\/\/vte-smartersolutions.com\/de\/product-categorie\/dmmmaterialien\/"},{"@type":"ListItem","position":4,"name":"VTE Aluminium-Reflexfolie"}]},{"@type":"WebSite","@id":"https:\/\/vte-smartersolutions.com\/de\/#website","url":"https:\/\/vte-smartersolutions.com\/de\/","name":"VTE Smartersolutions","description":"En nog een WordPress site","potentialAction":[{"@type":"SearchAction","target":{"@type":"EntryPoint","urlTemplate":"https:\/\/vte-smartersolutions.com\/de\/?s={search_term_string}"},"query-input":{"@type":"PropertyValueSpecification","valueRequired":true,"valueName":"search_term_string"}}],"inLanguage":"de"}]}},"_links":{"self":[{"href":"https:\/\/vte-smartersolutions.com\/de\/wp-json\/wp\/v2\/product\/10070","targetHints":{"allow":["GET"]}}],"collection":[{"href":"https:\/\/vte-smartersolutions.com\/de\/wp-json\/wp\/v2\/product"}],"about":[{"href":"https:\/\/vte-smartersolutions.com\/de\/wp-json\/wp\/v2\/types\/product"}],"replies":[{"embeddable":true,"href":"https:\/\/vte-smartersolutions.com\/de\/wp-json\/wp\/v2\/comments?post=10070"}],"wp:featuredmedia":[{"embeddable":true,"href":"https:\/\/vte-smartersolutions.com\/de\/wp-json\/wp\/v2\/media\/8589"}],"wp:attachment":[{"href":"https:\/\/vte-smartersolutions.com\/de\/wp-json\/wp\/v2\/media?parent=10070"}],"wp:term":[{"taxonomy":"product_brand","embeddable":true,"href":"https:\/\/vte-smartersolutions.com\/de\/wp-json\/wp\/v2\/product_brand?post=10070"},{"taxonomy":"product_cat","embeddable":true,"href":"https:\/\/vte-smartersolutions.com\/de\/wp-json\/wp\/v2\/product_cat?post=10070"},{"taxonomy":"product_tag","embeddable":true,"href":"https:\/\/vte-smartersolutions.com\/de\/wp-json\/wp\/v2\/product_tag?post=10070"}],"curies":[{"name":"wp","href":"https:\/\/api.w.org\/{rel}","templated":true}]}}