{"id":10148,"date":"2021-10-14T12:57:22","date_gmt":"2021-10-14T12:57:22","guid":{"rendered":"https:\/\/vte-smartersolutions.com\/product\/vte-randdmmung\/"},"modified":"2021-10-14T12:57:22","modified_gmt":"2021-10-14T12:57:22","slug":"randdaemmung","status":"publish","type":"product","link":"https:\/\/vte-smartersolutions.com\/de\/produkt\/randdaemmung\/","title":{"rendered":"VTE Randd&auml;mmung"},"content":{"rendered":"","protected":false},"excerpt":{"rendered":"<p><span style=\"font-weight: 400;\">Verhindern Sie mit einer Randd\u00e4mmung K\u00e4ltebr\u00fccken und W\u00e4rmeverluste und sorgen Sie daf\u00fcr, dass Kontraktionen und Ausdehnungen der Bodenplatte kompensiert werden. Randd\u00e4mmung ist w\u00e4rmereflektierend, dampfsperrend, bietet eine gute Trittschalld\u00e4mmung und ist unempfindlich gegen Feuchtigkeit und Schimmel.<\/span><\/p>\n","protected":false},"featured_media":8529,"comment_status":"open","ping_status":"closed","template":"","meta":{"_acf_changed":false},"product_brand":[],"product_cat":[248,256],"product_tag":[],"class_list":{"0":"post-10148","1":"product","2":"type-product","3":"status-publish","4":"has-post-thumbnail","6":"product_cat-dmmmaterialien","7":"product_cat-randdaemmung","9":"first","10":"instock","11":"shipping-taxable","12":"purchasable","13":"product-type-variable","14":"has-default-attributes"},"acf":[],"yoast_head":"<!-- This site is optimized with the Yoast SEO plugin v27.6 - https:\/\/yoast.com\/product\/yoast-seo-wordpress\/ -->\n<title>VTE Randd&auml;mmung - VTE Smartersolutions<\/title>\n<meta name=\"description\" content=\"Randd\u00e4mmung verf\u00fcgt \u00fcber ausgezeichnete w\u00e4rmereflektierende und dampfsperrende Eigenschaften, bietet eine gute Trittschalld\u00e4mmung und ist unempfindlich gegen Feuchtigkeit und Schimmel.\" \/>\n<meta name=\"robots\" content=\"index, follow, max-snippet:-1, max-image-preview:large, max-video-preview:-1\" \/>\n<link rel=\"canonical\" href=\"https:\/\/vte-smartersolutions.com\/de\/produkt\/randdaemmung\/\" \/>\n<meta property=\"og:locale\" content=\"de_DE\" \/>\n<meta property=\"og:type\" content=\"article\" \/>\n<meta property=\"og:title\" content=\"VTE Randd&auml;mmung - VTE Smartersolutions\" \/>\n<meta property=\"og:description\" content=\"Randd\u00e4mmung verf\u00fcgt \u00fcber ausgezeichnete w\u00e4rmereflektierende und dampfsperrende Eigenschaften, bietet eine gute Trittschalld\u00e4mmung und ist unempfindlich gegen Feuchtigkeit und Schimmel.\" \/>\n<meta property=\"og:url\" content=\"https:\/\/vte-smartersolutions.com\/de\/produkt\/randdaemmung\/\" \/>\n<meta property=\"og:site_name\" content=\"VTE Smartersolutions\" \/>\n<meta property=\"og:image\" content=\"https:\/\/vte-smartersolutions.com\/wp-content\/uploads\/2021\/10\/211220-067.png\" \/>\n\t<meta property=\"og:image:width\" content=\"1483\" \/>\n\t<meta property=\"og:image:height\" content=\"989\" \/>\n\t<meta property=\"og:image:type\" content=\"image\/png\" \/>\n<meta name=\"twitter:card\" content=\"summary_large_image\" \/>\n<script type=\"application\/ld+json\" class=\"yoast-schema-graph\">{\"@context\":\"https:\\\/\\\/schema.org\",\"@graph\":[{\"@type\":\"WebPage\",\"@id\":\"https:\\\/\\\/vte-smartersolutions.com\\\/de\\\/produkt\\\/randdaemmung\\\/\",\"url\":\"https:\\\/\\\/vte-smartersolutions.com\\\/de\\\/produkt\\\/randdaemmung\\\/\",\"name\":\"VTE Randd&auml;mmung - VTE Smartersolutions\",\"isPartOf\":{\"@id\":\"https:\\\/\\\/vte-smartersolutions.com\\\/de\\\/#website\"},\"primaryImageOfPage\":{\"@id\":\"https:\\\/\\\/vte-smartersolutions.com\\\/de\\\/produkt\\\/randdaemmung\\\/#primaryimage\"},\"image\":{\"@id\":\"https:\\\/\\\/vte-smartersolutions.com\\\/de\\\/produkt\\\/randdaemmung\\\/#primaryimage\"},\"thumbnailUrl\":\"https:\\\/\\\/vte-smartersolutions.com\\\/wp-content\\\/uploads\\\/2021\\\/10\\\/211220-067.png\",\"datePublished\":\"2021-10-14T12:57:22+00:00\",\"description\":\"Randd\u00e4mmung verf\u00fcgt \u00fcber ausgezeichnete w\u00e4rmereflektierende und dampfsperrende Eigenschaften, bietet eine gute Trittschalld\u00e4mmung und ist unempfindlich gegen Feuchtigkeit und Schimmel.\",\"breadcrumb\":{\"@id\":\"https:\\\/\\\/vte-smartersolutions.com\\\/de\\\/produkt\\\/randdaemmung\\\/#breadcrumb\"},\"inLanguage\":\"de\",\"potentialAction\":[{\"@type\":\"ReadAction\",\"target\":[\"https:\\\/\\\/vte-smartersolutions.com\\\/de\\\/produkt\\\/randdaemmung\\\/\"]}]},{\"@type\":\"ImageObject\",\"inLanguage\":\"de\",\"@id\":\"https:\\\/\\\/vte-smartersolutions.com\\\/de\\\/produkt\\\/randdaemmung\\\/#primaryimage\",\"url\":\"https:\\\/\\\/vte-smartersolutions.com\\\/wp-content\\\/uploads\\\/2021\\\/10\\\/211220-067.png\",\"contentUrl\":\"https:\\\/\\\/vte-smartersolutions.com\\\/wp-content\\\/uploads\\\/2021\\\/10\\\/211220-067.png\",\"width\":1483,\"height\":989},{\"@type\":\"BreadcrumbList\",\"@id\":\"https:\\\/\\\/vte-smartersolutions.com\\\/de\\\/produkt\\\/randdaemmung\\\/#breadcrumb\",\"itemListElement\":[{\"@type\":\"ListItem\",\"position\":1,\"name\":\"Home\",\"item\":\"https:\\\/\\\/vte-smartersolutions.com\\\/de\\\/\"},{\"@type\":\"ListItem\",\"position\":2,\"name\":\"Produkte\",\"item\":\"https:\\\/\\\/vte-smartersolutions.com\\\/de\\\/shop\\\/\"},{\"@type\":\"ListItem\",\"position\":3,\"name\":\"D\u00e4mmmaterialien\",\"item\":\"https:\\\/\\\/vte-smartersolutions.com\\\/de\\\/product-categorie\\\/dmmmaterialien\\\/\"},{\"@type\":\"ListItem\",\"position\":4,\"name\":\"randdaemmung\",\"item\":\"https:\\\/\\\/vte-smartersolutions.com\\\/de\\\/product-categorie\\\/dmmmaterialien\\\/randdaemmung\\\/\"},{\"@type\":\"ListItem\",\"position\":5,\"name\":\"VTE Randd&auml;mmung\"}]},{\"@type\":\"WebSite\",\"@id\":\"https:\\\/\\\/vte-smartersolutions.com\\\/de\\\/#website\",\"url\":\"https:\\\/\\\/vte-smartersolutions.com\\\/de\\\/\",\"name\":\"VTE Smartersolutions\",\"description\":\"En nog een WordPress site\",\"potentialAction\":[{\"@type\":\"SearchAction\",\"target\":{\"@type\":\"EntryPoint\",\"urlTemplate\":\"https:\\\/\\\/vte-smartersolutions.com\\\/de\\\/?s={search_term_string}\"},\"query-input\":{\"@type\":\"PropertyValueSpecification\",\"valueRequired\":true,\"valueName\":\"search_term_string\"}}],\"inLanguage\":\"de\"}]}<\/script>\n<!-- \/ Yoast SEO plugin. -->","yoast_head_json":{"title":"VTE Randd&auml;mmung - VTE Smartersolutions","description":"Randd\u00e4mmung verf\u00fcgt \u00fcber ausgezeichnete w\u00e4rmereflektierende und dampfsperrende Eigenschaften, bietet eine gute Trittschalld\u00e4mmung und ist unempfindlich gegen Feuchtigkeit und Schimmel.","robots":{"index":"index","follow":"follow","max-snippet":"max-snippet:-1","max-image-preview":"max-image-preview:large","max-video-preview":"max-video-preview:-1"},"canonical":"https:\/\/vte-smartersolutions.com\/de\/produkt\/randdaemmung\/","og_locale":"de_DE","og_type":"article","og_title":"VTE Randd&auml;mmung - VTE Smartersolutions","og_description":"Randd\u00e4mmung verf\u00fcgt \u00fcber ausgezeichnete w\u00e4rmereflektierende und dampfsperrende Eigenschaften, bietet eine gute Trittschalld\u00e4mmung und ist unempfindlich gegen Feuchtigkeit und Schimmel.","og_url":"https:\/\/vte-smartersolutions.com\/de\/produkt\/randdaemmung\/","og_site_name":"VTE Smartersolutions","og_image":[{"width":1483,"height":989,"url":"https:\/\/vte-smartersolutions.com\/wp-content\/uploads\/2021\/10\/211220-067.png","type":"image\/png"}],"twitter_card":"summary_large_image","schema":{"@context":"https:\/\/schema.org","@graph":[{"@type":"WebPage","@id":"https:\/\/vte-smartersolutions.com\/de\/produkt\/randdaemmung\/","url":"https:\/\/vte-smartersolutions.com\/de\/produkt\/randdaemmung\/","name":"VTE Randd&auml;mmung - VTE Smartersolutions","isPartOf":{"@id":"https:\/\/vte-smartersolutions.com\/de\/#website"},"primaryImageOfPage":{"@id":"https:\/\/vte-smartersolutions.com\/de\/produkt\/randdaemmung\/#primaryimage"},"image":{"@id":"https:\/\/vte-smartersolutions.com\/de\/produkt\/randdaemmung\/#primaryimage"},"thumbnailUrl":"https:\/\/vte-smartersolutions.com\/wp-content\/uploads\/2021\/10\/211220-067.png","datePublished":"2021-10-14T12:57:22+00:00","description":"Randd\u00e4mmung verf\u00fcgt \u00fcber ausgezeichnete w\u00e4rmereflektierende und dampfsperrende Eigenschaften, bietet eine gute Trittschalld\u00e4mmung und ist unempfindlich gegen Feuchtigkeit und Schimmel.","breadcrumb":{"@id":"https:\/\/vte-smartersolutions.com\/de\/produkt\/randdaemmung\/#breadcrumb"},"inLanguage":"de","potentialAction":[{"@type":"ReadAction","target":["https:\/\/vte-smartersolutions.com\/de\/produkt\/randdaemmung\/"]}]},{"@type":"ImageObject","inLanguage":"de","@id":"https:\/\/vte-smartersolutions.com\/de\/produkt\/randdaemmung\/#primaryimage","url":"https:\/\/vte-smartersolutions.com\/wp-content\/uploads\/2021\/10\/211220-067.png","contentUrl":"https:\/\/vte-smartersolutions.com\/wp-content\/uploads\/2021\/10\/211220-067.png","width":1483,"height":989},{"@type":"BreadcrumbList","@id":"https:\/\/vte-smartersolutions.com\/de\/produkt\/randdaemmung\/#breadcrumb","itemListElement":[{"@type":"ListItem","position":1,"name":"Home","item":"https:\/\/vte-smartersolutions.com\/de\/"},{"@type":"ListItem","position":2,"name":"Produkte","item":"https:\/\/vte-smartersolutions.com\/de\/shop\/"},{"@type":"ListItem","position":3,"name":"D\u00e4mmmaterialien","item":"https:\/\/vte-smartersolutions.com\/de\/product-categorie\/dmmmaterialien\/"},{"@type":"ListItem","position":4,"name":"randdaemmung","item":"https:\/\/vte-smartersolutions.com\/de\/product-categorie\/dmmmaterialien\/randdaemmung\/"},{"@type":"ListItem","position":5,"name":"VTE Randd&auml;mmung"}]},{"@type":"WebSite","@id":"https:\/\/vte-smartersolutions.com\/de\/#website","url":"https:\/\/vte-smartersolutions.com\/de\/","name":"VTE Smartersolutions","description":"En nog een WordPress site","potentialAction":[{"@type":"SearchAction","target":{"@type":"EntryPoint","urlTemplate":"https:\/\/vte-smartersolutions.com\/de\/?s={search_term_string}"},"query-input":{"@type":"PropertyValueSpecification","valueRequired":true,"valueName":"search_term_string"}}],"inLanguage":"de"}]}},"_links":{"self":[{"href":"https:\/\/vte-smartersolutions.com\/de\/wp-json\/wp\/v2\/product\/10148","targetHints":{"allow":["GET"]}}],"collection":[{"href":"https:\/\/vte-smartersolutions.com\/de\/wp-json\/wp\/v2\/product"}],"about":[{"href":"https:\/\/vte-smartersolutions.com\/de\/wp-json\/wp\/v2\/types\/product"}],"replies":[{"embeddable":true,"href":"https:\/\/vte-smartersolutions.com\/de\/wp-json\/wp\/v2\/comments?post=10148"}],"wp:featuredmedia":[{"embeddable":true,"href":"https:\/\/vte-smartersolutions.com\/de\/wp-json\/wp\/v2\/media\/8529"}],"wp:attachment":[{"href":"https:\/\/vte-smartersolutions.com\/de\/wp-json\/wp\/v2\/media?parent=10148"}],"wp:term":[{"taxonomy":"product_brand","embeddable":true,"href":"https:\/\/vte-smartersolutions.com\/de\/wp-json\/wp\/v2\/product_brand?post=10148"},{"taxonomy":"product_cat","embeddable":true,"href":"https:\/\/vte-smartersolutions.com\/de\/wp-json\/wp\/v2\/product_cat?post=10148"},{"taxonomy":"product_tag","embeddable":true,"href":"https:\/\/vte-smartersolutions.com\/de\/wp-json\/wp\/v2\/product_tag?post=10148"}],"curies":[{"name":"wp","href":"https:\/\/api.w.org\/{rel}","templated":true}]}}