{"id":10170,"date":"2021-10-14T12:04:52","date_gmt":"2021-10-14T12:04:52","guid":{"rendered":"https:\/\/vte-smartersolutions.com\/product\/vte-tackerplatten\/"},"modified":"2025-12-08T08:37:52","modified_gmt":"2025-12-08T08:37:52","slug":"tackerplatten","status":"publish","type":"product","link":"https:\/\/vte-smartersolutions.com\/de\/produkt\/tackerplatten\/","title":{"rendered":"VTE-Tackerplatten"},"content":{"rendered":"","protected":false},"excerpt":{"rendered":"<p><span style=\"font-weight: 400;\">Tacker-Platten sind Teil des weit verbreiteten Tacker-Systems: ein einfaches und budgetfreundliches System, das bei der traditionellen Fu\u00dfbodenheizung weit verbreitet ist. Sorgen Sie schnell und einfach daf\u00fcr, dass die Rohre der Fu\u00dfbodenheizung an einer D\u00e4mm- oder Tackerplatte befestigt bleiben.<\/span><\/p>\n","protected":false},"featured_media":8849,"comment_status":"open","ping_status":"closed","template":"","meta":{"_acf_changed":false},"product_brand":[],"product_cat":[248,257],"product_tag":[],"class_list":{"0":"post-10170","1":"product","2":"type-product","3":"status-publish","4":"has-post-thumbnail","6":"product_cat-dmmmaterialien","7":"product_cat-tackerplatten-de","9":"first","10":"instock","11":"shipping-taxable","12":"purchasable","13":"product-type-variable","14":"has-default-attributes"},"acf":[],"yoast_head":"<!-- This site is optimized with the Yoast SEO plugin v27.6 - https:\/\/yoast.com\/product\/yoast-seo-wordpress\/ -->\n<title>VTE-Tackerplatten - VTE Smartersolutions<\/title>\n<meta name=\"description\" content=\"Tackerplatten sind Teil des weit verbreiteten Tackersystems. Sehen Sie sich unser komplettes Sortiment an Tackerplatten an.\" \/>\n<meta name=\"robots\" content=\"index, follow, max-snippet:-1, max-image-preview:large, max-video-preview:-1\" \/>\n<link rel=\"canonical\" href=\"https:\/\/vte-smartersolutions.com\/de\/produkt\/tackerplatten\/\" \/>\n<meta property=\"og:locale\" content=\"de_DE\" \/>\n<meta property=\"og:type\" content=\"article\" \/>\n<meta property=\"og:title\" content=\"VTE-Tackerplatten - VTE Smartersolutions\" \/>\n<meta property=\"og:description\" content=\"Tackerplatten sind Teil des weit verbreiteten Tackersystems. Sehen Sie sich unser komplettes Sortiment an Tackerplatten an.\" \/>\n<meta property=\"og:url\" content=\"https:\/\/vte-smartersolutions.com\/de\/produkt\/tackerplatten\/\" \/>\n<meta property=\"og:site_name\" content=\"VTE Smartersolutions\" \/>\n<meta property=\"article:modified_time\" content=\"2025-12-08T08:37:52+00:00\" \/>\n<meta property=\"og:image\" content=\"https:\/\/vte-smartersolutions.com\/wp-content\/uploads\/2021\/10\/tackerplaat-klapset.jpg\" \/>\n\t<meta property=\"og:image:width\" content=\"1500\" \/>\n\t<meta property=\"og:image:height\" content=\"1660\" \/>\n\t<meta property=\"og:image:type\" content=\"image\/jpeg\" \/>\n<meta name=\"twitter:card\" content=\"summary_large_image\" \/>\n<script type=\"application\/ld+json\" class=\"yoast-schema-graph\">{\"@context\":\"https:\\\/\\\/schema.org\",\"@graph\":[{\"@type\":\"WebPage\",\"@id\":\"https:\\\/\\\/vte-smartersolutions.com\\\/de\\\/produkt\\\/tackerplatten\\\/\",\"url\":\"https:\\\/\\\/vte-smartersolutions.com\\\/de\\\/produkt\\\/tackerplatten\\\/\",\"name\":\"VTE-Tackerplatten - VTE Smartersolutions\",\"isPartOf\":{\"@id\":\"https:\\\/\\\/vte-smartersolutions.com\\\/de\\\/#website\"},\"primaryImageOfPage\":{\"@id\":\"https:\\\/\\\/vte-smartersolutions.com\\\/de\\\/produkt\\\/tackerplatten\\\/#primaryimage\"},\"image\":{\"@id\":\"https:\\\/\\\/vte-smartersolutions.com\\\/de\\\/produkt\\\/tackerplatten\\\/#primaryimage\"},\"thumbnailUrl\":\"https:\\\/\\\/vte-smartersolutions.com\\\/wp-content\\\/uploads\\\/2021\\\/10\\\/tackerplaat-klapset.jpg\",\"datePublished\":\"2021-10-14T12:04:52+00:00\",\"dateModified\":\"2025-12-08T08:37:52+00:00\",\"description\":\"Tackerplatten sind Teil des weit verbreiteten Tackersystems. Sehen Sie sich unser komplettes Sortiment an Tackerplatten an.\",\"breadcrumb\":{\"@id\":\"https:\\\/\\\/vte-smartersolutions.com\\\/de\\\/produkt\\\/tackerplatten\\\/#breadcrumb\"},\"inLanguage\":\"de\",\"potentialAction\":[{\"@type\":\"ReadAction\",\"target\":[\"https:\\\/\\\/vte-smartersolutions.com\\\/de\\\/produkt\\\/tackerplatten\\\/\"]}]},{\"@type\":\"ImageObject\",\"inLanguage\":\"de\",\"@id\":\"https:\\\/\\\/vte-smartersolutions.com\\\/de\\\/produkt\\\/tackerplatten\\\/#primaryimage\",\"url\":\"https:\\\/\\\/vte-smartersolutions.com\\\/wp-content\\\/uploads\\\/2021\\\/10\\\/tackerplaat-klapset.jpg\",\"contentUrl\":\"https:\\\/\\\/vte-smartersolutions.com\\\/wp-content\\\/uploads\\\/2021\\\/10\\\/tackerplaat-klapset.jpg\",\"width\":1500,\"height\":1660},{\"@type\":\"BreadcrumbList\",\"@id\":\"https:\\\/\\\/vte-smartersolutions.com\\\/de\\\/produkt\\\/tackerplatten\\\/#breadcrumb\",\"itemListElement\":[{\"@type\":\"ListItem\",\"position\":1,\"name\":\"Home\",\"item\":\"https:\\\/\\\/vte-smartersolutions.com\\\/de\\\/\"},{\"@type\":\"ListItem\",\"position\":2,\"name\":\"Produkte\",\"item\":\"https:\\\/\\\/vte-smartersolutions.com\\\/de\\\/shop\\\/\"},{\"@type\":\"ListItem\",\"position\":3,\"name\":\"Verlegesysteme\",\"item\":\"https:\\\/\\\/vte-smartersolutions.com\\\/de\\\/product-categorie\\\/verlegesysteme\\\/\"},{\"@type\":\"ListItem\",\"position\":4,\"name\":\"Tackerplatten\",\"item\":\"https:\\\/\\\/vte-smartersolutions.com\\\/de\\\/product-categorie\\\/verlegesysteme\\\/tackerplatten-de\\\/\"},{\"@type\":\"ListItem\",\"position\":5,\"name\":\"VTE-Tackerplatten\"}]},{\"@type\":\"WebSite\",\"@id\":\"https:\\\/\\\/vte-smartersolutions.com\\\/de\\\/#website\",\"url\":\"https:\\\/\\\/vte-smartersolutions.com\\\/de\\\/\",\"name\":\"VTE Smartersolutions\",\"description\":\"En nog een WordPress site\",\"potentialAction\":[{\"@type\":\"SearchAction\",\"target\":{\"@type\":\"EntryPoint\",\"urlTemplate\":\"https:\\\/\\\/vte-smartersolutions.com\\\/de\\\/?s={search_term_string}\"},\"query-input\":{\"@type\":\"PropertyValueSpecification\",\"valueRequired\":true,\"valueName\":\"search_term_string\"}}],\"inLanguage\":\"de\"}]}<\/script>\n<!-- \/ Yoast SEO plugin. -->","yoast_head_json":{"title":"VTE-Tackerplatten - VTE Smartersolutions","description":"Tackerplatten sind Teil des weit verbreiteten Tackersystems. Sehen Sie sich unser komplettes Sortiment an Tackerplatten an.","robots":{"index":"index","follow":"follow","max-snippet":"max-snippet:-1","max-image-preview":"max-image-preview:large","max-video-preview":"max-video-preview:-1"},"canonical":"https:\/\/vte-smartersolutions.com\/de\/produkt\/tackerplatten\/","og_locale":"de_DE","og_type":"article","og_title":"VTE-Tackerplatten - VTE Smartersolutions","og_description":"Tackerplatten sind Teil des weit verbreiteten Tackersystems. Sehen Sie sich unser komplettes Sortiment an Tackerplatten an.","og_url":"https:\/\/vte-smartersolutions.com\/de\/produkt\/tackerplatten\/","og_site_name":"VTE Smartersolutions","article_modified_time":"2025-12-08T08:37:52+00:00","og_image":[{"width":1500,"height":1660,"url":"https:\/\/vte-smartersolutions.com\/wp-content\/uploads\/2021\/10\/tackerplaat-klapset.jpg","type":"image\/jpeg"}],"twitter_card":"summary_large_image","schema":{"@context":"https:\/\/schema.org","@graph":[{"@type":"WebPage","@id":"https:\/\/vte-smartersolutions.com\/de\/produkt\/tackerplatten\/","url":"https:\/\/vte-smartersolutions.com\/de\/produkt\/tackerplatten\/","name":"VTE-Tackerplatten - VTE Smartersolutions","isPartOf":{"@id":"https:\/\/vte-smartersolutions.com\/de\/#website"},"primaryImageOfPage":{"@id":"https:\/\/vte-smartersolutions.com\/de\/produkt\/tackerplatten\/#primaryimage"},"image":{"@id":"https:\/\/vte-smartersolutions.com\/de\/produkt\/tackerplatten\/#primaryimage"},"thumbnailUrl":"https:\/\/vte-smartersolutions.com\/wp-content\/uploads\/2021\/10\/tackerplaat-klapset.jpg","datePublished":"2021-10-14T12:04:52+00:00","dateModified":"2025-12-08T08:37:52+00:00","description":"Tackerplatten sind Teil des weit verbreiteten Tackersystems. Sehen Sie sich unser komplettes Sortiment an Tackerplatten an.","breadcrumb":{"@id":"https:\/\/vte-smartersolutions.com\/de\/produkt\/tackerplatten\/#breadcrumb"},"inLanguage":"de","potentialAction":[{"@type":"ReadAction","target":["https:\/\/vte-smartersolutions.com\/de\/produkt\/tackerplatten\/"]}]},{"@type":"ImageObject","inLanguage":"de","@id":"https:\/\/vte-smartersolutions.com\/de\/produkt\/tackerplatten\/#primaryimage","url":"https:\/\/vte-smartersolutions.com\/wp-content\/uploads\/2021\/10\/tackerplaat-klapset.jpg","contentUrl":"https:\/\/vte-smartersolutions.com\/wp-content\/uploads\/2021\/10\/tackerplaat-klapset.jpg","width":1500,"height":1660},{"@type":"BreadcrumbList","@id":"https:\/\/vte-smartersolutions.com\/de\/produkt\/tackerplatten\/#breadcrumb","itemListElement":[{"@type":"ListItem","position":1,"name":"Home","item":"https:\/\/vte-smartersolutions.com\/de\/"},{"@type":"ListItem","position":2,"name":"Produkte","item":"https:\/\/vte-smartersolutions.com\/de\/shop\/"},{"@type":"ListItem","position":3,"name":"Verlegesysteme","item":"https:\/\/vte-smartersolutions.com\/de\/product-categorie\/verlegesysteme\/"},{"@type":"ListItem","position":4,"name":"Tackerplatten","item":"https:\/\/vte-smartersolutions.com\/de\/product-categorie\/verlegesysteme\/tackerplatten-de\/"},{"@type":"ListItem","position":5,"name":"VTE-Tackerplatten"}]},{"@type":"WebSite","@id":"https:\/\/vte-smartersolutions.com\/de\/#website","url":"https:\/\/vte-smartersolutions.com\/de\/","name":"VTE Smartersolutions","description":"En nog een WordPress site","potentialAction":[{"@type":"SearchAction","target":{"@type":"EntryPoint","urlTemplate":"https:\/\/vte-smartersolutions.com\/de\/?s={search_term_string}"},"query-input":{"@type":"PropertyValueSpecification","valueRequired":true,"valueName":"search_term_string"}}],"inLanguage":"de"}]}},"_links":{"self":[{"href":"https:\/\/vte-smartersolutions.com\/de\/wp-json\/wp\/v2\/product\/10170","targetHints":{"allow":["GET"]}}],"collection":[{"href":"https:\/\/vte-smartersolutions.com\/de\/wp-json\/wp\/v2\/product"}],"about":[{"href":"https:\/\/vte-smartersolutions.com\/de\/wp-json\/wp\/v2\/types\/product"}],"replies":[{"embeddable":true,"href":"https:\/\/vte-smartersolutions.com\/de\/wp-json\/wp\/v2\/comments?post=10170"}],"wp:featuredmedia":[{"embeddable":true,"href":"https:\/\/vte-smartersolutions.com\/de\/wp-json\/wp\/v2\/media\/8849"}],"wp:attachment":[{"href":"https:\/\/vte-smartersolutions.com\/de\/wp-json\/wp\/v2\/media?parent=10170"}],"wp:term":[{"taxonomy":"product_brand","embeddable":true,"href":"https:\/\/vte-smartersolutions.com\/de\/wp-json\/wp\/v2\/product_brand?post=10170"},{"taxonomy":"product_cat","embeddable":true,"href":"https:\/\/vte-smartersolutions.com\/de\/wp-json\/wp\/v2\/product_cat?post=10170"},{"taxonomy":"product_tag","embeddable":true,"href":"https:\/\/vte-smartersolutions.com\/de\/wp-json\/wp\/v2\/product_tag?post=10170"}],"curies":[{"name":"wp","href":"https:\/\/api.w.org\/{rel}","templated":true}]}}