{"id":10174,"date":"2021-10-14T11:52:16","date_gmt":"2021-10-14T11:52:16","guid":{"rendered":"https:\/\/vte-smartersolutions.com\/product\/vte-noppenplatte\/"},"modified":"2025-12-08T08:42:54","modified_gmt":"2025-12-08T08:42:54","slug":"noppenplatte","status":"publish","type":"product","link":"https:\/\/vte-smartersolutions.com\/de\/produkt\/noppenplatte\/","title":{"rendered":"VTE-Bolzenplatte"},"content":{"rendered":"","protected":false},"excerpt":{"rendered":"<p><span style=\"font-weight: 400;\">Mit Noppenplatten verlegen Sie ganz einfach Fu\u00dfbodenheizungsrohre f\u00fcr die Fu\u00dfbodenheizung. Sie k\u00f6nnen sich nicht nur auf eine solide Befestigung und F\u00fchrung der Fu\u00dfbodenheizungsrohre verlassen. Die Bretter sorgen au\u00dferdem f\u00fcr angemessene Abst\u00e4nde, Dichte und eine sehr gute Begehbarkeit.  <\/span><span style=\"font-weight: 400;\">VTE Noppenplatten sind in verschiedenen Gr\u00f6\u00dfen mit und ohne Isolierung erh\u00e4ltlich.<\/span><\/p>\n","protected":false},"featured_media":9025,"comment_status":"open","ping_status":"closed","template":"","meta":{"_acf_changed":false},"product_brand":[],"product_cat":[255,248],"product_tag":[],"class_list":{"0":"post-10174","1":"product","2":"type-product","3":"status-publish","4":"has-post-thumbnail","6":"product_cat-noppenplatten","7":"product_cat-dmmmaterialien","9":"first","10":"instock","11":"shipping-taxable","12":"purchasable","13":"product-type-variable"},"acf":[],"yoast_head":"<!-- This site is optimized with the Yoast SEO plugin v27.6 - https:\/\/yoast.com\/product\/yoast-seo-wordpress\/ -->\n<title>VTE-Bolzenplatte - VTE Smartersolutions<\/title>\n<meta name=\"description\" content=\"VTE Noppenplatten sind in verschiedenen Gr\u00f6\u00dfen mit und ohne Isolierung erh\u00e4ltlich.\" \/>\n<meta name=\"robots\" content=\"index, follow, max-snippet:-1, max-image-preview:large, max-video-preview:-1\" \/>\n<link rel=\"canonical\" href=\"https:\/\/vte-smartersolutions.com\/de\/produkt\/noppenplatte\/\" \/>\n<meta property=\"og:locale\" content=\"de_DE\" \/>\n<meta property=\"og:type\" content=\"article\" \/>\n<meta property=\"og:title\" content=\"VTE-Bolzenplatte - VTE Smartersolutions\" \/>\n<meta property=\"og:description\" content=\"VTE Noppenplatten sind in verschiedenen Gr\u00f6\u00dfen mit und ohne Isolierung erh\u00e4ltlich.\" \/>\n<meta property=\"og:url\" content=\"https:\/\/vte-smartersolutions.com\/de\/produkt\/noppenplatte\/\" \/>\n<meta property=\"og:site_name\" content=\"VTE Smartersolutions\" \/>\n<meta property=\"article:modified_time\" content=\"2025-12-08T08:42:54+00:00\" \/>\n<meta property=\"og:image\" content=\"https:\/\/vte-smartersolutions.com\/wp-content\/uploads\/2021\/10\/5501012-website-scaled.jpg\" \/>\n\t<meta property=\"og:image:width\" content=\"2560\" \/>\n\t<meta property=\"og:image:height\" content=\"1746\" \/>\n\t<meta property=\"og:image:type\" content=\"image\/jpeg\" \/>\n<meta name=\"twitter:card\" content=\"summary_large_image\" \/>\n<script type=\"application\/ld+json\" class=\"yoast-schema-graph\">{\"@context\":\"https:\\\/\\\/schema.org\",\"@graph\":[{\"@type\":\"WebPage\",\"@id\":\"https:\\\/\\\/vte-smartersolutions.com\\\/de\\\/produkt\\\/noppenplatte\\\/\",\"url\":\"https:\\\/\\\/vte-smartersolutions.com\\\/de\\\/produkt\\\/noppenplatte\\\/\",\"name\":\"VTE-Bolzenplatte - VTE Smartersolutions\",\"isPartOf\":{\"@id\":\"https:\\\/\\\/vte-smartersolutions.com\\\/de\\\/#website\"},\"primaryImageOfPage\":{\"@id\":\"https:\\\/\\\/vte-smartersolutions.com\\\/de\\\/produkt\\\/noppenplatte\\\/#primaryimage\"},\"image\":{\"@id\":\"https:\\\/\\\/vte-smartersolutions.com\\\/de\\\/produkt\\\/noppenplatte\\\/#primaryimage\"},\"thumbnailUrl\":\"https:\\\/\\\/vte-smartersolutions.com\\\/wp-content\\\/uploads\\\/2021\\\/10\\\/5501012-website-scaled.jpg\",\"datePublished\":\"2021-10-14T11:52:16+00:00\",\"dateModified\":\"2025-12-08T08:42:54+00:00\",\"description\":\"VTE Noppenplatten sind in verschiedenen Gr\u00f6\u00dfen mit und ohne Isolierung erh\u00e4ltlich.\",\"breadcrumb\":{\"@id\":\"https:\\\/\\\/vte-smartersolutions.com\\\/de\\\/produkt\\\/noppenplatte\\\/#breadcrumb\"},\"inLanguage\":\"de\",\"potentialAction\":[{\"@type\":\"ReadAction\",\"target\":[\"https:\\\/\\\/vte-smartersolutions.com\\\/de\\\/produkt\\\/noppenplatte\\\/\"]}]},{\"@type\":\"ImageObject\",\"inLanguage\":\"de\",\"@id\":\"https:\\\/\\\/vte-smartersolutions.com\\\/de\\\/produkt\\\/noppenplatte\\\/#primaryimage\",\"url\":\"https:\\\/\\\/vte-smartersolutions.com\\\/wp-content\\\/uploads\\\/2021\\\/10\\\/5501012-website-scaled.jpg\",\"contentUrl\":\"https:\\\/\\\/vte-smartersolutions.com\\\/wp-content\\\/uploads\\\/2021\\\/10\\\/5501012-website-scaled.jpg\",\"width\":2560,\"height\":1746},{\"@type\":\"BreadcrumbList\",\"@id\":\"https:\\\/\\\/vte-smartersolutions.com\\\/de\\\/produkt\\\/noppenplatte\\\/#breadcrumb\",\"itemListElement\":[{\"@type\":\"ListItem\",\"position\":1,\"name\":\"Home\",\"item\":\"https:\\\/\\\/vte-smartersolutions.com\\\/de\\\/\"},{\"@type\":\"ListItem\",\"position\":2,\"name\":\"Produkte\",\"item\":\"https:\\\/\\\/vte-smartersolutions.com\\\/de\\\/shop\\\/\"},{\"@type\":\"ListItem\",\"position\":3,\"name\":\"Verlegesysteme\",\"item\":\"https:\\\/\\\/vte-smartersolutions.com\\\/de\\\/product-categorie\\\/verlegesysteme\\\/\"},{\"@type\":\"ListItem\",\"position\":4,\"name\":\"Noppenplatten\",\"item\":\"https:\\\/\\\/vte-smartersolutions.com\\\/de\\\/product-categorie\\\/verlegesysteme\\\/noppenplatten\\\/\"},{\"@type\":\"ListItem\",\"position\":5,\"name\":\"VTE-Bolzenplatte\"}]},{\"@type\":\"WebSite\",\"@id\":\"https:\\\/\\\/vte-smartersolutions.com\\\/de\\\/#website\",\"url\":\"https:\\\/\\\/vte-smartersolutions.com\\\/de\\\/\",\"name\":\"VTE Smartersolutions\",\"description\":\"En nog een WordPress site\",\"potentialAction\":[{\"@type\":\"SearchAction\",\"target\":{\"@type\":\"EntryPoint\",\"urlTemplate\":\"https:\\\/\\\/vte-smartersolutions.com\\\/de\\\/?s={search_term_string}\"},\"query-input\":{\"@type\":\"PropertyValueSpecification\",\"valueRequired\":true,\"valueName\":\"search_term_string\"}}],\"inLanguage\":\"de\"}]}<\/script>\n<!-- \/ Yoast SEO plugin. -->","yoast_head_json":{"title":"VTE-Bolzenplatte - VTE Smartersolutions","description":"VTE Noppenplatten sind in verschiedenen Gr\u00f6\u00dfen mit und ohne Isolierung erh\u00e4ltlich.","robots":{"index":"index","follow":"follow","max-snippet":"max-snippet:-1","max-image-preview":"max-image-preview:large","max-video-preview":"max-video-preview:-1"},"canonical":"https:\/\/vte-smartersolutions.com\/de\/produkt\/noppenplatte\/","og_locale":"de_DE","og_type":"article","og_title":"VTE-Bolzenplatte - VTE Smartersolutions","og_description":"VTE Noppenplatten sind in verschiedenen Gr\u00f6\u00dfen mit und ohne Isolierung erh\u00e4ltlich.","og_url":"https:\/\/vte-smartersolutions.com\/de\/produkt\/noppenplatte\/","og_site_name":"VTE Smartersolutions","article_modified_time":"2025-12-08T08:42:54+00:00","og_image":[{"width":2560,"height":1746,"url":"https:\/\/vte-smartersolutions.com\/wp-content\/uploads\/2021\/10\/5501012-website-scaled.jpg","type":"image\/jpeg"}],"twitter_card":"summary_large_image","schema":{"@context":"https:\/\/schema.org","@graph":[{"@type":"WebPage","@id":"https:\/\/vte-smartersolutions.com\/de\/produkt\/noppenplatte\/","url":"https:\/\/vte-smartersolutions.com\/de\/produkt\/noppenplatte\/","name":"VTE-Bolzenplatte - VTE Smartersolutions","isPartOf":{"@id":"https:\/\/vte-smartersolutions.com\/de\/#website"},"primaryImageOfPage":{"@id":"https:\/\/vte-smartersolutions.com\/de\/produkt\/noppenplatte\/#primaryimage"},"image":{"@id":"https:\/\/vte-smartersolutions.com\/de\/produkt\/noppenplatte\/#primaryimage"},"thumbnailUrl":"https:\/\/vte-smartersolutions.com\/wp-content\/uploads\/2021\/10\/5501012-website-scaled.jpg","datePublished":"2021-10-14T11:52:16+00:00","dateModified":"2025-12-08T08:42:54+00:00","description":"VTE Noppenplatten sind in verschiedenen Gr\u00f6\u00dfen mit und ohne Isolierung erh\u00e4ltlich.","breadcrumb":{"@id":"https:\/\/vte-smartersolutions.com\/de\/produkt\/noppenplatte\/#breadcrumb"},"inLanguage":"de","potentialAction":[{"@type":"ReadAction","target":["https:\/\/vte-smartersolutions.com\/de\/produkt\/noppenplatte\/"]}]},{"@type":"ImageObject","inLanguage":"de","@id":"https:\/\/vte-smartersolutions.com\/de\/produkt\/noppenplatte\/#primaryimage","url":"https:\/\/vte-smartersolutions.com\/wp-content\/uploads\/2021\/10\/5501012-website-scaled.jpg","contentUrl":"https:\/\/vte-smartersolutions.com\/wp-content\/uploads\/2021\/10\/5501012-website-scaled.jpg","width":2560,"height":1746},{"@type":"BreadcrumbList","@id":"https:\/\/vte-smartersolutions.com\/de\/produkt\/noppenplatte\/#breadcrumb","itemListElement":[{"@type":"ListItem","position":1,"name":"Home","item":"https:\/\/vte-smartersolutions.com\/de\/"},{"@type":"ListItem","position":2,"name":"Produkte","item":"https:\/\/vte-smartersolutions.com\/de\/shop\/"},{"@type":"ListItem","position":3,"name":"Verlegesysteme","item":"https:\/\/vte-smartersolutions.com\/de\/product-categorie\/verlegesysteme\/"},{"@type":"ListItem","position":4,"name":"Noppenplatten","item":"https:\/\/vte-smartersolutions.com\/de\/product-categorie\/verlegesysteme\/noppenplatten\/"},{"@type":"ListItem","position":5,"name":"VTE-Bolzenplatte"}]},{"@type":"WebSite","@id":"https:\/\/vte-smartersolutions.com\/de\/#website","url":"https:\/\/vte-smartersolutions.com\/de\/","name":"VTE Smartersolutions","description":"En nog een WordPress site","potentialAction":[{"@type":"SearchAction","target":{"@type":"EntryPoint","urlTemplate":"https:\/\/vte-smartersolutions.com\/de\/?s={search_term_string}"},"query-input":{"@type":"PropertyValueSpecification","valueRequired":true,"valueName":"search_term_string"}}],"inLanguage":"de"}]}},"_links":{"self":[{"href":"https:\/\/vte-smartersolutions.com\/de\/wp-json\/wp\/v2\/product\/10174","targetHints":{"allow":["GET"]}}],"collection":[{"href":"https:\/\/vte-smartersolutions.com\/de\/wp-json\/wp\/v2\/product"}],"about":[{"href":"https:\/\/vte-smartersolutions.com\/de\/wp-json\/wp\/v2\/types\/product"}],"replies":[{"embeddable":true,"href":"https:\/\/vte-smartersolutions.com\/de\/wp-json\/wp\/v2\/comments?post=10174"}],"wp:featuredmedia":[{"embeddable":true,"href":"https:\/\/vte-smartersolutions.com\/de\/wp-json\/wp\/v2\/media\/9025"}],"wp:attachment":[{"href":"https:\/\/vte-smartersolutions.com\/de\/wp-json\/wp\/v2\/media?parent=10174"}],"wp:term":[{"taxonomy":"product_brand","embeddable":true,"href":"https:\/\/vte-smartersolutions.com\/de\/wp-json\/wp\/v2\/product_brand?post=10174"},{"taxonomy":"product_cat","embeddable":true,"href":"https:\/\/vte-smartersolutions.com\/de\/wp-json\/wp\/v2\/product_cat?post=10174"},{"taxonomy":"product_tag","embeddable":true,"href":"https:\/\/vte-smartersolutions.com\/de\/wp-json\/wp\/v2\/product_tag?post=10174"}],"curies":[{"name":"wp","href":"https:\/\/api.w.org\/{rel}","templated":true}]}}