{"id":10299,"date":"2021-10-11T14:07:10","date_gmt":"2021-10-11T14:07:10","guid":{"rendered":"https:\/\/vte-smartersolutions.com\/product\/slim-verteiler-wilo-mit-wrmetauscher-set\/"},"modified":"2021-10-11T14:07:10","modified_gmt":"2021-10-11T14:07:10","slug":"slim-verteiler-wilo-mit-waermetauscher-set","status":"publish","type":"product","link":"https:\/\/vte-smartersolutions.com\/de\/produkt\/slim-verteiler-wilo-mit-waermetauscher-set\/","title":{"rendered":"SLIM-Verteiler WILO mit W&auml;rmetauscher-Set"},"content":{"rendered":"","protected":false},"excerpt":{"rendered":"<p><span style=\"font-weight: 400;\">Bei der Verwendung von Verteilern mit W\u00e4rmetauscher-Set muss die Heizungsanlage von dem \u00fcbrigen Heizungssystem getrennt sein. Verwenden Sie diesen Verteiler bei nicht diffusionsdichten Rohren, bei der Verwendung von Glykol und bei der Renovierung von bestehenden Anlagen, wobei Komponenten wie Zentralheizungskessel und Heizk\u00f6rper vor Korrosion gesch\u00fctzt werden sollen.<\/span><\/p>\n<p><span style=\"font-weight: 400;\">Unsere SLIM-Verteiler mit W\u00e4rmetauscher-Set sind in Modellen f\u00fcr 1 bis 12 Gruppen erh\u00e4ltlich. <\/span><\/p>\n","protected":false},"featured_media":15479,"comment_status":"open","ping_status":"closed","template":"","meta":{"_acf_changed":false},"product_brand":[],"product_cat":[192,253],"product_tag":[254],"class_list":{"0":"post-10299","1":"product","2":"type-product","3":"status-publish","4":"has-post-thumbnail","6":"product_cat-verteiler","7":"product_cat-stahlverteiler","8":"product_tag-getrennt","10":"first","11":"instock","12":"shipping-taxable","13":"purchasable","14":"product-type-variable"},"acf":[],"yoast_head":"<!-- This site is optimized with the Yoast SEO plugin v27.6 - https:\/\/yoast.com\/product\/yoast-seo-wordpress\/ -->\n<title>SLIM-Verteiler WILO mit W&auml;rmetauscher-Set - VTE Smartersolutions<\/title>\n<meta name=\"description\" content=\"Unsere SLIM-Verteiler mit W\u00e4rmetauscher-Set sind in Modellen f\u00fcr 1 bis 12 Gruppen erh\u00e4ltlich.\" \/>\n<meta name=\"robots\" content=\"index, follow, max-snippet:-1, max-image-preview:large, max-video-preview:-1\" \/>\n<link rel=\"canonical\" href=\"https:\/\/vte-smartersolutions.com\/de\/produkt\/slim-verteiler-wilo-mit-waermetauscher-set\/\" \/>\n<meta property=\"og:locale\" content=\"de_DE\" \/>\n<meta property=\"og:type\" content=\"article\" \/>\n<meta property=\"og:title\" content=\"SLIM-Verteiler WILO mit W&auml;rmetauscher-Set - VTE Smartersolutions\" \/>\n<meta property=\"og:description\" content=\"Unsere SLIM-Verteiler mit W\u00e4rmetauscher-Set sind in Modellen f\u00fcr 1 bis 12 Gruppen erh\u00e4ltlich.\" \/>\n<meta property=\"og:url\" content=\"https:\/\/vte-smartersolutions.com\/de\/produkt\/slim-verteiler-wilo-mit-waermetauscher-set\/\" \/>\n<meta property=\"og:site_name\" content=\"VTE Smartersolutions\" \/>\n<meta property=\"og:image\" content=\"https:\/\/vte-smartersolutions.com\/wp-content\/uploads\/2021\/10\/SL100104W.png\" \/>\n\t<meta property=\"og:image:width\" content=\"2480\" \/>\n\t<meta property=\"og:image:height\" content=\"1653\" \/>\n\t<meta property=\"og:image:type\" content=\"image\/png\" \/>\n<meta name=\"twitter:card\" content=\"summary_large_image\" \/>\n<script type=\"application\/ld+json\" class=\"yoast-schema-graph\">{\"@context\":\"https:\\\/\\\/schema.org\",\"@graph\":[{\"@type\":\"WebPage\",\"@id\":\"https:\\\/\\\/vte-smartersolutions.com\\\/de\\\/produkt\\\/slim-verteiler-wilo-mit-waermetauscher-set\\\/\",\"url\":\"https:\\\/\\\/vte-smartersolutions.com\\\/de\\\/produkt\\\/slim-verteiler-wilo-mit-waermetauscher-set\\\/\",\"name\":\"SLIM-Verteiler WILO mit W&auml;rmetauscher-Set - VTE Smartersolutions\",\"isPartOf\":{\"@id\":\"https:\\\/\\\/vte-smartersolutions.com\\\/de\\\/#website\"},\"primaryImageOfPage\":{\"@id\":\"https:\\\/\\\/vte-smartersolutions.com\\\/de\\\/produkt\\\/slim-verteiler-wilo-mit-waermetauscher-set\\\/#primaryimage\"},\"image\":{\"@id\":\"https:\\\/\\\/vte-smartersolutions.com\\\/de\\\/produkt\\\/slim-verteiler-wilo-mit-waermetauscher-set\\\/#primaryimage\"},\"thumbnailUrl\":\"https:\\\/\\\/vte-smartersolutions.com\\\/wp-content\\\/uploads\\\/2021\\\/10\\\/SL100104W.png\",\"datePublished\":\"2021-10-11T14:07:10+00:00\",\"description\":\"Unsere SLIM-Verteiler mit W\u00e4rmetauscher-Set sind in Modellen f\u00fcr 1 bis 12 Gruppen erh\u00e4ltlich.\",\"breadcrumb\":{\"@id\":\"https:\\\/\\\/vte-smartersolutions.com\\\/de\\\/produkt\\\/slim-verteiler-wilo-mit-waermetauscher-set\\\/#breadcrumb\"},\"inLanguage\":\"de\",\"potentialAction\":[{\"@type\":\"ReadAction\",\"target\":[\"https:\\\/\\\/vte-smartersolutions.com\\\/de\\\/produkt\\\/slim-verteiler-wilo-mit-waermetauscher-set\\\/\"]}]},{\"@type\":\"ImageObject\",\"inLanguage\":\"de\",\"@id\":\"https:\\\/\\\/vte-smartersolutions.com\\\/de\\\/produkt\\\/slim-verteiler-wilo-mit-waermetauscher-set\\\/#primaryimage\",\"url\":\"https:\\\/\\\/vte-smartersolutions.com\\\/wp-content\\\/uploads\\\/2021\\\/10\\\/SL100104W.png\",\"contentUrl\":\"https:\\\/\\\/vte-smartersolutions.com\\\/wp-content\\\/uploads\\\/2021\\\/10\\\/SL100104W.png\",\"width\":2480,\"height\":1653},{\"@type\":\"BreadcrumbList\",\"@id\":\"https:\\\/\\\/vte-smartersolutions.com\\\/de\\\/produkt\\\/slim-verteiler-wilo-mit-waermetauscher-set\\\/#breadcrumb\",\"itemListElement\":[{\"@type\":\"ListItem\",\"position\":1,\"name\":\"Home\",\"item\":\"https:\\\/\\\/vte-smartersolutions.com\\\/de\\\/\"},{\"@type\":\"ListItem\",\"position\":2,\"name\":\"Produkte\",\"item\":\"https:\\\/\\\/vte-smartersolutions.com\\\/de\\\/shop\\\/\"},{\"@type\":\"ListItem\",\"position\":3,\"name\":\"Verteiler\",\"item\":\"https:\\\/\\\/vte-smartersolutions.com\\\/de\\\/product-categorie\\\/verteiler\\\/\"},{\"@type\":\"ListItem\",\"position\":4,\"name\":\"Stahlverteiler\",\"item\":\"https:\\\/\\\/vte-smartersolutions.com\\\/de\\\/product-categorie\\\/verteiler\\\/stahlverteiler\\\/\"},{\"@type\":\"ListItem\",\"position\":5,\"name\":\"SLIM-Verteiler WILO mit W&auml;rmetauscher-Set\"}]},{\"@type\":\"WebSite\",\"@id\":\"https:\\\/\\\/vte-smartersolutions.com\\\/de\\\/#website\",\"url\":\"https:\\\/\\\/vte-smartersolutions.com\\\/de\\\/\",\"name\":\"VTE Smartersolutions\",\"description\":\"En nog een WordPress site\",\"potentialAction\":[{\"@type\":\"SearchAction\",\"target\":{\"@type\":\"EntryPoint\",\"urlTemplate\":\"https:\\\/\\\/vte-smartersolutions.com\\\/de\\\/?s={search_term_string}\"},\"query-input\":{\"@type\":\"PropertyValueSpecification\",\"valueRequired\":true,\"valueName\":\"search_term_string\"}}],\"inLanguage\":\"de\"}]}<\/script>\n<!-- \/ Yoast SEO plugin. -->","yoast_head_json":{"title":"SLIM-Verteiler WILO mit W&auml;rmetauscher-Set - VTE Smartersolutions","description":"Unsere SLIM-Verteiler mit W\u00e4rmetauscher-Set sind in Modellen f\u00fcr 1 bis 12 Gruppen erh\u00e4ltlich.","robots":{"index":"index","follow":"follow","max-snippet":"max-snippet:-1","max-image-preview":"max-image-preview:large","max-video-preview":"max-video-preview:-1"},"canonical":"https:\/\/vte-smartersolutions.com\/de\/produkt\/slim-verteiler-wilo-mit-waermetauscher-set\/","og_locale":"de_DE","og_type":"article","og_title":"SLIM-Verteiler WILO mit W&auml;rmetauscher-Set - VTE Smartersolutions","og_description":"Unsere SLIM-Verteiler mit W\u00e4rmetauscher-Set sind in Modellen f\u00fcr 1 bis 12 Gruppen erh\u00e4ltlich.","og_url":"https:\/\/vte-smartersolutions.com\/de\/produkt\/slim-verteiler-wilo-mit-waermetauscher-set\/","og_site_name":"VTE Smartersolutions","og_image":[{"width":2480,"height":1653,"url":"https:\/\/vte-smartersolutions.com\/wp-content\/uploads\/2021\/10\/SL100104W.png","type":"image\/png"}],"twitter_card":"summary_large_image","schema":{"@context":"https:\/\/schema.org","@graph":[{"@type":"WebPage","@id":"https:\/\/vte-smartersolutions.com\/de\/produkt\/slim-verteiler-wilo-mit-waermetauscher-set\/","url":"https:\/\/vte-smartersolutions.com\/de\/produkt\/slim-verteiler-wilo-mit-waermetauscher-set\/","name":"SLIM-Verteiler WILO mit W&auml;rmetauscher-Set - VTE Smartersolutions","isPartOf":{"@id":"https:\/\/vte-smartersolutions.com\/de\/#website"},"primaryImageOfPage":{"@id":"https:\/\/vte-smartersolutions.com\/de\/produkt\/slim-verteiler-wilo-mit-waermetauscher-set\/#primaryimage"},"image":{"@id":"https:\/\/vte-smartersolutions.com\/de\/produkt\/slim-verteiler-wilo-mit-waermetauscher-set\/#primaryimage"},"thumbnailUrl":"https:\/\/vte-smartersolutions.com\/wp-content\/uploads\/2021\/10\/SL100104W.png","datePublished":"2021-10-11T14:07:10+00:00","description":"Unsere SLIM-Verteiler mit W\u00e4rmetauscher-Set sind in Modellen f\u00fcr 1 bis 12 Gruppen erh\u00e4ltlich.","breadcrumb":{"@id":"https:\/\/vte-smartersolutions.com\/de\/produkt\/slim-verteiler-wilo-mit-waermetauscher-set\/#breadcrumb"},"inLanguage":"de","potentialAction":[{"@type":"ReadAction","target":["https:\/\/vte-smartersolutions.com\/de\/produkt\/slim-verteiler-wilo-mit-waermetauscher-set\/"]}]},{"@type":"ImageObject","inLanguage":"de","@id":"https:\/\/vte-smartersolutions.com\/de\/produkt\/slim-verteiler-wilo-mit-waermetauscher-set\/#primaryimage","url":"https:\/\/vte-smartersolutions.com\/wp-content\/uploads\/2021\/10\/SL100104W.png","contentUrl":"https:\/\/vte-smartersolutions.com\/wp-content\/uploads\/2021\/10\/SL100104W.png","width":2480,"height":1653},{"@type":"BreadcrumbList","@id":"https:\/\/vte-smartersolutions.com\/de\/produkt\/slim-verteiler-wilo-mit-waermetauscher-set\/#breadcrumb","itemListElement":[{"@type":"ListItem","position":1,"name":"Home","item":"https:\/\/vte-smartersolutions.com\/de\/"},{"@type":"ListItem","position":2,"name":"Produkte","item":"https:\/\/vte-smartersolutions.com\/de\/shop\/"},{"@type":"ListItem","position":3,"name":"Verteiler","item":"https:\/\/vte-smartersolutions.com\/de\/product-categorie\/verteiler\/"},{"@type":"ListItem","position":4,"name":"Stahlverteiler","item":"https:\/\/vte-smartersolutions.com\/de\/product-categorie\/verteiler\/stahlverteiler\/"},{"@type":"ListItem","position":5,"name":"SLIM-Verteiler WILO mit W&auml;rmetauscher-Set"}]},{"@type":"WebSite","@id":"https:\/\/vte-smartersolutions.com\/de\/#website","url":"https:\/\/vte-smartersolutions.com\/de\/","name":"VTE Smartersolutions","description":"En nog een WordPress site","potentialAction":[{"@type":"SearchAction","target":{"@type":"EntryPoint","urlTemplate":"https:\/\/vte-smartersolutions.com\/de\/?s={search_term_string}"},"query-input":{"@type":"PropertyValueSpecification","valueRequired":true,"valueName":"search_term_string"}}],"inLanguage":"de"}]}},"_links":{"self":[{"href":"https:\/\/vte-smartersolutions.com\/de\/wp-json\/wp\/v2\/product\/10299","targetHints":{"allow":["GET"]}}],"collection":[{"href":"https:\/\/vte-smartersolutions.com\/de\/wp-json\/wp\/v2\/product"}],"about":[{"href":"https:\/\/vte-smartersolutions.com\/de\/wp-json\/wp\/v2\/types\/product"}],"replies":[{"embeddable":true,"href":"https:\/\/vte-smartersolutions.com\/de\/wp-json\/wp\/v2\/comments?post=10299"}],"wp:featuredmedia":[{"embeddable":true,"href":"https:\/\/vte-smartersolutions.com\/de\/wp-json\/wp\/v2\/media\/15479"}],"wp:attachment":[{"href":"https:\/\/vte-smartersolutions.com\/de\/wp-json\/wp\/v2\/media?parent=10299"}],"wp:term":[{"taxonomy":"product_brand","embeddable":true,"href":"https:\/\/vte-smartersolutions.com\/de\/wp-json\/wp\/v2\/product_brand?post=10299"},{"taxonomy":"product_cat","embeddable":true,"href":"https:\/\/vte-smartersolutions.com\/de\/wp-json\/wp\/v2\/product_cat?post=10299"},{"taxonomy":"product_tag","embeddable":true,"href":"https:\/\/vte-smartersolutions.com\/de\/wp-json\/wp\/v2\/product_tag?post=10299"}],"curies":[{"name":"wp","href":"https:\/\/api.w.org\/{rel}","templated":true}]}}