{"id":12076,"date":"2022-11-23T20:19:12","date_gmt":"2022-11-23T20:19:12","guid":{"rendered":"https:\/\/vte-smartersolutions.com\/?post_type=product&#038;p=12076"},"modified":"2024-05-16T10:09:35","modified_gmt":"2024-05-16T10:09:35","slug":"vte-komposit-verteiler-offen-kopie","status":"publish","type":"product","link":"https:\/\/vte-smartersolutions.com\/de\/produkt\/vte-komposit-verteiler-offen-kopie\/","title":{"rendered":"VTE-Fernw\u00e4rmeverbundverteiler Nuon\/Eneco"},"content":{"rendered":"","protected":false},"excerpt":{"rendered":"<p>Die VTE-Fernw\u00e4rmeverbundverteiler sind modular aufgebaut und wahlweise mit Wilo- oder Grundfos-Pumpen erh\u00e4ltlich. Dieser komplett montierte Verteiler ist f\u00fcr Haupt- und Zusatzheizung geeignet, steht unter einem Druck von 7 bar und besteht aus hochwertigem, glasfaserverst\u00e4rktem, schwarzem Polyamid-Verbundstoff und wird von 2 bis 12 Gruppen geliefert. Die prim\u00e4ren Anschl\u00fcsse (Vor- und R\u00fccklauf) befinden sich standardm\u00e4\u00dfig auf der rechten oberen Seite. Optional k\u00f6nnen die Verteiler auch links und\/oder unten angeschlossen werden. Der Verteiler ist serienm\u00e4\u00dfig mit eingebautem R\u00fcckschlagventil, RTL-Ventil, motorisierbaren Thermostatventilen (M30x1,5) und einstellbaren Durchflussmessern ausgestattet.<\/p>\n<p><strong>Technische Daten:<\/strong><\/p>\n<ul>\n<li>Thermomanometer im unteren Balken\\<\/li>\n<li>Thermometer im oberen Balken<\/li>\n<li>4-seitiger Prim\u00e4ranschluss m\u00f6glich<\/li>\n<li>Serienm\u00e4\u00dfig ausgestattet mit Grundfos UPM3 Auto<\/li>\n<li>Eingebautes R\u00fcckschlagventil<\/li>\n<li>Bef\u00fcll- und Entleerungsventil<\/li>\n<li>Einstellbare Durchflussmesser Taconova 0 bis 300 l\/h im Zulauf<\/li>\n<li>Motorisiertes Ventil M30x1,5 pro Gruppe im R\u00fccklauf<\/li>\n<li>Verf\u00fcgbar mit voreinstellbaren dynamischen Durchflussventilen<\/li>\n<li>Doppelwandige Isoliermodule<\/li>\n<li>Keine Kondensation<\/li>\n<li>10 Jahre Garantie auf Produktionsfehler<\/li>\n<li>Gruppenmittenabstand 50 mm<\/li>\n<li>Vorbereitet f\u00fcr Zonenregelung<\/li>\n<li>RTL-Ventil zur Einstellung der R\u00fccklauftemperatur<\/li>\n<\/ul>\n","protected":false},"featured_media":14122,"comment_status":"open","ping_status":"closed","template":"","meta":{"_acf_changed":false},"product_brand":[],"product_cat":[192,193,263],"product_tag":[],"class_list":{"0":"post-12076","1":"product","2":"type-product","3":"status-publish","4":"has-post-thumbnail","6":"product_cat-verteiler","7":"product_cat-vte-komposit-verteiler","8":"product_cat-fernwrmeverteiler","10":"first","11":"instock","12":"shipping-taxable","13":"purchasable","14":"product-type-variable"},"acf":[],"yoast_head":"<!-- This site is optimized with the Yoast SEO plugin v27.6 - https:\/\/yoast.com\/product\/yoast-seo-wordpress\/ -->\n<title>VTE-Fernw\u00e4rmeverbundverteiler Nuon\/Eneco - VTE Smartersolutions<\/title>\n<meta name=\"description\" content=\"Die VTE-Fernw\u00e4rmeverbundverteiler sind modular aufgebaut und wahlweise mit Wilo- oder Grundfos-Pumpen erh\u00e4ltlich. Dieser komplett montierte Verteiler ist f\u00fcr Haupt- und Zusatzheizung geeignet, steht unter einem Druck von 7 bar und besteht aus hochwertigem, glasfaserverst\u00e4rktem, schwarzem Polyamid-Verbundstoff und wird von 2 bis 12 Gruppen geliefert. Die prim\u00e4ren Anschl\u00fcsse (Vor- und R\u00fccklauf) befinden sich standardm\u00e4\u00dfig auf der rechten oberen Seite. Optional k\u00f6nnen die Verteiler auch links und\/oder unten angeschlossen werden.\" \/>\n<meta name=\"robots\" content=\"index, follow, max-snippet:-1, max-image-preview:large, max-video-preview:-1\" \/>\n<link rel=\"canonical\" href=\"https:\/\/vte-smartersolutions.com\/de\/produkt\/vte-komposit-verteiler-offen-kopie\/\" \/>\n<meta property=\"og:locale\" content=\"de_DE\" \/>\n<meta property=\"og:type\" content=\"article\" \/>\n<meta property=\"og:title\" content=\"VTE-Fernw\u00e4rmeverbundverteiler Nuon\/Eneco - VTE Smartersolutions\" \/>\n<meta property=\"og:description\" content=\"Die VTE-Fernw\u00e4rmeverbundverteiler sind modular aufgebaut und wahlweise mit Wilo- oder Grundfos-Pumpen erh\u00e4ltlich. Dieser komplett montierte Verteiler ist f\u00fcr Haupt- und Zusatzheizung geeignet, steht unter einem Druck von 7 bar und besteht aus hochwertigem, glasfaserverst\u00e4rktem, schwarzem Polyamid-Verbundstoff und wird von 2 bis 12 Gruppen geliefert. Die prim\u00e4ren Anschl\u00fcsse (Vor- und R\u00fccklauf) befinden sich standardm\u00e4\u00dfig auf der rechten oberen Seite. Optional k\u00f6nnen die Verteiler auch links und\/oder unten angeschlossen werden.\" \/>\n<meta property=\"og:url\" content=\"https:\/\/vte-smartersolutions.com\/de\/produkt\/vte-komposit-verteiler-offen-kopie\/\" \/>\n<meta property=\"og:site_name\" content=\"VTE Smartersolutions\" \/>\n<meta property=\"article:modified_time\" content=\"2024-05-16T10:09:35+00:00\" \/>\n<meta property=\"og:image\" content=\"https:\/\/vte-smartersolutions.com\/wp-content\/uploads\/2022\/11\/KU200104.png\" \/>\n\t<meta property=\"og:image:width\" content=\"2480\" \/>\n\t<meta property=\"og:image:height\" content=\"1653\" \/>\n\t<meta property=\"og:image:type\" content=\"image\/png\" \/>\n<meta name=\"twitter:card\" content=\"summary_large_image\" \/>\n<meta name=\"twitter:label1\" content=\"Gesch\u00e4tzte Lesezeit\" \/>\n\t<meta name=\"twitter:data1\" content=\"1\u00a0Minute\" \/>\n<script type=\"application\/ld+json\" class=\"yoast-schema-graph\">{\"@context\":\"https:\\\/\\\/schema.org\",\"@graph\":[{\"@type\":\"WebPage\",\"@id\":\"https:\\\/\\\/vte-smartersolutions.com\\\/de\\\/produkt\\\/vte-komposit-verteiler-offen-kopie\\\/\",\"url\":\"https:\\\/\\\/vte-smartersolutions.com\\\/de\\\/produkt\\\/vte-komposit-verteiler-offen-kopie\\\/\",\"name\":\"VTE-Fernw\u00e4rmeverbundverteiler Nuon\\\/Eneco - VTE Smartersolutions\",\"isPartOf\":{\"@id\":\"https:\\\/\\\/vte-smartersolutions.com\\\/de\\\/#website\"},\"primaryImageOfPage\":{\"@id\":\"https:\\\/\\\/vte-smartersolutions.com\\\/de\\\/produkt\\\/vte-komposit-verteiler-offen-kopie\\\/#primaryimage\"},\"image\":{\"@id\":\"https:\\\/\\\/vte-smartersolutions.com\\\/de\\\/produkt\\\/vte-komposit-verteiler-offen-kopie\\\/#primaryimage\"},\"thumbnailUrl\":\"https:\\\/\\\/vte-smartersolutions.com\\\/wp-content\\\/uploads\\\/2022\\\/11\\\/KU200104.png\",\"datePublished\":\"2022-11-23T20:19:12+00:00\",\"dateModified\":\"2024-05-16T10:09:35+00:00\",\"description\":\"Die VTE-Fernw\u00e4rmeverbundverteiler sind modular aufgebaut und wahlweise mit Wilo- oder Grundfos-Pumpen erh\u00e4ltlich. Dieser komplett montierte Verteiler ist f\u00fcr Haupt- und Zusatzheizung geeignet, steht unter einem Druck von 7 bar und besteht aus hochwertigem, glasfaserverst\u00e4rktem, schwarzem Polyamid-Verbundstoff und wird von 2 bis 12 Gruppen geliefert. Die prim\u00e4ren Anschl\u00fcsse (Vor- und R\u00fccklauf) befinden sich standardm\u00e4\u00dfig auf der rechten oberen Seite. Optional k\u00f6nnen die Verteiler auch links und\\\/oder unten angeschlossen werden.\",\"breadcrumb\":{\"@id\":\"https:\\\/\\\/vte-smartersolutions.com\\\/de\\\/produkt\\\/vte-komposit-verteiler-offen-kopie\\\/#breadcrumb\"},\"inLanguage\":\"de\",\"potentialAction\":[{\"@type\":\"ReadAction\",\"target\":[\"https:\\\/\\\/vte-smartersolutions.com\\\/de\\\/produkt\\\/vte-komposit-verteiler-offen-kopie\\\/\"]}]},{\"@type\":\"ImageObject\",\"inLanguage\":\"de\",\"@id\":\"https:\\\/\\\/vte-smartersolutions.com\\\/de\\\/produkt\\\/vte-komposit-verteiler-offen-kopie\\\/#primaryimage\",\"url\":\"https:\\\/\\\/vte-smartersolutions.com\\\/wp-content\\\/uploads\\\/2022\\\/11\\\/KU200104.png\",\"contentUrl\":\"https:\\\/\\\/vte-smartersolutions.com\\\/wp-content\\\/uploads\\\/2022\\\/11\\\/KU200104.png\",\"width\":2480,\"height\":1653},{\"@type\":\"BreadcrumbList\",\"@id\":\"https:\\\/\\\/vte-smartersolutions.com\\\/de\\\/produkt\\\/vte-komposit-verteiler-offen-kopie\\\/#breadcrumb\",\"itemListElement\":[{\"@type\":\"ListItem\",\"position\":1,\"name\":\"Home\",\"item\":\"https:\\\/\\\/vte-smartersolutions.com\\\/de\\\/\"},{\"@type\":\"ListItem\",\"position\":2,\"name\":\"Produkte\",\"item\":\"https:\\\/\\\/vte-smartersolutions.com\\\/de\\\/shop\\\/\"},{\"@type\":\"ListItem\",\"position\":3,\"name\":\"Verteiler\",\"item\":\"https:\\\/\\\/vte-smartersolutions.com\\\/de\\\/product-categorie\\\/verteiler\\\/\"},{\"@type\":\"ListItem\",\"position\":4,\"name\":\"VTE-Fernw\u00e4rmeverbundverteiler Nuon\\\/Eneco\"}]},{\"@type\":\"WebSite\",\"@id\":\"https:\\\/\\\/vte-smartersolutions.com\\\/de\\\/#website\",\"url\":\"https:\\\/\\\/vte-smartersolutions.com\\\/de\\\/\",\"name\":\"VTE Smartersolutions\",\"description\":\"En nog een WordPress site\",\"potentialAction\":[{\"@type\":\"SearchAction\",\"target\":{\"@type\":\"EntryPoint\",\"urlTemplate\":\"https:\\\/\\\/vte-smartersolutions.com\\\/de\\\/?s={search_term_string}\"},\"query-input\":{\"@type\":\"PropertyValueSpecification\",\"valueRequired\":true,\"valueName\":\"search_term_string\"}}],\"inLanguage\":\"de\"}]}<\/script>\n<!-- \/ Yoast SEO plugin. -->","yoast_head_json":{"title":"VTE-Fernw\u00e4rmeverbundverteiler Nuon\/Eneco - VTE Smartersolutions","description":"Die VTE-Fernw\u00e4rmeverbundverteiler sind modular aufgebaut und wahlweise mit Wilo- oder Grundfos-Pumpen erh\u00e4ltlich. Dieser komplett montierte Verteiler ist f\u00fcr Haupt- und Zusatzheizung geeignet, steht unter einem Druck von 7 bar und besteht aus hochwertigem, glasfaserverst\u00e4rktem, schwarzem Polyamid-Verbundstoff und wird von 2 bis 12 Gruppen geliefert. Die prim\u00e4ren Anschl\u00fcsse (Vor- und R\u00fccklauf) befinden sich standardm\u00e4\u00dfig auf der rechten oberen Seite. Optional k\u00f6nnen die Verteiler auch links und\/oder unten angeschlossen werden.","robots":{"index":"index","follow":"follow","max-snippet":"max-snippet:-1","max-image-preview":"max-image-preview:large","max-video-preview":"max-video-preview:-1"},"canonical":"https:\/\/vte-smartersolutions.com\/de\/produkt\/vte-komposit-verteiler-offen-kopie\/","og_locale":"de_DE","og_type":"article","og_title":"VTE-Fernw\u00e4rmeverbundverteiler Nuon\/Eneco - VTE Smartersolutions","og_description":"Die VTE-Fernw\u00e4rmeverbundverteiler sind modular aufgebaut und wahlweise mit Wilo- oder Grundfos-Pumpen erh\u00e4ltlich. Dieser komplett montierte Verteiler ist f\u00fcr Haupt- und Zusatzheizung geeignet, steht unter einem Druck von 7 bar und besteht aus hochwertigem, glasfaserverst\u00e4rktem, schwarzem Polyamid-Verbundstoff und wird von 2 bis 12 Gruppen geliefert. Die prim\u00e4ren Anschl\u00fcsse (Vor- und R\u00fccklauf) befinden sich standardm\u00e4\u00dfig auf der rechten oberen Seite. Optional k\u00f6nnen die Verteiler auch links und\/oder unten angeschlossen werden.","og_url":"https:\/\/vte-smartersolutions.com\/de\/produkt\/vte-komposit-verteiler-offen-kopie\/","og_site_name":"VTE Smartersolutions","article_modified_time":"2024-05-16T10:09:35+00:00","og_image":[{"width":2480,"height":1653,"url":"https:\/\/vte-smartersolutions.com\/wp-content\/uploads\/2022\/11\/KU200104.png","type":"image\/png"}],"twitter_card":"summary_large_image","twitter_misc":{"Gesch\u00e4tzte Lesezeit":"1\u00a0Minute"},"schema":{"@context":"https:\/\/schema.org","@graph":[{"@type":"WebPage","@id":"https:\/\/vte-smartersolutions.com\/de\/produkt\/vte-komposit-verteiler-offen-kopie\/","url":"https:\/\/vte-smartersolutions.com\/de\/produkt\/vte-komposit-verteiler-offen-kopie\/","name":"VTE-Fernw\u00e4rmeverbundverteiler Nuon\/Eneco - VTE Smartersolutions","isPartOf":{"@id":"https:\/\/vte-smartersolutions.com\/de\/#website"},"primaryImageOfPage":{"@id":"https:\/\/vte-smartersolutions.com\/de\/produkt\/vte-komposit-verteiler-offen-kopie\/#primaryimage"},"image":{"@id":"https:\/\/vte-smartersolutions.com\/de\/produkt\/vte-komposit-verteiler-offen-kopie\/#primaryimage"},"thumbnailUrl":"https:\/\/vte-smartersolutions.com\/wp-content\/uploads\/2022\/11\/KU200104.png","datePublished":"2022-11-23T20:19:12+00:00","dateModified":"2024-05-16T10:09:35+00:00","description":"Die VTE-Fernw\u00e4rmeverbundverteiler sind modular aufgebaut und wahlweise mit Wilo- oder Grundfos-Pumpen erh\u00e4ltlich. Dieser komplett montierte Verteiler ist f\u00fcr Haupt- und Zusatzheizung geeignet, steht unter einem Druck von 7 bar und besteht aus hochwertigem, glasfaserverst\u00e4rktem, schwarzem Polyamid-Verbundstoff und wird von 2 bis 12 Gruppen geliefert. Die prim\u00e4ren Anschl\u00fcsse (Vor- und R\u00fccklauf) befinden sich standardm\u00e4\u00dfig auf der rechten oberen Seite. Optional k\u00f6nnen die Verteiler auch links und\/oder unten angeschlossen werden.","breadcrumb":{"@id":"https:\/\/vte-smartersolutions.com\/de\/produkt\/vte-komposit-verteiler-offen-kopie\/#breadcrumb"},"inLanguage":"de","potentialAction":[{"@type":"ReadAction","target":["https:\/\/vte-smartersolutions.com\/de\/produkt\/vte-komposit-verteiler-offen-kopie\/"]}]},{"@type":"ImageObject","inLanguage":"de","@id":"https:\/\/vte-smartersolutions.com\/de\/produkt\/vte-komposit-verteiler-offen-kopie\/#primaryimage","url":"https:\/\/vte-smartersolutions.com\/wp-content\/uploads\/2022\/11\/KU200104.png","contentUrl":"https:\/\/vte-smartersolutions.com\/wp-content\/uploads\/2022\/11\/KU200104.png","width":2480,"height":1653},{"@type":"BreadcrumbList","@id":"https:\/\/vte-smartersolutions.com\/de\/produkt\/vte-komposit-verteiler-offen-kopie\/#breadcrumb","itemListElement":[{"@type":"ListItem","position":1,"name":"Home","item":"https:\/\/vte-smartersolutions.com\/de\/"},{"@type":"ListItem","position":2,"name":"Produkte","item":"https:\/\/vte-smartersolutions.com\/de\/shop\/"},{"@type":"ListItem","position":3,"name":"Verteiler","item":"https:\/\/vte-smartersolutions.com\/de\/product-categorie\/verteiler\/"},{"@type":"ListItem","position":4,"name":"VTE-Fernw\u00e4rmeverbundverteiler Nuon\/Eneco"}]},{"@type":"WebSite","@id":"https:\/\/vte-smartersolutions.com\/de\/#website","url":"https:\/\/vte-smartersolutions.com\/de\/","name":"VTE Smartersolutions","description":"En nog een WordPress site","potentialAction":[{"@type":"SearchAction","target":{"@type":"EntryPoint","urlTemplate":"https:\/\/vte-smartersolutions.com\/de\/?s={search_term_string}"},"query-input":{"@type":"PropertyValueSpecification","valueRequired":true,"valueName":"search_term_string"}}],"inLanguage":"de"}]}},"_links":{"self":[{"href":"https:\/\/vte-smartersolutions.com\/de\/wp-json\/wp\/v2\/product\/12076","targetHints":{"allow":["GET"]}}],"collection":[{"href":"https:\/\/vte-smartersolutions.com\/de\/wp-json\/wp\/v2\/product"}],"about":[{"href":"https:\/\/vte-smartersolutions.com\/de\/wp-json\/wp\/v2\/types\/product"}],"replies":[{"embeddable":true,"href":"https:\/\/vte-smartersolutions.com\/de\/wp-json\/wp\/v2\/comments?post=12076"}],"wp:featuredmedia":[{"embeddable":true,"href":"https:\/\/vte-smartersolutions.com\/de\/wp-json\/wp\/v2\/media\/14122"}],"wp:attachment":[{"href":"https:\/\/vte-smartersolutions.com\/de\/wp-json\/wp\/v2\/media?parent=12076"}],"wp:term":[{"taxonomy":"product_brand","embeddable":true,"href":"https:\/\/vte-smartersolutions.com\/de\/wp-json\/wp\/v2\/product_brand?post=12076"},{"taxonomy":"product_cat","embeddable":true,"href":"https:\/\/vte-smartersolutions.com\/de\/wp-json\/wp\/v2\/product_cat?post=12076"},{"taxonomy":"product_tag","embeddable":true,"href":"https:\/\/vte-smartersolutions.com\/de\/wp-json\/wp\/v2\/product_tag?post=12076"}],"curies":[{"name":"wp","href":"https:\/\/api.w.org\/{rel}","templated":true}]}}