{"id":14834,"date":"2024-02-26T09:09:25","date_gmt":"2024-02-26T09:09:25","guid":{"rendered":"https:\/\/vte-smartersolutions.com\/product\/vte-fernwaermeverbundverteiler-essent\/"},"modified":"2024-05-16T08:12:59","modified_gmt":"2024-05-16T08:12:59","slug":"vte-fernwaermeverbundverteiler-essent","status":"publish","type":"product","link":"https:\/\/vte-smartersolutions.com\/de\/produkt\/vte-fernwaermeverbundverteiler-essent\/","title":{"rendered":"VTE-Fernw\u00e4rmeverbundverteiler Essent"},"content":{"rendered":"","protected":false},"excerpt":{"rendered":"<p>VTE-Fernw\u00e4rmeverbundverteiler sind modular aufgebaut und entweder mit Wilo- oder Grundfos-Pumpen erh\u00e4ltlich. Dieser komplett montierte Verteiler ist f\u00fcr Haupt- und Zusatzheizungen geeignet, steht unter einem Druck von 7 bar und besteht aus hochwertigem, glasfaserverst\u00e4rktem, schwarzem Polyamid-Verbundstoff und wird von 2 bis 12 Gruppen geliefert. Die prim\u00e4ren Anschl\u00fcsse (Vor- und R\u00fccklauf) befinden sich standardm\u00e4\u00dfig auf der rechten oberen Seite. Die Verteiler k\u00f6nnen auch auf der linken und\/oder unteren Seite angeschlossen werden. Der Verteiler ist serienm\u00e4\u00dfig mit eingebautem R\u00fcckschlagventil, zus\u00e4tzlichem Prim\u00e4rversorgungsventil mit 230V-Thermomotor, motorisierbaren Thermostatventilen (M30x1,5) und einstellbaren Durchflussmessern ausgestattet.<\/p>\n<p><strong>Technische Spezifikationen:<\/strong><\/p>\n<ul>\n<li>Thermomanometer im Unterzug<\/li>\n<li>Thermometer in der oberen Leiste<\/li>\n<li>4-seitiger Prim\u00e4ranschluss m\u00f6glich<\/li>\n<li>Serienm\u00e4\u00dfig ausgestattet mit Grundfos UPM3 Auto<\/li>\n<li>Eingebautes R\u00fcckschlagventil<\/li>\n<li>Ventil zum F\u00fcllen und Ablassen<\/li>\n<li>Einstellbare Durchflussmesser Taconova 0 bis 300 l\/h auf Vorrat<\/li>\n<li>Motorisiertes Ventil M30x1,5 pro Gruppe im R\u00fccklauf<\/li>\n<li>Erh\u00e4ltlich mit voreinstellbaren Dynamic Flow-Ventilen<\/li>\n<li>Doppelwandige Isoliermodule<\/li>\n<li>Kein Kondenswasser<\/li>\n<li>10 Jahre Garantie auf Herstellungsfehler<\/li>\n<li>Gruppenmittenabstand 50mm<\/li>\n<li>Vorbereitet f\u00fcr die Zonenkontrolle<\/li>\n<li>Zus\u00e4tzliches Prim\u00e4rversorgungsventil mit 230V-Thermomotor<\/li>\n<\/ul>\n","protected":false},"featured_media":13853,"comment_status":"open","ping_status":"closed","template":"","meta":{"_acf_changed":false},"product_brand":[],"product_cat":[263,192,193],"product_tag":[],"class_list":{"0":"post-14834","1":"product","2":"type-product","3":"status-publish","4":"has-post-thumbnail","6":"product_cat-fernwrmeverteiler","7":"product_cat-verteiler","8":"product_cat-vte-komposit-verteiler","10":"first","11":"instock","12":"shipping-taxable","13":"purchasable","14":"product-type-variable"},"acf":[],"yoast_head":"<!-- This site is optimized with the Yoast SEO plugin v27.6 - https:\/\/yoast.com\/product\/yoast-seo-wordpress\/ -->\n<title>VTE-Fernw\u00e4rmeverbundverteiler Essent - VTE Smartersolutions<\/title>\n<meta name=\"description\" content=\"VTE-Verbundverteiler sind modular aufgebaut. Dieser Verteiler ist komplett montiert und f\u00fcr Haupt-\/Hilfsheizung und -k\u00fchlung geeignet. Bei offenen Ventilbl\u00f6cken befinden sich die prim\u00e4ren Anschl\u00fcsse standardm\u00e4\u00dfig auf der rechten Seite. Die Verteiler haben die M\u00f6glichkeit, auch auf der linken Seite angeschlossen zu werden.\" \/>\n<meta name=\"robots\" content=\"index, follow, max-snippet:-1, max-image-preview:large, max-video-preview:-1\" \/>\n<link rel=\"canonical\" href=\"https:\/\/vte-smartersolutions.com\/de\/produkt\/vte-fernwaermeverbundverteiler-essent\/\" \/>\n<meta property=\"og:locale\" content=\"de_DE\" \/>\n<meta property=\"og:type\" content=\"article\" \/>\n<meta property=\"og:title\" content=\"VTE-Fernw\u00e4rmeverbundverteiler Essent - VTE Smartersolutions\" \/>\n<meta property=\"og:description\" content=\"VTE-Verbundverteiler sind modular aufgebaut. Dieser Verteiler ist komplett montiert und f\u00fcr Haupt-\/Hilfsheizung und -k\u00fchlung geeignet. Bei offenen Ventilbl\u00f6cken befinden sich die prim\u00e4ren Anschl\u00fcsse standardm\u00e4\u00dfig auf der rechten Seite. Die Verteiler haben die M\u00f6glichkeit, auch auf der linken Seite angeschlossen zu werden.\" \/>\n<meta property=\"og:url\" content=\"https:\/\/vte-smartersolutions.com\/de\/produkt\/vte-fernwaermeverbundverteiler-essent\/\" \/>\n<meta property=\"og:site_name\" content=\"VTE Smartersolutions\" \/>\n<meta property=\"article:modified_time\" content=\"2024-05-16T08:12:59+00:00\" \/>\n<meta property=\"og:image\" content=\"https:\/\/vte-smartersolutions.com\/wp-content\/uploads\/2024\/02\/KU200204.png\" \/>\n\t<meta property=\"og:image:width\" content=\"2480\" \/>\n\t<meta property=\"og:image:height\" content=\"1653\" \/>\n\t<meta property=\"og:image:type\" content=\"image\/png\" \/>\n<meta name=\"twitter:card\" content=\"summary_large_image\" \/>\n<script type=\"application\/ld+json\" class=\"yoast-schema-graph\">{\"@context\":\"https:\\\/\\\/schema.org\",\"@graph\":[{\"@type\":\"WebPage\",\"@id\":\"https:\\\/\\\/vte-smartersolutions.com\\\/de\\\/produkt\\\/vte-fernwaermeverbundverteiler-essent\\\/\",\"url\":\"https:\\\/\\\/vte-smartersolutions.com\\\/de\\\/produkt\\\/vte-fernwaermeverbundverteiler-essent\\\/\",\"name\":\"VTE-Fernw\u00e4rmeverbundverteiler Essent - VTE Smartersolutions\",\"isPartOf\":{\"@id\":\"https:\\\/\\\/vte-smartersolutions.com\\\/de\\\/#website\"},\"primaryImageOfPage\":{\"@id\":\"https:\\\/\\\/vte-smartersolutions.com\\\/de\\\/produkt\\\/vte-fernwaermeverbundverteiler-essent\\\/#primaryimage\"},\"image\":{\"@id\":\"https:\\\/\\\/vte-smartersolutions.com\\\/de\\\/produkt\\\/vte-fernwaermeverbundverteiler-essent\\\/#primaryimage\"},\"thumbnailUrl\":\"https:\\\/\\\/vte-smartersolutions.com\\\/wp-content\\\/uploads\\\/2024\\\/02\\\/KU200204.png\",\"datePublished\":\"2024-02-26T09:09:25+00:00\",\"dateModified\":\"2024-05-16T08:12:59+00:00\",\"description\":\"VTE-Verbundverteiler sind modular aufgebaut. Dieser Verteiler ist komplett montiert und f\u00fcr Haupt-\\\/Hilfsheizung und -k\u00fchlung geeignet. Bei offenen Ventilbl\u00f6cken befinden sich die prim\u00e4ren Anschl\u00fcsse standardm\u00e4\u00dfig auf der rechten Seite. Die Verteiler haben die M\u00f6glichkeit, auch auf der linken Seite angeschlossen zu werden.\",\"breadcrumb\":{\"@id\":\"https:\\\/\\\/vte-smartersolutions.com\\\/de\\\/produkt\\\/vte-fernwaermeverbundverteiler-essent\\\/#breadcrumb\"},\"inLanguage\":\"de\",\"potentialAction\":[{\"@type\":\"ReadAction\",\"target\":[\"https:\\\/\\\/vte-smartersolutions.com\\\/de\\\/produkt\\\/vte-fernwaermeverbundverteiler-essent\\\/\"]}]},{\"@type\":\"ImageObject\",\"inLanguage\":\"de\",\"@id\":\"https:\\\/\\\/vte-smartersolutions.com\\\/de\\\/produkt\\\/vte-fernwaermeverbundverteiler-essent\\\/#primaryimage\",\"url\":\"https:\\\/\\\/vte-smartersolutions.com\\\/wp-content\\\/uploads\\\/2024\\\/02\\\/KU200204.png\",\"contentUrl\":\"https:\\\/\\\/vte-smartersolutions.com\\\/wp-content\\\/uploads\\\/2024\\\/02\\\/KU200204.png\",\"width\":2480,\"height\":1653},{\"@type\":\"BreadcrumbList\",\"@id\":\"https:\\\/\\\/vte-smartersolutions.com\\\/de\\\/produkt\\\/vte-fernwaermeverbundverteiler-essent\\\/#breadcrumb\",\"itemListElement\":[{\"@type\":\"ListItem\",\"position\":1,\"name\":\"Home\",\"item\":\"https:\\\/\\\/vte-smartersolutions.com\\\/de\\\/\"},{\"@type\":\"ListItem\",\"position\":2,\"name\":\"Produkte\",\"item\":\"https:\\\/\\\/vte-smartersolutions.com\\\/de\\\/shop\\\/\"},{\"@type\":\"ListItem\",\"position\":3,\"name\":\"Verteiler\",\"item\":\"https:\\\/\\\/vte-smartersolutions.com\\\/de\\\/product-categorie\\\/verteiler\\\/\"},{\"@type\":\"ListItem\",\"position\":4,\"name\":\"VTE-Fernw\u00e4rmeverbundverteiler Essent\"}]},{\"@type\":\"WebSite\",\"@id\":\"https:\\\/\\\/vte-smartersolutions.com\\\/de\\\/#website\",\"url\":\"https:\\\/\\\/vte-smartersolutions.com\\\/de\\\/\",\"name\":\"VTE Smartersolutions\",\"description\":\"En nog een WordPress site\",\"potentialAction\":[{\"@type\":\"SearchAction\",\"target\":{\"@type\":\"EntryPoint\",\"urlTemplate\":\"https:\\\/\\\/vte-smartersolutions.com\\\/de\\\/?s={search_term_string}\"},\"query-input\":{\"@type\":\"PropertyValueSpecification\",\"valueRequired\":true,\"valueName\":\"search_term_string\"}}],\"inLanguage\":\"de\"}]}<\/script>\n<!-- \/ Yoast SEO plugin. -->","yoast_head_json":{"title":"VTE-Fernw\u00e4rmeverbundverteiler Essent - VTE Smartersolutions","description":"VTE-Verbundverteiler sind modular aufgebaut. Dieser Verteiler ist komplett montiert und f\u00fcr Haupt-\/Hilfsheizung und -k\u00fchlung geeignet. Bei offenen Ventilbl\u00f6cken befinden sich die prim\u00e4ren Anschl\u00fcsse standardm\u00e4\u00dfig auf der rechten Seite. Die Verteiler haben die M\u00f6glichkeit, auch auf der linken Seite angeschlossen zu werden.","robots":{"index":"index","follow":"follow","max-snippet":"max-snippet:-1","max-image-preview":"max-image-preview:large","max-video-preview":"max-video-preview:-1"},"canonical":"https:\/\/vte-smartersolutions.com\/de\/produkt\/vte-fernwaermeverbundverteiler-essent\/","og_locale":"de_DE","og_type":"article","og_title":"VTE-Fernw\u00e4rmeverbundverteiler Essent - VTE Smartersolutions","og_description":"VTE-Verbundverteiler sind modular aufgebaut. Dieser Verteiler ist komplett montiert und f\u00fcr Haupt-\/Hilfsheizung und -k\u00fchlung geeignet. Bei offenen Ventilbl\u00f6cken befinden sich die prim\u00e4ren Anschl\u00fcsse standardm\u00e4\u00dfig auf der rechten Seite. Die Verteiler haben die M\u00f6glichkeit, auch auf der linken Seite angeschlossen zu werden.","og_url":"https:\/\/vte-smartersolutions.com\/de\/produkt\/vte-fernwaermeverbundverteiler-essent\/","og_site_name":"VTE Smartersolutions","article_modified_time":"2024-05-16T08:12:59+00:00","og_image":[{"width":2480,"height":1653,"url":"https:\/\/vte-smartersolutions.com\/wp-content\/uploads\/2024\/02\/KU200204.png","type":"image\/png"}],"twitter_card":"summary_large_image","schema":{"@context":"https:\/\/schema.org","@graph":[{"@type":"WebPage","@id":"https:\/\/vte-smartersolutions.com\/de\/produkt\/vte-fernwaermeverbundverteiler-essent\/","url":"https:\/\/vte-smartersolutions.com\/de\/produkt\/vte-fernwaermeverbundverteiler-essent\/","name":"VTE-Fernw\u00e4rmeverbundverteiler Essent - VTE Smartersolutions","isPartOf":{"@id":"https:\/\/vte-smartersolutions.com\/de\/#website"},"primaryImageOfPage":{"@id":"https:\/\/vte-smartersolutions.com\/de\/produkt\/vte-fernwaermeverbundverteiler-essent\/#primaryimage"},"image":{"@id":"https:\/\/vte-smartersolutions.com\/de\/produkt\/vte-fernwaermeverbundverteiler-essent\/#primaryimage"},"thumbnailUrl":"https:\/\/vte-smartersolutions.com\/wp-content\/uploads\/2024\/02\/KU200204.png","datePublished":"2024-02-26T09:09:25+00:00","dateModified":"2024-05-16T08:12:59+00:00","description":"VTE-Verbundverteiler sind modular aufgebaut. Dieser Verteiler ist komplett montiert und f\u00fcr Haupt-\/Hilfsheizung und -k\u00fchlung geeignet. Bei offenen Ventilbl\u00f6cken befinden sich die prim\u00e4ren Anschl\u00fcsse standardm\u00e4\u00dfig auf der rechten Seite. Die Verteiler haben die M\u00f6glichkeit, auch auf der linken Seite angeschlossen zu werden.","breadcrumb":{"@id":"https:\/\/vte-smartersolutions.com\/de\/produkt\/vte-fernwaermeverbundverteiler-essent\/#breadcrumb"},"inLanguage":"de","potentialAction":[{"@type":"ReadAction","target":["https:\/\/vte-smartersolutions.com\/de\/produkt\/vte-fernwaermeverbundverteiler-essent\/"]}]},{"@type":"ImageObject","inLanguage":"de","@id":"https:\/\/vte-smartersolutions.com\/de\/produkt\/vte-fernwaermeverbundverteiler-essent\/#primaryimage","url":"https:\/\/vte-smartersolutions.com\/wp-content\/uploads\/2024\/02\/KU200204.png","contentUrl":"https:\/\/vte-smartersolutions.com\/wp-content\/uploads\/2024\/02\/KU200204.png","width":2480,"height":1653},{"@type":"BreadcrumbList","@id":"https:\/\/vte-smartersolutions.com\/de\/produkt\/vte-fernwaermeverbundverteiler-essent\/#breadcrumb","itemListElement":[{"@type":"ListItem","position":1,"name":"Home","item":"https:\/\/vte-smartersolutions.com\/de\/"},{"@type":"ListItem","position":2,"name":"Produkte","item":"https:\/\/vte-smartersolutions.com\/de\/shop\/"},{"@type":"ListItem","position":3,"name":"Verteiler","item":"https:\/\/vte-smartersolutions.com\/de\/product-categorie\/verteiler\/"},{"@type":"ListItem","position":4,"name":"VTE-Fernw\u00e4rmeverbundverteiler Essent"}]},{"@type":"WebSite","@id":"https:\/\/vte-smartersolutions.com\/de\/#website","url":"https:\/\/vte-smartersolutions.com\/de\/","name":"VTE Smartersolutions","description":"En nog een WordPress site","potentialAction":[{"@type":"SearchAction","target":{"@type":"EntryPoint","urlTemplate":"https:\/\/vte-smartersolutions.com\/de\/?s={search_term_string}"},"query-input":{"@type":"PropertyValueSpecification","valueRequired":true,"valueName":"search_term_string"}}],"inLanguage":"de"}]}},"_links":{"self":[{"href":"https:\/\/vte-smartersolutions.com\/de\/wp-json\/wp\/v2\/product\/14834","targetHints":{"allow":["GET"]}}],"collection":[{"href":"https:\/\/vte-smartersolutions.com\/de\/wp-json\/wp\/v2\/product"}],"about":[{"href":"https:\/\/vte-smartersolutions.com\/de\/wp-json\/wp\/v2\/types\/product"}],"replies":[{"embeddable":true,"href":"https:\/\/vte-smartersolutions.com\/de\/wp-json\/wp\/v2\/comments?post=14834"}],"wp:featuredmedia":[{"embeddable":true,"href":"https:\/\/vte-smartersolutions.com\/de\/wp-json\/wp\/v2\/media\/13853"}],"wp:attachment":[{"href":"https:\/\/vte-smartersolutions.com\/de\/wp-json\/wp\/v2\/media?parent=14834"}],"wp:term":[{"taxonomy":"product_brand","embeddable":true,"href":"https:\/\/vte-smartersolutions.com\/de\/wp-json\/wp\/v2\/product_brand?post=14834"},{"taxonomy":"product_cat","embeddable":true,"href":"https:\/\/vte-smartersolutions.com\/de\/wp-json\/wp\/v2\/product_cat?post=14834"},{"taxonomy":"product_tag","embeddable":true,"href":"https:\/\/vte-smartersolutions.com\/de\/wp-json\/wp\/v2\/product_tag?post=14834"}],"curies":[{"name":"wp","href":"https:\/\/api.w.org\/{rel}","templated":true}]}}