{"id":14850,"date":"2023-01-09T13:21:08","date_gmt":"2023-01-09T13:21:08","guid":{"rendered":"https:\/\/vte-smartersolutions.com\/product\/vte-edelstahl-verteiler\/"},"modified":"2023-01-09T13:21:08","modified_gmt":"2023-01-09T13:21:08","slug":"vte-edelstahl-verteiler","status":"publish","type":"product","link":"https:\/\/vte-smartersolutions.com\/de\/produkt\/vte-edelstahl-verteiler\/","title":{"rendered":"VTE-Edelstahl-Verteiler"},"content":{"rendered":"","protected":false},"excerpt":{"rendered":"<p>Der Edelstahl-Fu\u00dfbodenheizungsverteiler ohne Pumpe ist f\u00fcr Haupt- und Zusatzheizung geeignet. Die Anlage ist mit 1&#8243;-Kugelh\u00e4hnen, Entl\u00fcftungsventilen, F\u00fcll- und Entleerungsventilen, Durchflussmessern und einzelnen Gruppenventilen ausgestattet, so dass die Gruppen von beiden Seiten geschlossen werden k\u00f6nnen. Die maximale Vorlauftemperatur sollte auf 45\u00b0C begrenzt werden. \u00dcber die Durchflussmesser kann ein individueller Durchfluss pro Gruppe eingestellt werden. Die Thermostatventile k\u00f6nnen mit Thermomotoren mit Anschluss M30x1,5 ausgestattet werden.<\/p>\n<p>Der Edelstahlverteiler ist f\u00fcr die Heizung geeignet. Gibt es eine angemessene Taupunktkontrolle? Dann kann der Verteiler auch in Anlagen eingesetzt werden, in denen eine K\u00fchlung m\u00f6glich ist.<\/p>\n<p>Optional k\u00f6nnen die Verteiler mit dynamischen Einstellventilen f\u00fcr eine effizient ausgeglichene Installation geliefert werden.<\/p>\n<p><strong>Technische Spezifikationen:<\/strong><\/p>\n<ul>\n<li>1&#8243;-Kugelh\u00e4hne<\/li>\n<li>Doppelte Entl\u00fcftungs\u00f6ffnungen<\/li>\n<li>2 F\u00fcll- und Ablassh\u00e4hne<\/li>\n<li>3\/4&#8243; Eurokonus-Gruppenanschluss<\/li>\n<li>Thermostatische Ventile M30x1,5<\/li>\n<li>Flowmeters 0,5 &#8211; 5l\/min<\/li>\n<li>Doppelte Thermometer<\/li>\n<li>Vierkant-Edelstahlrohrprofile<\/li>\n<li>2 bis 13 Gruppen<\/li>\n<\/ul>\n","protected":false},"featured_media":27692,"comment_status":"open","ping_status":"closed","template":"","meta":{"_acf_changed":false},"product_brand":[],"product_cat":[262],"product_tag":[],"class_list":{"0":"post-14850","1":"product","2":"type-product","3":"status-publish","4":"has-post-thumbnail","6":"product_cat-edelstahl-verteiler","8":"first","9":"instock","10":"shipping-taxable","11":"purchasable","12":"product-type-variable"},"acf":[],"yoast_head":"<!-- This site is optimized with the Yoast SEO plugin v27.6 - https:\/\/yoast.com\/product\/yoast-seo-wordpress\/ -->\n<title>VTE-Edelstahl-Verteiler - VTE Smartersolutions<\/title>\n<meta name=\"description\" content=\"Der Edelstahl-Fu\u00dfbodenheizungsverteiler ohne Pumpe ist f\u00fcr Haupt- und Zusatzheizung geeignet. Optional mit dynamischen Einstellventilen erh\u00e4ltlich.\" \/>\n<meta name=\"robots\" content=\"index, follow, max-snippet:-1, max-image-preview:large, max-video-preview:-1\" \/>\n<link rel=\"canonical\" href=\"https:\/\/vte-smartersolutions.com\/de\/produkt\/vte-edelstahl-verteiler\/\" \/>\n<meta property=\"og:locale\" content=\"de_DE\" \/>\n<meta property=\"og:type\" content=\"article\" \/>\n<meta property=\"og:title\" content=\"VTE-Edelstahl-Verteiler - VTE Smartersolutions\" \/>\n<meta property=\"og:description\" content=\"Der Edelstahl-Fu\u00dfbodenheizungsverteiler ohne Pumpe ist f\u00fcr Haupt- und Zusatzheizung geeignet. Optional mit dynamischen Einstellventilen erh\u00e4ltlich.\" \/>\n<meta property=\"og:url\" content=\"https:\/\/vte-smartersolutions.com\/de\/produkt\/vte-edelstahl-verteiler\/\" \/>\n<meta property=\"og:site_name\" content=\"VTE Smartersolutions\" \/>\n<meta property=\"og:image\" content=\"https:\/\/vte-smartersolutions.com\/wp-content\/uploads\/2022\/11\/45090004.png\" \/>\n\t<meta property=\"og:image:width\" content=\"6240\" \/>\n\t<meta property=\"og:image:height\" content=\"4160\" \/>\n\t<meta property=\"og:image:type\" content=\"image\/png\" \/>\n<meta name=\"twitter:card\" content=\"summary_large_image\" \/>\n<script type=\"application\/ld+json\" class=\"yoast-schema-graph\">{\"@context\":\"https:\\\/\\\/schema.org\",\"@graph\":[{\"@type\":\"WebPage\",\"@id\":\"https:\\\/\\\/vte-smartersolutions.com\\\/de\\\/produkt\\\/vte-edelstahl-verteiler\\\/\",\"url\":\"https:\\\/\\\/vte-smartersolutions.com\\\/de\\\/produkt\\\/vte-edelstahl-verteiler\\\/\",\"name\":\"VTE-Edelstahl-Verteiler - VTE Smartersolutions\",\"isPartOf\":{\"@id\":\"https:\\\/\\\/vte-smartersolutions.com\\\/de\\\/#website\"},\"primaryImageOfPage\":{\"@id\":\"https:\\\/\\\/vte-smartersolutions.com\\\/de\\\/produkt\\\/vte-edelstahl-verteiler\\\/#primaryimage\"},\"image\":{\"@id\":\"https:\\\/\\\/vte-smartersolutions.com\\\/de\\\/produkt\\\/vte-edelstahl-verteiler\\\/#primaryimage\"},\"thumbnailUrl\":\"https:\\\/\\\/vte-smartersolutions.com\\\/wp-content\\\/uploads\\\/2023\\\/01\\\/45090004-lage-knoppen-scaled.png\",\"datePublished\":\"2023-01-09T13:21:08+00:00\",\"description\":\"Der Edelstahl-Fu\u00dfbodenheizungsverteiler ohne Pumpe ist f\u00fcr Haupt- und Zusatzheizung geeignet. Optional mit dynamischen Einstellventilen erh\u00e4ltlich.\",\"breadcrumb\":{\"@id\":\"https:\\\/\\\/vte-smartersolutions.com\\\/de\\\/produkt\\\/vte-edelstahl-verteiler\\\/#breadcrumb\"},\"inLanguage\":\"de\",\"potentialAction\":[{\"@type\":\"ReadAction\",\"target\":[\"https:\\\/\\\/vte-smartersolutions.com\\\/de\\\/produkt\\\/vte-edelstahl-verteiler\\\/\"]}]},{\"@type\":\"ImageObject\",\"inLanguage\":\"de\",\"@id\":\"https:\\\/\\\/vte-smartersolutions.com\\\/de\\\/produkt\\\/vte-edelstahl-verteiler\\\/#primaryimage\",\"url\":\"https:\\\/\\\/vte-smartersolutions.com\\\/wp-content\\\/uploads\\\/2023\\\/01\\\/45090004-lage-knoppen-scaled.png\",\"contentUrl\":\"https:\\\/\\\/vte-smartersolutions.com\\\/wp-content\\\/uploads\\\/2023\\\/01\\\/45090004-lage-knoppen-scaled.png\",\"width\":2560,\"height\":1707},{\"@type\":\"BreadcrumbList\",\"@id\":\"https:\\\/\\\/vte-smartersolutions.com\\\/de\\\/produkt\\\/vte-edelstahl-verteiler\\\/#breadcrumb\",\"itemListElement\":[{\"@type\":\"ListItem\",\"position\":1,\"name\":\"Home\",\"item\":\"https:\\\/\\\/vte-smartersolutions.com\\\/de\\\/\"},{\"@type\":\"ListItem\",\"position\":2,\"name\":\"Produkte\",\"item\":\"https:\\\/\\\/vte-smartersolutions.com\\\/de\\\/shop\\\/\"},{\"@type\":\"ListItem\",\"position\":3,\"name\":\"VTE-Edelstahl-Verteiler\"}]},{\"@type\":\"WebSite\",\"@id\":\"https:\\\/\\\/vte-smartersolutions.com\\\/de\\\/#website\",\"url\":\"https:\\\/\\\/vte-smartersolutions.com\\\/de\\\/\",\"name\":\"VTE Smartersolutions\",\"description\":\"En nog een WordPress site\",\"potentialAction\":[{\"@type\":\"SearchAction\",\"target\":{\"@type\":\"EntryPoint\",\"urlTemplate\":\"https:\\\/\\\/vte-smartersolutions.com\\\/de\\\/?s={search_term_string}\"},\"query-input\":{\"@type\":\"PropertyValueSpecification\",\"valueRequired\":true,\"valueName\":\"search_term_string\"}}],\"inLanguage\":\"de\"}]}<\/script>\n<!-- \/ Yoast SEO plugin. -->","yoast_head_json":{"title":"VTE-Edelstahl-Verteiler - VTE Smartersolutions","description":"Der Edelstahl-Fu\u00dfbodenheizungsverteiler ohne Pumpe ist f\u00fcr Haupt- und Zusatzheizung geeignet. Optional mit dynamischen Einstellventilen erh\u00e4ltlich.","robots":{"index":"index","follow":"follow","max-snippet":"max-snippet:-1","max-image-preview":"max-image-preview:large","max-video-preview":"max-video-preview:-1"},"canonical":"https:\/\/vte-smartersolutions.com\/de\/produkt\/vte-edelstahl-verteiler\/","og_locale":"de_DE","og_type":"article","og_title":"VTE-Edelstahl-Verteiler - VTE Smartersolutions","og_description":"Der Edelstahl-Fu\u00dfbodenheizungsverteiler ohne Pumpe ist f\u00fcr Haupt- und Zusatzheizung geeignet. Optional mit dynamischen Einstellventilen erh\u00e4ltlich.","og_url":"https:\/\/vte-smartersolutions.com\/de\/produkt\/vte-edelstahl-verteiler\/","og_site_name":"VTE Smartersolutions","og_image":[{"width":6240,"height":4160,"url":"https:\/\/vte-smartersolutions.com\/wp-content\/uploads\/2022\/11\/45090004.png","type":"image\/png"}],"twitter_card":"summary_large_image","schema":{"@context":"https:\/\/schema.org","@graph":[{"@type":"WebPage","@id":"https:\/\/vte-smartersolutions.com\/de\/produkt\/vte-edelstahl-verteiler\/","url":"https:\/\/vte-smartersolutions.com\/de\/produkt\/vte-edelstahl-verteiler\/","name":"VTE-Edelstahl-Verteiler - VTE Smartersolutions","isPartOf":{"@id":"https:\/\/vte-smartersolutions.com\/de\/#website"},"primaryImageOfPage":{"@id":"https:\/\/vte-smartersolutions.com\/de\/produkt\/vte-edelstahl-verteiler\/#primaryimage"},"image":{"@id":"https:\/\/vte-smartersolutions.com\/de\/produkt\/vte-edelstahl-verteiler\/#primaryimage"},"thumbnailUrl":"https:\/\/vte-smartersolutions.com\/wp-content\/uploads\/2023\/01\/45090004-lage-knoppen-scaled.png","datePublished":"2023-01-09T13:21:08+00:00","description":"Der Edelstahl-Fu\u00dfbodenheizungsverteiler ohne Pumpe ist f\u00fcr Haupt- und Zusatzheizung geeignet. Optional mit dynamischen Einstellventilen erh\u00e4ltlich.","breadcrumb":{"@id":"https:\/\/vte-smartersolutions.com\/de\/produkt\/vte-edelstahl-verteiler\/#breadcrumb"},"inLanguage":"de","potentialAction":[{"@type":"ReadAction","target":["https:\/\/vte-smartersolutions.com\/de\/produkt\/vte-edelstahl-verteiler\/"]}]},{"@type":"ImageObject","inLanguage":"de","@id":"https:\/\/vte-smartersolutions.com\/de\/produkt\/vte-edelstahl-verteiler\/#primaryimage","url":"https:\/\/vte-smartersolutions.com\/wp-content\/uploads\/2023\/01\/45090004-lage-knoppen-scaled.png","contentUrl":"https:\/\/vte-smartersolutions.com\/wp-content\/uploads\/2023\/01\/45090004-lage-knoppen-scaled.png","width":2560,"height":1707},{"@type":"BreadcrumbList","@id":"https:\/\/vte-smartersolutions.com\/de\/produkt\/vte-edelstahl-verteiler\/#breadcrumb","itemListElement":[{"@type":"ListItem","position":1,"name":"Home","item":"https:\/\/vte-smartersolutions.com\/de\/"},{"@type":"ListItem","position":2,"name":"Produkte","item":"https:\/\/vte-smartersolutions.com\/de\/shop\/"},{"@type":"ListItem","position":3,"name":"VTE-Edelstahl-Verteiler"}]},{"@type":"WebSite","@id":"https:\/\/vte-smartersolutions.com\/de\/#website","url":"https:\/\/vte-smartersolutions.com\/de\/","name":"VTE Smartersolutions","description":"En nog een WordPress site","potentialAction":[{"@type":"SearchAction","target":{"@type":"EntryPoint","urlTemplate":"https:\/\/vte-smartersolutions.com\/de\/?s={search_term_string}"},"query-input":{"@type":"PropertyValueSpecification","valueRequired":true,"valueName":"search_term_string"}}],"inLanguage":"de"}]}},"_links":{"self":[{"href":"https:\/\/vte-smartersolutions.com\/de\/wp-json\/wp\/v2\/product\/14850","targetHints":{"allow":["GET"]}}],"collection":[{"href":"https:\/\/vte-smartersolutions.com\/de\/wp-json\/wp\/v2\/product"}],"about":[{"href":"https:\/\/vte-smartersolutions.com\/de\/wp-json\/wp\/v2\/types\/product"}],"replies":[{"embeddable":true,"href":"https:\/\/vte-smartersolutions.com\/de\/wp-json\/wp\/v2\/comments?post=14850"}],"wp:featuredmedia":[{"embeddable":true,"href":"https:\/\/vte-smartersolutions.com\/de\/wp-json\/wp\/v2\/media\/27692"}],"wp:attachment":[{"href":"https:\/\/vte-smartersolutions.com\/de\/wp-json\/wp\/v2\/media?parent=14850"}],"wp:term":[{"taxonomy":"product_brand","embeddable":true,"href":"https:\/\/vte-smartersolutions.com\/de\/wp-json\/wp\/v2\/product_brand?post=14850"},{"taxonomy":"product_cat","embeddable":true,"href":"https:\/\/vte-smartersolutions.com\/de\/wp-json\/wp\/v2\/product_cat?post=14850"},{"taxonomy":"product_tag","embeddable":true,"href":"https:\/\/vte-smartersolutions.com\/de\/wp-json\/wp\/v2\/product_tag?post=14850"}],"curies":[{"name":"wp","href":"https:\/\/api.w.org\/{rel}","templated":true}]}}