{"id":9057,"date":"2022-04-18T11:12:03","date_gmt":"2022-04-18T11:12:03","guid":{"rendered":"https:\/\/vte-smartersolutions.com\/product\/vte-komposit-verteiler-offen\/"},"modified":"2022-04-18T11:12:03","modified_gmt":"2022-04-18T11:12:03","slug":"vte-komposit-verteiler-offen","status":"publish","type":"product","link":"https:\/\/vte-smartersolutions.com\/de\/produkt\/vte-komposit-verteiler-offen\/","title":{"rendered":"VTE Komposit-Verteiler offen"},"content":{"rendered":"","protected":false},"excerpt":{"rendered":"<p>Die VTE Komposit-Verteiler sind modular aufgebaut. Dieser Verteiler ist komplett vormontiert und geeignet f\u00fcr die Haupt-\/Zusatzheizung und die K\u00fchlung, druckgepr\u00fcft bis 7 bar, aus hochwertigem glasfaserverst\u00e4rktem schwarzen Polyamid-Komposit hergestellt und von 2 bis 16 Gruppen lieferbar. Bei den offenen Verteilern befinden sich die prim\u00e4ren Anschl\u00fcsse (Vor- und R\u00fccklauf) standardm\u00e4\u00dfig auf der rechten Seite. Die Verteiler k\u00f6nnen optional auch auf der linken Seite angeschlossen werden. Die Universal-Kugelh\u00e4hne m\u00fcssen separat bestellt werden. Des Weiteren ist der Verteiler serienm\u00e4\u00dfig mit motorisierbaren thermostatischen Ventilen (M30x1,5) und einstellbaren Durchflussmessern ausgestattet.<\/p>\n<ul>\n<li>Thermometer am unteren Verteilerbalken<\/li>\n<li>Thermometer am oberen Verteilerbalken<\/li>\n<li>Rechts und links anschlie\u00dfbar<\/li>\n<li>Modulares System, prim\u00e4rer Anschluss 1&#8220;<\/li>\n<li>Manuelle Entl\u00fcftung im oberen Verteilerbalken<\/li>\n<li>2x F\u00fcll- und Ablasshahn<\/li>\n<li>Einstellbare Durchflussmesser Taconova 0 bis 300 l\/h im Vorlauf<\/li>\n<li>Thermostatisches Ventil M30 x 1,5 pro Gruppe im R\u00fccklauf<\/li>\n<li>Erh\u00e4ltlich mit voreinstellbaren dynamischen Durchflussventilen<\/li>\n<li>Anschluss 3\/4&#8220; Euro<\/li>\n<li>Doppelwandige isolierende Module<\/li>\n<li>Keine Kondensatansammlung<\/li>\n<li>10 Jahre Garantie auf Produktionsfehler<\/li>\n<li>Mitteldistanz-Gruppen 50mm<\/li>\n<li>Vorbereitet f\u00fcr Zonenregelung<\/li>\n<\/ul>\n","protected":false},"featured_media":12563,"comment_status":"open","ping_status":"closed","template":"","meta":{"_acf_changed":false},"product_brand":[],"product_cat":[192,193],"product_tag":[],"class_list":{"0":"post-9057","1":"product","2":"type-product","3":"status-publish","4":"has-post-thumbnail","6":"product_cat-verteiler","7":"product_cat-vte-komposit-verteiler","9":"first","10":"instock","11":"shipping-taxable","12":"purchasable","13":"product-type-variable"},"acf":[],"yoast_head":"<!-- This site is optimized with the Yoast SEO plugin v27.6 - https:\/\/yoast.com\/product\/yoast-seo-wordpress\/ -->\n<title>VTE Komposit-Verteiler offen - VTE Smartersolutions<\/title>\n<meta name=\"description\" content=\"VTE Komposit-Verteiler sind modular aufgebaut. Dieser Verteiler ist komplett vormontiert und f\u00fcr Haupt-\/Zusatzheizung und K\u00fchlung geeignet. Bei den offenen Verteilern befinden sich die prim\u00e4ren Anschl\u00fcsse standardm\u00e4\u00dfig auf der rechten Seite. Die Verteiler k\u00f6nnen optional auch auf der linken Seite angeschlossen werden.\" \/>\n<meta name=\"robots\" content=\"index, follow, max-snippet:-1, max-image-preview:large, max-video-preview:-1\" \/>\n<link rel=\"canonical\" href=\"https:\/\/vte-smartersolutions.com\/de\/produkt\/vte-komposit-verteiler-offen\/\" \/>\n<meta property=\"og:locale\" content=\"de_DE\" \/>\n<meta property=\"og:type\" content=\"article\" \/>\n<meta property=\"og:title\" content=\"VTE Komposit-Verteiler offen - VTE Smartersolutions\" \/>\n<meta property=\"og:description\" content=\"VTE Komposit-Verteiler sind modular aufgebaut. Dieser Verteiler ist komplett vormontiert und f\u00fcr Haupt-\/Zusatzheizung und K\u00fchlung geeignet. Bei den offenen Verteilern befinden sich die prim\u00e4ren Anschl\u00fcsse standardm\u00e4\u00dfig auf der rechten Seite. Die Verteiler k\u00f6nnen optional auch auf der linken Seite angeschlossen werden.\" \/>\n<meta property=\"og:url\" content=\"https:\/\/vte-smartersolutions.com\/de\/produkt\/vte-komposit-verteiler-offen\/\" \/>\n<meta property=\"og:site_name\" content=\"VTE Smartersolutions\" \/>\n<meta property=\"og:image\" content=\"https:\/\/vte-smartersolutions.com\/wp-content\/uploads\/2022\/04\/220317-009.png\" \/>\n\t<meta property=\"og:image:width\" content=\"5543\" \/>\n\t<meta property=\"og:image:height\" content=\"3695\" \/>\n\t<meta property=\"og:image:type\" content=\"image\/png\" \/>\n<meta name=\"twitter:card\" content=\"summary_large_image\" \/>\n<script type=\"application\/ld+json\" class=\"yoast-schema-graph\">{\"@context\":\"https:\\\/\\\/schema.org\",\"@graph\":[{\"@type\":\"WebPage\",\"@id\":\"https:\\\/\\\/vte-smartersolutions.com\\\/de\\\/produkt\\\/vte-komposit-verteiler-offen\\\/\",\"url\":\"https:\\\/\\\/vte-smartersolutions.com\\\/de\\\/produkt\\\/vte-komposit-verteiler-offen\\\/\",\"name\":\"VTE Komposit-Verteiler offen - VTE Smartersolutions\",\"isPartOf\":{\"@id\":\"https:\\\/\\\/vte-smartersolutions.com\\\/de\\\/#website\"},\"primaryImageOfPage\":{\"@id\":\"https:\\\/\\\/vte-smartersolutions.com\\\/de\\\/produkt\\\/vte-komposit-verteiler-offen\\\/#primaryimage\"},\"image\":{\"@id\":\"https:\\\/\\\/vte-smartersolutions.com\\\/de\\\/produkt\\\/vte-komposit-verteiler-offen\\\/#primaryimage\"},\"thumbnailUrl\":\"https:\\\/\\\/vte-smartersolutions.com\\\/wp-content\\\/uploads\\\/2022\\\/04\\\/KU100104.png\",\"datePublished\":\"2022-04-18T11:12:03+00:00\",\"description\":\"VTE Komposit-Verteiler sind modular aufgebaut. Dieser Verteiler ist komplett vormontiert und f\u00fcr Haupt-\\\/Zusatzheizung und K\u00fchlung geeignet. Bei den offenen Verteilern befinden sich die prim\u00e4ren Anschl\u00fcsse standardm\u00e4\u00dfig auf der rechten Seite. Die Verteiler k\u00f6nnen optional auch auf der linken Seite angeschlossen werden.\",\"breadcrumb\":{\"@id\":\"https:\\\/\\\/vte-smartersolutions.com\\\/de\\\/produkt\\\/vte-komposit-verteiler-offen\\\/#breadcrumb\"},\"inLanguage\":\"de\",\"potentialAction\":[{\"@type\":\"ReadAction\",\"target\":[\"https:\\\/\\\/vte-smartersolutions.com\\\/de\\\/produkt\\\/vte-komposit-verteiler-offen\\\/\"]}]},{\"@type\":\"ImageObject\",\"inLanguage\":\"de\",\"@id\":\"https:\\\/\\\/vte-smartersolutions.com\\\/de\\\/produkt\\\/vte-komposit-verteiler-offen\\\/#primaryimage\",\"url\":\"https:\\\/\\\/vte-smartersolutions.com\\\/wp-content\\\/uploads\\\/2022\\\/04\\\/KU100104.png\",\"contentUrl\":\"https:\\\/\\\/vte-smartersolutions.com\\\/wp-content\\\/uploads\\\/2022\\\/04\\\/KU100104.png\",\"width\":2480,\"height\":1653},{\"@type\":\"BreadcrumbList\",\"@id\":\"https:\\\/\\\/vte-smartersolutions.com\\\/de\\\/produkt\\\/vte-komposit-verteiler-offen\\\/#breadcrumb\",\"itemListElement\":[{\"@type\":\"ListItem\",\"position\":1,\"name\":\"Home\",\"item\":\"https:\\\/\\\/vte-smartersolutions.com\\\/de\\\/\"},{\"@type\":\"ListItem\",\"position\":2,\"name\":\"Produkte\",\"item\":\"https:\\\/\\\/vte-smartersolutions.com\\\/de\\\/shop\\\/\"},{\"@type\":\"ListItem\",\"position\":3,\"name\":\"Verteiler\",\"item\":\"https:\\\/\\\/vte-smartersolutions.com\\\/de\\\/product-categorie\\\/verteiler\\\/\"},{\"@type\":\"ListItem\",\"position\":4,\"name\":\"VTE Komposit-Verteiler offen\"}]},{\"@type\":\"WebSite\",\"@id\":\"https:\\\/\\\/vte-smartersolutions.com\\\/de\\\/#website\",\"url\":\"https:\\\/\\\/vte-smartersolutions.com\\\/de\\\/\",\"name\":\"VTE Smartersolutions\",\"description\":\"En nog een WordPress site\",\"potentialAction\":[{\"@type\":\"SearchAction\",\"target\":{\"@type\":\"EntryPoint\",\"urlTemplate\":\"https:\\\/\\\/vte-smartersolutions.com\\\/de\\\/?s={search_term_string}\"},\"query-input\":{\"@type\":\"PropertyValueSpecification\",\"valueRequired\":true,\"valueName\":\"search_term_string\"}}],\"inLanguage\":\"de\"}]}<\/script>\n<!-- \/ Yoast SEO plugin. -->","yoast_head_json":{"title":"VTE Komposit-Verteiler offen - VTE Smartersolutions","description":"VTE Komposit-Verteiler sind modular aufgebaut. Dieser Verteiler ist komplett vormontiert und f\u00fcr Haupt-\/Zusatzheizung und K\u00fchlung geeignet. Bei den offenen Verteilern befinden sich die prim\u00e4ren Anschl\u00fcsse standardm\u00e4\u00dfig auf der rechten Seite. Die Verteiler k\u00f6nnen optional auch auf der linken Seite angeschlossen werden.","robots":{"index":"index","follow":"follow","max-snippet":"max-snippet:-1","max-image-preview":"max-image-preview:large","max-video-preview":"max-video-preview:-1"},"canonical":"https:\/\/vte-smartersolutions.com\/de\/produkt\/vte-komposit-verteiler-offen\/","og_locale":"de_DE","og_type":"article","og_title":"VTE Komposit-Verteiler offen - VTE Smartersolutions","og_description":"VTE Komposit-Verteiler sind modular aufgebaut. Dieser Verteiler ist komplett vormontiert und f\u00fcr Haupt-\/Zusatzheizung und K\u00fchlung geeignet. Bei den offenen Verteilern befinden sich die prim\u00e4ren Anschl\u00fcsse standardm\u00e4\u00dfig auf der rechten Seite. Die Verteiler k\u00f6nnen optional auch auf der linken Seite angeschlossen werden.","og_url":"https:\/\/vte-smartersolutions.com\/de\/produkt\/vte-komposit-verteiler-offen\/","og_site_name":"VTE Smartersolutions","og_image":[{"width":5543,"height":3695,"url":"https:\/\/vte-smartersolutions.com\/wp-content\/uploads\/2022\/04\/220317-009.png","type":"image\/png"}],"twitter_card":"summary_large_image","schema":{"@context":"https:\/\/schema.org","@graph":[{"@type":"WebPage","@id":"https:\/\/vte-smartersolutions.com\/de\/produkt\/vte-komposit-verteiler-offen\/","url":"https:\/\/vte-smartersolutions.com\/de\/produkt\/vte-komposit-verteiler-offen\/","name":"VTE Komposit-Verteiler offen - VTE Smartersolutions","isPartOf":{"@id":"https:\/\/vte-smartersolutions.com\/de\/#website"},"primaryImageOfPage":{"@id":"https:\/\/vte-smartersolutions.com\/de\/produkt\/vte-komposit-verteiler-offen\/#primaryimage"},"image":{"@id":"https:\/\/vte-smartersolutions.com\/de\/produkt\/vte-komposit-verteiler-offen\/#primaryimage"},"thumbnailUrl":"https:\/\/vte-smartersolutions.com\/wp-content\/uploads\/2022\/04\/KU100104.png","datePublished":"2022-04-18T11:12:03+00:00","description":"VTE Komposit-Verteiler sind modular aufgebaut. Dieser Verteiler ist komplett vormontiert und f\u00fcr Haupt-\/Zusatzheizung und K\u00fchlung geeignet. Bei den offenen Verteilern befinden sich die prim\u00e4ren Anschl\u00fcsse standardm\u00e4\u00dfig auf der rechten Seite. Die Verteiler k\u00f6nnen optional auch auf der linken Seite angeschlossen werden.","breadcrumb":{"@id":"https:\/\/vte-smartersolutions.com\/de\/produkt\/vte-komposit-verteiler-offen\/#breadcrumb"},"inLanguage":"de","potentialAction":[{"@type":"ReadAction","target":["https:\/\/vte-smartersolutions.com\/de\/produkt\/vte-komposit-verteiler-offen\/"]}]},{"@type":"ImageObject","inLanguage":"de","@id":"https:\/\/vte-smartersolutions.com\/de\/produkt\/vte-komposit-verteiler-offen\/#primaryimage","url":"https:\/\/vte-smartersolutions.com\/wp-content\/uploads\/2022\/04\/KU100104.png","contentUrl":"https:\/\/vte-smartersolutions.com\/wp-content\/uploads\/2022\/04\/KU100104.png","width":2480,"height":1653},{"@type":"BreadcrumbList","@id":"https:\/\/vte-smartersolutions.com\/de\/produkt\/vte-komposit-verteiler-offen\/#breadcrumb","itemListElement":[{"@type":"ListItem","position":1,"name":"Home","item":"https:\/\/vte-smartersolutions.com\/de\/"},{"@type":"ListItem","position":2,"name":"Produkte","item":"https:\/\/vte-smartersolutions.com\/de\/shop\/"},{"@type":"ListItem","position":3,"name":"Verteiler","item":"https:\/\/vte-smartersolutions.com\/de\/product-categorie\/verteiler\/"},{"@type":"ListItem","position":4,"name":"VTE Komposit-Verteiler offen"}]},{"@type":"WebSite","@id":"https:\/\/vte-smartersolutions.com\/de\/#website","url":"https:\/\/vte-smartersolutions.com\/de\/","name":"VTE Smartersolutions","description":"En nog een WordPress site","potentialAction":[{"@type":"SearchAction","target":{"@type":"EntryPoint","urlTemplate":"https:\/\/vte-smartersolutions.com\/de\/?s={search_term_string}"},"query-input":{"@type":"PropertyValueSpecification","valueRequired":true,"valueName":"search_term_string"}}],"inLanguage":"de"}]}},"_links":{"self":[{"href":"https:\/\/vte-smartersolutions.com\/de\/wp-json\/wp\/v2\/product\/9057","targetHints":{"allow":["GET"]}}],"collection":[{"href":"https:\/\/vte-smartersolutions.com\/de\/wp-json\/wp\/v2\/product"}],"about":[{"href":"https:\/\/vte-smartersolutions.com\/de\/wp-json\/wp\/v2\/types\/product"}],"replies":[{"embeddable":true,"href":"https:\/\/vte-smartersolutions.com\/de\/wp-json\/wp\/v2\/comments?post=9057"}],"wp:featuredmedia":[{"embeddable":true,"href":"https:\/\/vte-smartersolutions.com\/de\/wp-json\/wp\/v2\/media\/12563"}],"wp:attachment":[{"href":"https:\/\/vte-smartersolutions.com\/de\/wp-json\/wp\/v2\/media?parent=9057"}],"wp:term":[{"taxonomy":"product_brand","embeddable":true,"href":"https:\/\/vte-smartersolutions.com\/de\/wp-json\/wp\/v2\/product_brand?post=9057"},{"taxonomy":"product_cat","embeddable":true,"href":"https:\/\/vte-smartersolutions.com\/de\/wp-json\/wp\/v2\/product_cat?post=9057"},{"taxonomy":"product_tag","embeddable":true,"href":"https:\/\/vte-smartersolutions.com\/de\/wp-json\/wp\/v2\/product_tag?post=9057"}],"curies":[{"name":"wp","href":"https:\/\/api.w.org\/{rel}","templated":true}]}}