{"id":9073,"date":"2022-04-14T12:03:45","date_gmt":"2022-04-14T12:03:45","guid":{"rendered":"https:\/\/vte-smartersolutions.com\/product\/vte-komposit-verteiler-mit-pumpe\/"},"modified":"2022-04-14T12:03:45","modified_gmt":"2022-04-14T12:03:45","slug":"vte-komposit-verteiler-mit-pumpe","status":"publish","type":"product","link":"https:\/\/vte-smartersolutions.com\/de\/produkt\/vte-komposit-verteiler-mit-pumpe\/","title":{"rendered":"VTE Komposit-Verteiler mit Pumpe"},"content":{"rendered":"","protected":false},"excerpt":{"rendered":"<p>Die VTE Komposit-Verteiler sind modular aufgebaut und sowohl als offener Verteiler als auch mit Pumpe erh\u00e4ltlich. Dieser Verteiler ist komplett vormontiert und geeignet f\u00fcr Haupt- und Zusatzheizung und K\u00fchlung, druckgepr\u00fcft bis 7 bar, aus hochwertigem glasfaserverst\u00e4rktem schwarzem Polyamid-Komposit hergestellt und von 2 bis 16 Gruppen lieferbar. Bei den Verteilern mit Pumpe befinden sich die prim\u00e4ren Anschl\u00fcsse (Vor- und R\u00fccklauf) standardm\u00e4\u00dfig oben rechts. Die Verteiler k\u00f6nnen wahlweise auch links und\/oder unten angeschlossen werden. Der Verteiler ist serienm\u00e4\u00dfig mit motorisierbaren thermostatischen Ventilen (M30x1,5) und einstellbaren Durchflussmessern ausgestattet.<\/p>\n<ul>\n<li>Thermo-Manometer im unteren Verteilerbalken<\/li>\n<li>Thermometer im oberen Verteilerbalken<\/li>\n<li>4-seitiger prim\u00e4rer Anschluss m\u00f6glich<\/li>\n<li>Standardm\u00e4\u00dfig mit Grundfos UPM3 Auto ausgestattet<\/li>\n<li>Einstellbares LTV-Ventil<\/li>\n<li>F\u00fcll- und Ablasshahn<\/li>\n<li>Einstellbarer Durchflussmesser Taconova 0 bis 300 l\/h im Vorlauf<\/li>\n<li>Motorisierbares Ventil M30x1,5 pro Gruppe im R\u00fccklauf<\/li>\n<li>Erh\u00e4ltlich mit voreinstellbaren dynamischen Durchflussventilen<\/li>\n<li>Doppelwandige isolierende Module<\/li>\n<li>Keine Kondensatansammlung<\/li>\n<li>10 Jahre Garantie auf Produktionsfehler<\/li>\n<li>Mitteldistanz-Gruppen 50mm<\/li>\n<li>Vorbereitet f\u00fcr Zonenregelung<\/li>\n<li>Auch in einer Fernw\u00e4rmeausf\u00fchrung lieferbar<\/li>\n<\/ul>\n","protected":false},"featured_media":8885,"comment_status":"open","ping_status":"closed","template":"","meta":{"_acf_changed":false},"product_brand":[],"product_cat":[192,193],"product_tag":[],"class_list":{"0":"post-9073","1":"product","2":"type-product","3":"status-publish","4":"has-post-thumbnail","6":"product_cat-verteiler","7":"product_cat-vte-komposit-verteiler","9":"first","10":"instock","11":"shipping-taxable","12":"purchasable","13":"product-type-variable"},"acf":[],"yoast_head":"<!-- This site is optimized with the Yoast SEO plugin v27.6 - https:\/\/yoast.com\/product\/yoast-seo-wordpress\/ -->\n<title>VTE Komposit-Verteiler mit Pumpe - VTE Smartersolutions<\/title>\n<meta name=\"description\" content=\"VTE Komposit-Verteiler sind sowohl als offene Verteiler als auch mit Pumpe lieferbar. Der Verteiler ist komplett vormontiert und f\u00fcr Haupt-\/Zusatzheizung und K\u00fchlung geeignet und kann wahlweise links und\/oder unten angeschlossen werden.\" \/>\n<meta name=\"robots\" content=\"index, follow, max-snippet:-1, max-image-preview:large, max-video-preview:-1\" \/>\n<link rel=\"canonical\" href=\"https:\/\/vte-smartersolutions.com\/de\/produkt\/vte-komposit-verteiler-mit-pumpe\/\" \/>\n<meta property=\"og:locale\" content=\"de_DE\" \/>\n<meta property=\"og:type\" content=\"article\" \/>\n<meta property=\"og:title\" content=\"VTE Komposit-Verteiler mit Pumpe - VTE Smartersolutions\" \/>\n<meta property=\"og:description\" content=\"VTE Komposit-Verteiler sind sowohl als offene Verteiler als auch mit Pumpe lieferbar. Der Verteiler ist komplett vormontiert und f\u00fcr Haupt-\/Zusatzheizung und K\u00fchlung geeignet und kann wahlweise links und\/oder unten angeschlossen werden.\" \/>\n<meta property=\"og:url\" content=\"https:\/\/vte-smartersolutions.com\/de\/produkt\/vte-komposit-verteiler-mit-pumpe\/\" \/>\n<meta property=\"og:site_name\" content=\"VTE Smartersolutions\" \/>\n<meta property=\"og:image\" content=\"https:\/\/vte-smartersolutions.com\/wp-content\/uploads\/2022\/04\/220317-002.png\" \/>\n\t<meta property=\"og:image:width\" content=\"6217\" \/>\n\t<meta property=\"og:image:height\" content=\"4145\" \/>\n\t<meta property=\"og:image:type\" content=\"image\/png\" \/>\n<meta name=\"twitter:card\" content=\"summary_large_image\" \/>\n<script type=\"application\/ld+json\" class=\"yoast-schema-graph\">{\"@context\":\"https:\\\/\\\/schema.org\",\"@graph\":[{\"@type\":\"WebPage\",\"@id\":\"https:\\\/\\\/vte-smartersolutions.com\\\/de\\\/produkt\\\/vte-komposit-verteiler-mit-pumpe\\\/\",\"url\":\"https:\\\/\\\/vte-smartersolutions.com\\\/de\\\/produkt\\\/vte-komposit-verteiler-mit-pumpe\\\/\",\"name\":\"VTE Komposit-Verteiler mit Pumpe - VTE Smartersolutions\",\"isPartOf\":{\"@id\":\"https:\\\/\\\/vte-smartersolutions.com\\\/de\\\/#website\"},\"primaryImageOfPage\":{\"@id\":\"https:\\\/\\\/vte-smartersolutions.com\\\/de\\\/produkt\\\/vte-komposit-verteiler-mit-pumpe\\\/#primaryimage\"},\"image\":{\"@id\":\"https:\\\/\\\/vte-smartersolutions.com\\\/de\\\/produkt\\\/vte-komposit-verteiler-mit-pumpe\\\/#primaryimage\"},\"thumbnailUrl\":\"https:\\\/\\\/vte-smartersolutions.com\\\/wp-content\\\/uploads\\\/2022\\\/04\\\/220317-002.png\",\"datePublished\":\"2022-04-14T12:03:45+00:00\",\"description\":\"VTE Komposit-Verteiler sind sowohl als offene Verteiler als auch mit Pumpe lieferbar. Der Verteiler ist komplett vormontiert und f\u00fcr Haupt-\\\/Zusatzheizung und K\u00fchlung geeignet und kann wahlweise links und\\\/oder unten angeschlossen werden.\",\"breadcrumb\":{\"@id\":\"https:\\\/\\\/vte-smartersolutions.com\\\/de\\\/produkt\\\/vte-komposit-verteiler-mit-pumpe\\\/#breadcrumb\"},\"inLanguage\":\"de\",\"potentialAction\":[{\"@type\":\"ReadAction\",\"target\":[\"https:\\\/\\\/vte-smartersolutions.com\\\/de\\\/produkt\\\/vte-komposit-verteiler-mit-pumpe\\\/\"]}]},{\"@type\":\"ImageObject\",\"inLanguage\":\"de\",\"@id\":\"https:\\\/\\\/vte-smartersolutions.com\\\/de\\\/produkt\\\/vte-komposit-verteiler-mit-pumpe\\\/#primaryimage\",\"url\":\"https:\\\/\\\/vte-smartersolutions.com\\\/wp-content\\\/uploads\\\/2022\\\/04\\\/220317-002.png\",\"contentUrl\":\"https:\\\/\\\/vte-smartersolutions.com\\\/wp-content\\\/uploads\\\/2022\\\/04\\\/220317-002.png\",\"width\":6217,\"height\":4145},{\"@type\":\"BreadcrumbList\",\"@id\":\"https:\\\/\\\/vte-smartersolutions.com\\\/de\\\/produkt\\\/vte-komposit-verteiler-mit-pumpe\\\/#breadcrumb\",\"itemListElement\":[{\"@type\":\"ListItem\",\"position\":1,\"name\":\"Home\",\"item\":\"https:\\\/\\\/vte-smartersolutions.com\\\/de\\\/\"},{\"@type\":\"ListItem\",\"position\":2,\"name\":\"Produkte\",\"item\":\"https:\\\/\\\/vte-smartersolutions.com\\\/de\\\/shop\\\/\"},{\"@type\":\"ListItem\",\"position\":3,\"name\":\"Verteiler\",\"item\":\"https:\\\/\\\/vte-smartersolutions.com\\\/de\\\/product-categorie\\\/verteiler\\\/\"},{\"@type\":\"ListItem\",\"position\":4,\"name\":\"VTE Komposit-Verteiler mit Pumpe\"}]},{\"@type\":\"WebSite\",\"@id\":\"https:\\\/\\\/vte-smartersolutions.com\\\/de\\\/#website\",\"url\":\"https:\\\/\\\/vte-smartersolutions.com\\\/de\\\/\",\"name\":\"VTE Smartersolutions\",\"description\":\"En nog een WordPress site\",\"potentialAction\":[{\"@type\":\"SearchAction\",\"target\":{\"@type\":\"EntryPoint\",\"urlTemplate\":\"https:\\\/\\\/vte-smartersolutions.com\\\/de\\\/?s={search_term_string}\"},\"query-input\":{\"@type\":\"PropertyValueSpecification\",\"valueRequired\":true,\"valueName\":\"search_term_string\"}}],\"inLanguage\":\"de\"}]}<\/script>\n<!-- \/ Yoast SEO plugin. -->","yoast_head_json":{"title":"VTE Komposit-Verteiler mit Pumpe - VTE Smartersolutions","description":"VTE Komposit-Verteiler sind sowohl als offene Verteiler als auch mit Pumpe lieferbar. Der Verteiler ist komplett vormontiert und f\u00fcr Haupt-\/Zusatzheizung und K\u00fchlung geeignet und kann wahlweise links und\/oder unten angeschlossen werden.","robots":{"index":"index","follow":"follow","max-snippet":"max-snippet:-1","max-image-preview":"max-image-preview:large","max-video-preview":"max-video-preview:-1"},"canonical":"https:\/\/vte-smartersolutions.com\/de\/produkt\/vte-komposit-verteiler-mit-pumpe\/","og_locale":"de_DE","og_type":"article","og_title":"VTE Komposit-Verteiler mit Pumpe - VTE Smartersolutions","og_description":"VTE Komposit-Verteiler sind sowohl als offene Verteiler als auch mit Pumpe lieferbar. Der Verteiler ist komplett vormontiert und f\u00fcr Haupt-\/Zusatzheizung und K\u00fchlung geeignet und kann wahlweise links und\/oder unten angeschlossen werden.","og_url":"https:\/\/vte-smartersolutions.com\/de\/produkt\/vte-komposit-verteiler-mit-pumpe\/","og_site_name":"VTE Smartersolutions","og_image":[{"width":6217,"height":4145,"url":"https:\/\/vte-smartersolutions.com\/wp-content\/uploads\/2022\/04\/220317-002.png","type":"image\/png"}],"twitter_card":"summary_large_image","schema":{"@context":"https:\/\/schema.org","@graph":[{"@type":"WebPage","@id":"https:\/\/vte-smartersolutions.com\/de\/produkt\/vte-komposit-verteiler-mit-pumpe\/","url":"https:\/\/vte-smartersolutions.com\/de\/produkt\/vte-komposit-verteiler-mit-pumpe\/","name":"VTE Komposit-Verteiler mit Pumpe - VTE Smartersolutions","isPartOf":{"@id":"https:\/\/vte-smartersolutions.com\/de\/#website"},"primaryImageOfPage":{"@id":"https:\/\/vte-smartersolutions.com\/de\/produkt\/vte-komposit-verteiler-mit-pumpe\/#primaryimage"},"image":{"@id":"https:\/\/vte-smartersolutions.com\/de\/produkt\/vte-komposit-verteiler-mit-pumpe\/#primaryimage"},"thumbnailUrl":"https:\/\/vte-smartersolutions.com\/wp-content\/uploads\/2022\/04\/220317-002.png","datePublished":"2022-04-14T12:03:45+00:00","description":"VTE Komposit-Verteiler sind sowohl als offene Verteiler als auch mit Pumpe lieferbar. Der Verteiler ist komplett vormontiert und f\u00fcr Haupt-\/Zusatzheizung und K\u00fchlung geeignet und kann wahlweise links und\/oder unten angeschlossen werden.","breadcrumb":{"@id":"https:\/\/vte-smartersolutions.com\/de\/produkt\/vte-komposit-verteiler-mit-pumpe\/#breadcrumb"},"inLanguage":"de","potentialAction":[{"@type":"ReadAction","target":["https:\/\/vte-smartersolutions.com\/de\/produkt\/vte-komposit-verteiler-mit-pumpe\/"]}]},{"@type":"ImageObject","inLanguage":"de","@id":"https:\/\/vte-smartersolutions.com\/de\/produkt\/vte-komposit-verteiler-mit-pumpe\/#primaryimage","url":"https:\/\/vte-smartersolutions.com\/wp-content\/uploads\/2022\/04\/220317-002.png","contentUrl":"https:\/\/vte-smartersolutions.com\/wp-content\/uploads\/2022\/04\/220317-002.png","width":6217,"height":4145},{"@type":"BreadcrumbList","@id":"https:\/\/vte-smartersolutions.com\/de\/produkt\/vte-komposit-verteiler-mit-pumpe\/#breadcrumb","itemListElement":[{"@type":"ListItem","position":1,"name":"Home","item":"https:\/\/vte-smartersolutions.com\/de\/"},{"@type":"ListItem","position":2,"name":"Produkte","item":"https:\/\/vte-smartersolutions.com\/de\/shop\/"},{"@type":"ListItem","position":3,"name":"Verteiler","item":"https:\/\/vte-smartersolutions.com\/de\/product-categorie\/verteiler\/"},{"@type":"ListItem","position":4,"name":"VTE Komposit-Verteiler mit Pumpe"}]},{"@type":"WebSite","@id":"https:\/\/vte-smartersolutions.com\/de\/#website","url":"https:\/\/vte-smartersolutions.com\/de\/","name":"VTE Smartersolutions","description":"En nog een WordPress site","potentialAction":[{"@type":"SearchAction","target":{"@type":"EntryPoint","urlTemplate":"https:\/\/vte-smartersolutions.com\/de\/?s={search_term_string}"},"query-input":{"@type":"PropertyValueSpecification","valueRequired":true,"valueName":"search_term_string"}}],"inLanguage":"de"}]}},"_links":{"self":[{"href":"https:\/\/vte-smartersolutions.com\/de\/wp-json\/wp\/v2\/product\/9073","targetHints":{"allow":["GET"]}}],"collection":[{"href":"https:\/\/vte-smartersolutions.com\/de\/wp-json\/wp\/v2\/product"}],"about":[{"href":"https:\/\/vte-smartersolutions.com\/de\/wp-json\/wp\/v2\/types\/product"}],"replies":[{"embeddable":true,"href":"https:\/\/vte-smartersolutions.com\/de\/wp-json\/wp\/v2\/comments?post=9073"}],"wp:featuredmedia":[{"embeddable":true,"href":"https:\/\/vte-smartersolutions.com\/de\/wp-json\/wp\/v2\/media\/8885"}],"wp:attachment":[{"href":"https:\/\/vte-smartersolutions.com\/de\/wp-json\/wp\/v2\/media?parent=9073"}],"wp:term":[{"taxonomy":"product_brand","embeddable":true,"href":"https:\/\/vte-smartersolutions.com\/de\/wp-json\/wp\/v2\/product_brand?post=9073"},{"taxonomy":"product_cat","embeddable":true,"href":"https:\/\/vte-smartersolutions.com\/de\/wp-json\/wp\/v2\/product_cat?post=9073"},{"taxonomy":"product_tag","embeddable":true,"href":"https:\/\/vte-smartersolutions.com\/de\/wp-json\/wp\/v2\/product_tag?post=9073"}],"curies":[{"name":"wp","href":"https:\/\/api.w.org\/{rel}","templated":true}]}}