{"id":9361,"date":"2021-11-04T14:32:32","date_gmt":"2021-11-04T14:32:32","guid":{"rendered":"https:\/\/vte-smartersolutions.com\/product\/vte-verz-stahlpress-bogen-90-konisch\/"},"modified":"2025-12-08T08:40:15","modified_gmt":"2025-12-08T08:40:15","slug":"vte-verz-stahlpress-bogen-90-konisch","status":"publish","type":"product","link":"https:\/\/vte-smartersolutions.com\/de\/produkt\/vte-verz-stahlpress-bogen-90-konisch\/","title":{"rendered":"VTE Presse verzinkter Stahlbogen 90\u00b0 konisch"},"content":{"rendered":"","protected":false},"excerpt":{"rendered":"<p><span style=\"font-weight: 400;\">VTE Pressstahl verzinkter Bogen 90\u00b0 konisch ist in verschiedenen Gr\u00f6\u00dfen erh\u00e4ltlich.  <\/span><\/p>\n","protected":false},"featured_media":17615,"comment_status":"open","ping_status":"closed","template":"","meta":{"_acf_changed":false},"product_brand":[],"product_cat":[197],"product_tag":[],"class_list":{"0":"post-9361","1":"product","2":"type-product","3":"status-publish","4":"has-post-thumbnail","6":"product_cat-stahlpress","8":"first","9":"instock","10":"shipping-taxable","11":"purchasable","12":"product-type-variable"},"acf":[],"yoast_head":"<!-- This site is optimized with the Yoast SEO plugin v27.6 - https:\/\/yoast.com\/product\/yoast-seo-wordpress\/ -->\n<title>VTE Presse verzinkter Stahlbogen 90\u00b0 konisch - VTE Smartersolutions<\/title>\n<meta name=\"description\" content=\"VTE Pressstahl verzinkter Bogen 90\u00b0 konisch ist in verschiedenen Gr\u00f6\u00dfen erh\u00e4ltlich.\" \/>\n<meta name=\"robots\" content=\"index, follow, max-snippet:-1, max-image-preview:large, max-video-preview:-1\" \/>\n<link rel=\"canonical\" href=\"https:\/\/vte-smartersolutions.com\/de\/produkt\/vte-verz-stahlpress-bogen-90-konisch\/\" \/>\n<meta property=\"og:locale\" content=\"de_DE\" \/>\n<meta property=\"og:type\" content=\"article\" \/>\n<meta property=\"og:title\" content=\"VTE Presse verzinkter Stahlbogen 90\u00b0 konisch - VTE Smartersolutions\" \/>\n<meta property=\"og:description\" content=\"VTE Pressstahl verzinkter Bogen 90\u00b0 konisch ist in verschiedenen Gr\u00f6\u00dfen erh\u00e4ltlich.\" \/>\n<meta property=\"og:url\" content=\"https:\/\/vte-smartersolutions.com\/de\/produkt\/vte-verz-stahlpress-bogen-90-konisch\/\" \/>\n<meta property=\"og:site_name\" content=\"VTE Smartersolutions\" \/>\n<meta property=\"article:modified_time\" content=\"2025-12-08T08:40:15+00:00\" \/>\n<meta property=\"og:image\" content=\"https:\/\/vte-smartersolutions.com\/wp-content\/uploads\/2021\/11\/4602515.png\" \/>\n\t<meta property=\"og:image:width\" content=\"1027\" \/>\n\t<meta property=\"og:image:height\" content=\"1056\" \/>\n\t<meta property=\"og:image:type\" content=\"image\/png\" \/>\n<meta name=\"twitter:card\" content=\"summary_large_image\" \/>\n<script type=\"application\/ld+json\" class=\"yoast-schema-graph\">{\"@context\":\"https:\\\/\\\/schema.org\",\"@graph\":[{\"@type\":\"WebPage\",\"@id\":\"https:\\\/\\\/vte-smartersolutions.com\\\/de\\\/produkt\\\/vte-verz-stahlpress-bogen-90-konisch\\\/\",\"url\":\"https:\\\/\\\/vte-smartersolutions.com\\\/de\\\/produkt\\\/vte-verz-stahlpress-bogen-90-konisch\\\/\",\"name\":\"VTE Presse verzinkter Stahlbogen 90\u00b0 konisch - VTE Smartersolutions\",\"isPartOf\":{\"@id\":\"https:\\\/\\\/vte-smartersolutions.com\\\/de\\\/#website\"},\"primaryImageOfPage\":{\"@id\":\"https:\\\/\\\/vte-smartersolutions.com\\\/de\\\/produkt\\\/vte-verz-stahlpress-bogen-90-konisch\\\/#primaryimage\"},\"image\":{\"@id\":\"https:\\\/\\\/vte-smartersolutions.com\\\/de\\\/produkt\\\/vte-verz-stahlpress-bogen-90-konisch\\\/#primaryimage\"},\"thumbnailUrl\":\"https:\\\/\\\/vte-smartersolutions.com\\\/wp-content\\\/uploads\\\/2021\\\/11\\\/4602515.png\",\"datePublished\":\"2021-11-04T14:32:32+00:00\",\"dateModified\":\"2025-12-08T08:40:15+00:00\",\"description\":\"VTE Pressstahl verzinkter Bogen 90\u00b0 konisch ist in verschiedenen Gr\u00f6\u00dfen erh\u00e4ltlich.\",\"breadcrumb\":{\"@id\":\"https:\\\/\\\/vte-smartersolutions.com\\\/de\\\/produkt\\\/vte-verz-stahlpress-bogen-90-konisch\\\/#breadcrumb\"},\"inLanguage\":\"de\",\"potentialAction\":[{\"@type\":\"ReadAction\",\"target\":[\"https:\\\/\\\/vte-smartersolutions.com\\\/de\\\/produkt\\\/vte-verz-stahlpress-bogen-90-konisch\\\/\"]}]},{\"@type\":\"ImageObject\",\"inLanguage\":\"de\",\"@id\":\"https:\\\/\\\/vte-smartersolutions.com\\\/de\\\/produkt\\\/vte-verz-stahlpress-bogen-90-konisch\\\/#primaryimage\",\"url\":\"https:\\\/\\\/vte-smartersolutions.com\\\/wp-content\\\/uploads\\\/2021\\\/11\\\/4602515.png\",\"contentUrl\":\"https:\\\/\\\/vte-smartersolutions.com\\\/wp-content\\\/uploads\\\/2021\\\/11\\\/4602515.png\",\"width\":1027,\"height\":1056},{\"@type\":\"BreadcrumbList\",\"@id\":\"https:\\\/\\\/vte-smartersolutions.com\\\/de\\\/produkt\\\/vte-verz-stahlpress-bogen-90-konisch\\\/#breadcrumb\",\"itemListElement\":[{\"@type\":\"ListItem\",\"position\":1,\"name\":\"Home\",\"item\":\"https:\\\/\\\/vte-smartersolutions.com\\\/de\\\/\"},{\"@type\":\"ListItem\",\"position\":2,\"name\":\"Produkte\",\"item\":\"https:\\\/\\\/vte-smartersolutions.com\\\/de\\\/shop\\\/\"},{\"@type\":\"ListItem\",\"position\":3,\"name\":\"Fittingen\",\"item\":\"https:\\\/\\\/vte-smartersolutions.com\\\/de\\\/product-categorie\\\/fittingen-vloerverwarming\\\/\"},{\"@type\":\"ListItem\",\"position\":4,\"name\":\"Stahlpress\",\"item\":\"https:\\\/\\\/vte-smartersolutions.com\\\/de\\\/product-categorie\\\/stahlpress\\\/\"},{\"@type\":\"ListItem\",\"position\":5,\"name\":\"VTE Presse verzinkter Stahlbogen 90\u00b0 konisch\"}]},{\"@type\":\"WebSite\",\"@id\":\"https:\\\/\\\/vte-smartersolutions.com\\\/de\\\/#website\",\"url\":\"https:\\\/\\\/vte-smartersolutions.com\\\/de\\\/\",\"name\":\"VTE Smartersolutions\",\"description\":\"En nog een WordPress site\",\"potentialAction\":[{\"@type\":\"SearchAction\",\"target\":{\"@type\":\"EntryPoint\",\"urlTemplate\":\"https:\\\/\\\/vte-smartersolutions.com\\\/de\\\/?s={search_term_string}\"},\"query-input\":{\"@type\":\"PropertyValueSpecification\",\"valueRequired\":true,\"valueName\":\"search_term_string\"}}],\"inLanguage\":\"de\"}]}<\/script>\n<!-- \/ Yoast SEO plugin. -->","yoast_head_json":{"title":"VTE Presse verzinkter Stahlbogen 90\u00b0 konisch - VTE Smartersolutions","description":"VTE Pressstahl verzinkter Bogen 90\u00b0 konisch ist in verschiedenen Gr\u00f6\u00dfen erh\u00e4ltlich.","robots":{"index":"index","follow":"follow","max-snippet":"max-snippet:-1","max-image-preview":"max-image-preview:large","max-video-preview":"max-video-preview:-1"},"canonical":"https:\/\/vte-smartersolutions.com\/de\/produkt\/vte-verz-stahlpress-bogen-90-konisch\/","og_locale":"de_DE","og_type":"article","og_title":"VTE Presse verzinkter Stahlbogen 90\u00b0 konisch - VTE Smartersolutions","og_description":"VTE Pressstahl verzinkter Bogen 90\u00b0 konisch ist in verschiedenen Gr\u00f6\u00dfen erh\u00e4ltlich.","og_url":"https:\/\/vte-smartersolutions.com\/de\/produkt\/vte-verz-stahlpress-bogen-90-konisch\/","og_site_name":"VTE Smartersolutions","article_modified_time":"2025-12-08T08:40:15+00:00","og_image":[{"width":1027,"height":1056,"url":"https:\/\/vte-smartersolutions.com\/wp-content\/uploads\/2021\/11\/4602515.png","type":"image\/png"}],"twitter_card":"summary_large_image","schema":{"@context":"https:\/\/schema.org","@graph":[{"@type":"WebPage","@id":"https:\/\/vte-smartersolutions.com\/de\/produkt\/vte-verz-stahlpress-bogen-90-konisch\/","url":"https:\/\/vte-smartersolutions.com\/de\/produkt\/vte-verz-stahlpress-bogen-90-konisch\/","name":"VTE Presse verzinkter Stahlbogen 90\u00b0 konisch - VTE Smartersolutions","isPartOf":{"@id":"https:\/\/vte-smartersolutions.com\/de\/#website"},"primaryImageOfPage":{"@id":"https:\/\/vte-smartersolutions.com\/de\/produkt\/vte-verz-stahlpress-bogen-90-konisch\/#primaryimage"},"image":{"@id":"https:\/\/vte-smartersolutions.com\/de\/produkt\/vte-verz-stahlpress-bogen-90-konisch\/#primaryimage"},"thumbnailUrl":"https:\/\/vte-smartersolutions.com\/wp-content\/uploads\/2021\/11\/4602515.png","datePublished":"2021-11-04T14:32:32+00:00","dateModified":"2025-12-08T08:40:15+00:00","description":"VTE Pressstahl verzinkter Bogen 90\u00b0 konisch ist in verschiedenen Gr\u00f6\u00dfen erh\u00e4ltlich.","breadcrumb":{"@id":"https:\/\/vte-smartersolutions.com\/de\/produkt\/vte-verz-stahlpress-bogen-90-konisch\/#breadcrumb"},"inLanguage":"de","potentialAction":[{"@type":"ReadAction","target":["https:\/\/vte-smartersolutions.com\/de\/produkt\/vte-verz-stahlpress-bogen-90-konisch\/"]}]},{"@type":"ImageObject","inLanguage":"de","@id":"https:\/\/vte-smartersolutions.com\/de\/produkt\/vte-verz-stahlpress-bogen-90-konisch\/#primaryimage","url":"https:\/\/vte-smartersolutions.com\/wp-content\/uploads\/2021\/11\/4602515.png","contentUrl":"https:\/\/vte-smartersolutions.com\/wp-content\/uploads\/2021\/11\/4602515.png","width":1027,"height":1056},{"@type":"BreadcrumbList","@id":"https:\/\/vte-smartersolutions.com\/de\/produkt\/vte-verz-stahlpress-bogen-90-konisch\/#breadcrumb","itemListElement":[{"@type":"ListItem","position":1,"name":"Home","item":"https:\/\/vte-smartersolutions.com\/de\/"},{"@type":"ListItem","position":2,"name":"Produkte","item":"https:\/\/vte-smartersolutions.com\/de\/shop\/"},{"@type":"ListItem","position":3,"name":"Fittingen","item":"https:\/\/vte-smartersolutions.com\/de\/product-categorie\/fittingen-vloerverwarming\/"},{"@type":"ListItem","position":4,"name":"Stahlpress","item":"https:\/\/vte-smartersolutions.com\/de\/product-categorie\/stahlpress\/"},{"@type":"ListItem","position":5,"name":"VTE Presse verzinkter Stahlbogen 90\u00b0 konisch"}]},{"@type":"WebSite","@id":"https:\/\/vte-smartersolutions.com\/de\/#website","url":"https:\/\/vte-smartersolutions.com\/de\/","name":"VTE Smartersolutions","description":"En nog een WordPress site","potentialAction":[{"@type":"SearchAction","target":{"@type":"EntryPoint","urlTemplate":"https:\/\/vte-smartersolutions.com\/de\/?s={search_term_string}"},"query-input":{"@type":"PropertyValueSpecification","valueRequired":true,"valueName":"search_term_string"}}],"inLanguage":"de"}]}},"_links":{"self":[{"href":"https:\/\/vte-smartersolutions.com\/de\/wp-json\/wp\/v2\/product\/9361","targetHints":{"allow":["GET"]}}],"collection":[{"href":"https:\/\/vte-smartersolutions.com\/de\/wp-json\/wp\/v2\/product"}],"about":[{"href":"https:\/\/vte-smartersolutions.com\/de\/wp-json\/wp\/v2\/types\/product"}],"replies":[{"embeddable":true,"href":"https:\/\/vte-smartersolutions.com\/de\/wp-json\/wp\/v2\/comments?post=9361"}],"wp:featuredmedia":[{"embeddable":true,"href":"https:\/\/vte-smartersolutions.com\/de\/wp-json\/wp\/v2\/media\/17615"}],"wp:attachment":[{"href":"https:\/\/vte-smartersolutions.com\/de\/wp-json\/wp\/v2\/media?parent=9361"}],"wp:term":[{"taxonomy":"product_brand","embeddable":true,"href":"https:\/\/vte-smartersolutions.com\/de\/wp-json\/wp\/v2\/product_brand?post=9361"},{"taxonomy":"product_cat","embeddable":true,"href":"https:\/\/vte-smartersolutions.com\/de\/wp-json\/wp\/v2\/product_cat?post=9361"},{"taxonomy":"product_tag","embeddable":true,"href":"https:\/\/vte-smartersolutions.com\/de\/wp-json\/wp\/v2\/product_tag?post=9361"}],"curies":[{"name":"wp","href":"https:\/\/api.w.org\/{rel}","templated":true}]}}