{"id":9910,"date":"2021-10-21T15:07:46","date_gmt":"2021-10-21T15:07:46","guid":{"rendered":"https:\/\/vte-smartersolutions.com\/product\/vte-edelstahl-press-reduzierstck\/"},"modified":"2025-12-08T08:38:43","modified_gmt":"2025-12-08T08:38:43","slug":"vte-edelstahl-press-reduzierstueck","status":"publish","type":"product","link":"https:\/\/vte-smartersolutions.com\/de\/produkt\/vte-edelstahl-press-reduzierstueck\/","title":{"rendered":"VTE-Press-Edelstahl-Reduzierkupplung zum Einschieben"},"content":{"rendered":"","protected":false},"excerpt":{"rendered":"<p><span style=\"font-weight: 400;\">Unsere VTE Press-Edelstahl-Reduzierverschraubungen sind in verschiedenen Gr\u00f6\u00dfen erh\u00e4ltlich.  <\/span><\/p>\n","protected":false},"featured_media":17378,"comment_status":"open","ping_status":"closed","template":"","meta":{"_acf_changed":false},"product_brand":[],"product_cat":[221],"product_tag":[],"class_list":{"0":"post-9910","1":"product","2":"type-product","3":"status-publish","4":"has-post-thumbnail","6":"product_cat-edelstahl-press","8":"first","9":"instock","10":"shipping-taxable","11":"purchasable","12":"product-type-variable"},"acf":[],"yoast_head":"<!-- This site is optimized with the Yoast SEO plugin v27.6 - https:\/\/yoast.com\/product\/yoast-seo-wordpress\/ -->\n<title>VTE-Press-Edelstahl-Reduzierkupplung zum Einschieben - VTE Smartersolutions<\/title>\n<meta name=\"robots\" content=\"index, follow, max-snippet:-1, max-image-preview:large, max-video-preview:-1\" \/>\n<link rel=\"canonical\" href=\"https:\/\/vte-smartersolutions.com\/de\/produkt\/vte-edelstahl-press-reduzierstueck\/\" \/>\n<meta property=\"og:locale\" content=\"de_DE\" \/>\n<meta property=\"og:type\" content=\"article\" \/>\n<meta property=\"og:title\" content=\"VTE-Press-Edelstahl-Reduzierkupplung zum Einschieben - VTE Smartersolutions\" \/>\n<meta property=\"og:description\" content=\"Unsere VTE Press-Edelstahl-Reduzierverschraubungen sind in verschiedenen Gr\u00f6\u00dfen erh\u00e4ltlich.\" \/>\n<meta property=\"og:url\" content=\"https:\/\/vte-smartersolutions.com\/de\/produkt\/vte-edelstahl-press-reduzierstueck\/\" \/>\n<meta property=\"og:site_name\" content=\"VTE Smartersolutions\" \/>\n<meta property=\"article:modified_time\" content=\"2025-12-08T08:38:43+00:00\" \/>\n<meta property=\"og:image\" content=\"https:\/\/vte-smartersolutions.com\/wp-content\/uploads\/2021\/10\/4400603.png\" \/>\n\t<meta property=\"og:image:width\" content=\"1100\" \/>\n\t<meta property=\"og:image:height\" content=\"589\" \/>\n\t<meta property=\"og:image:type\" content=\"image\/png\" \/>\n<meta name=\"twitter:card\" content=\"summary_large_image\" \/>\n<script type=\"application\/ld+json\" class=\"yoast-schema-graph\">{\"@context\":\"https:\\\/\\\/schema.org\",\"@graph\":[{\"@type\":\"WebPage\",\"@id\":\"https:\\\/\\\/vte-smartersolutions.com\\\/de\\\/produkt\\\/vte-edelstahl-press-reduzierstueck\\\/\",\"url\":\"https:\\\/\\\/vte-smartersolutions.com\\\/de\\\/produkt\\\/vte-edelstahl-press-reduzierstueck\\\/\",\"name\":\"VTE-Press-Edelstahl-Reduzierkupplung zum Einschieben - VTE Smartersolutions\",\"isPartOf\":{\"@id\":\"https:\\\/\\\/vte-smartersolutions.com\\\/de\\\/#website\"},\"primaryImageOfPage\":{\"@id\":\"https:\\\/\\\/vte-smartersolutions.com\\\/de\\\/produkt\\\/vte-edelstahl-press-reduzierstueck\\\/#primaryimage\"},\"image\":{\"@id\":\"https:\\\/\\\/vte-smartersolutions.com\\\/de\\\/produkt\\\/vte-edelstahl-press-reduzierstueck\\\/#primaryimage\"},\"thumbnailUrl\":\"https:\\\/\\\/vte-smartersolutions.com\\\/wp-content\\\/uploads\\\/2021\\\/10\\\/4400603.png\",\"datePublished\":\"2021-10-21T15:07:46+00:00\",\"dateModified\":\"2025-12-08T08:38:43+00:00\",\"breadcrumb\":{\"@id\":\"https:\\\/\\\/vte-smartersolutions.com\\\/de\\\/produkt\\\/vte-edelstahl-press-reduzierstueck\\\/#breadcrumb\"},\"inLanguage\":\"de\",\"potentialAction\":[{\"@type\":\"ReadAction\",\"target\":[\"https:\\\/\\\/vte-smartersolutions.com\\\/de\\\/produkt\\\/vte-edelstahl-press-reduzierstueck\\\/\"]}]},{\"@type\":\"ImageObject\",\"inLanguage\":\"de\",\"@id\":\"https:\\\/\\\/vte-smartersolutions.com\\\/de\\\/produkt\\\/vte-edelstahl-press-reduzierstueck\\\/#primaryimage\",\"url\":\"https:\\\/\\\/vte-smartersolutions.com\\\/wp-content\\\/uploads\\\/2021\\\/10\\\/4400603.png\",\"contentUrl\":\"https:\\\/\\\/vte-smartersolutions.com\\\/wp-content\\\/uploads\\\/2021\\\/10\\\/4400603.png\",\"width\":1100,\"height\":589},{\"@type\":\"BreadcrumbList\",\"@id\":\"https:\\\/\\\/vte-smartersolutions.com\\\/de\\\/produkt\\\/vte-edelstahl-press-reduzierstueck\\\/#breadcrumb\",\"itemListElement\":[{\"@type\":\"ListItem\",\"position\":1,\"name\":\"Home\",\"item\":\"https:\\\/\\\/vte-smartersolutions.com\\\/de\\\/\"},{\"@type\":\"ListItem\",\"position\":2,\"name\":\"Produkte\",\"item\":\"https:\\\/\\\/vte-smartersolutions.com\\\/de\\\/shop\\\/\"},{\"@type\":\"ListItem\",\"position\":3,\"name\":\"Fittingen\",\"item\":\"https:\\\/\\\/vte-smartersolutions.com\\\/de\\\/product-categorie\\\/fittingen-vloerverwarming\\\/\"},{\"@type\":\"ListItem\",\"position\":4,\"name\":\"Edelstahl-Press\",\"item\":\"https:\\\/\\\/vte-smartersolutions.com\\\/de\\\/product-categorie\\\/edelstahl-press\\\/\"},{\"@type\":\"ListItem\",\"position\":5,\"name\":\"VTE-Press-Edelstahl-Reduzierkupplung zum Einschieben\"}]},{\"@type\":\"WebSite\",\"@id\":\"https:\\\/\\\/vte-smartersolutions.com\\\/de\\\/#website\",\"url\":\"https:\\\/\\\/vte-smartersolutions.com\\\/de\\\/\",\"name\":\"VTE Smartersolutions\",\"description\":\"En nog een WordPress site\",\"potentialAction\":[{\"@type\":\"SearchAction\",\"target\":{\"@type\":\"EntryPoint\",\"urlTemplate\":\"https:\\\/\\\/vte-smartersolutions.com\\\/de\\\/?s={search_term_string}\"},\"query-input\":{\"@type\":\"PropertyValueSpecification\",\"valueRequired\":true,\"valueName\":\"search_term_string\"}}],\"inLanguage\":\"de\"}]}<\/script>\n<!-- \/ Yoast SEO plugin. -->","yoast_head_json":{"title":"VTE-Press-Edelstahl-Reduzierkupplung zum Einschieben - VTE Smartersolutions","robots":{"index":"index","follow":"follow","max-snippet":"max-snippet:-1","max-image-preview":"max-image-preview:large","max-video-preview":"max-video-preview:-1"},"canonical":"https:\/\/vte-smartersolutions.com\/de\/produkt\/vte-edelstahl-press-reduzierstueck\/","og_locale":"de_DE","og_type":"article","og_title":"VTE-Press-Edelstahl-Reduzierkupplung zum Einschieben - VTE Smartersolutions","og_description":"Unsere VTE Press-Edelstahl-Reduzierverschraubungen sind in verschiedenen Gr\u00f6\u00dfen erh\u00e4ltlich.","og_url":"https:\/\/vte-smartersolutions.com\/de\/produkt\/vte-edelstahl-press-reduzierstueck\/","og_site_name":"VTE Smartersolutions","article_modified_time":"2025-12-08T08:38:43+00:00","og_image":[{"width":1100,"height":589,"url":"https:\/\/vte-smartersolutions.com\/wp-content\/uploads\/2021\/10\/4400603.png","type":"image\/png"}],"twitter_card":"summary_large_image","schema":{"@context":"https:\/\/schema.org","@graph":[{"@type":"WebPage","@id":"https:\/\/vte-smartersolutions.com\/de\/produkt\/vte-edelstahl-press-reduzierstueck\/","url":"https:\/\/vte-smartersolutions.com\/de\/produkt\/vte-edelstahl-press-reduzierstueck\/","name":"VTE-Press-Edelstahl-Reduzierkupplung zum Einschieben - VTE Smartersolutions","isPartOf":{"@id":"https:\/\/vte-smartersolutions.com\/de\/#website"},"primaryImageOfPage":{"@id":"https:\/\/vte-smartersolutions.com\/de\/produkt\/vte-edelstahl-press-reduzierstueck\/#primaryimage"},"image":{"@id":"https:\/\/vte-smartersolutions.com\/de\/produkt\/vte-edelstahl-press-reduzierstueck\/#primaryimage"},"thumbnailUrl":"https:\/\/vte-smartersolutions.com\/wp-content\/uploads\/2021\/10\/4400603.png","datePublished":"2021-10-21T15:07:46+00:00","dateModified":"2025-12-08T08:38:43+00:00","breadcrumb":{"@id":"https:\/\/vte-smartersolutions.com\/de\/produkt\/vte-edelstahl-press-reduzierstueck\/#breadcrumb"},"inLanguage":"de","potentialAction":[{"@type":"ReadAction","target":["https:\/\/vte-smartersolutions.com\/de\/produkt\/vte-edelstahl-press-reduzierstueck\/"]}]},{"@type":"ImageObject","inLanguage":"de","@id":"https:\/\/vte-smartersolutions.com\/de\/produkt\/vte-edelstahl-press-reduzierstueck\/#primaryimage","url":"https:\/\/vte-smartersolutions.com\/wp-content\/uploads\/2021\/10\/4400603.png","contentUrl":"https:\/\/vte-smartersolutions.com\/wp-content\/uploads\/2021\/10\/4400603.png","width":1100,"height":589},{"@type":"BreadcrumbList","@id":"https:\/\/vte-smartersolutions.com\/de\/produkt\/vte-edelstahl-press-reduzierstueck\/#breadcrumb","itemListElement":[{"@type":"ListItem","position":1,"name":"Home","item":"https:\/\/vte-smartersolutions.com\/de\/"},{"@type":"ListItem","position":2,"name":"Produkte","item":"https:\/\/vte-smartersolutions.com\/de\/shop\/"},{"@type":"ListItem","position":3,"name":"Fittingen","item":"https:\/\/vte-smartersolutions.com\/de\/product-categorie\/fittingen-vloerverwarming\/"},{"@type":"ListItem","position":4,"name":"Edelstahl-Press","item":"https:\/\/vte-smartersolutions.com\/de\/product-categorie\/edelstahl-press\/"},{"@type":"ListItem","position":5,"name":"VTE-Press-Edelstahl-Reduzierkupplung zum Einschieben"}]},{"@type":"WebSite","@id":"https:\/\/vte-smartersolutions.com\/de\/#website","url":"https:\/\/vte-smartersolutions.com\/de\/","name":"VTE Smartersolutions","description":"En nog een WordPress site","potentialAction":[{"@type":"SearchAction","target":{"@type":"EntryPoint","urlTemplate":"https:\/\/vte-smartersolutions.com\/de\/?s={search_term_string}"},"query-input":{"@type":"PropertyValueSpecification","valueRequired":true,"valueName":"search_term_string"}}],"inLanguage":"de"}]}},"_links":{"self":[{"href":"https:\/\/vte-smartersolutions.com\/de\/wp-json\/wp\/v2\/product\/9910","targetHints":{"allow":["GET"]}}],"collection":[{"href":"https:\/\/vte-smartersolutions.com\/de\/wp-json\/wp\/v2\/product"}],"about":[{"href":"https:\/\/vte-smartersolutions.com\/de\/wp-json\/wp\/v2\/types\/product"}],"replies":[{"embeddable":true,"href":"https:\/\/vte-smartersolutions.com\/de\/wp-json\/wp\/v2\/comments?post=9910"}],"wp:featuredmedia":[{"embeddable":true,"href":"https:\/\/vte-smartersolutions.com\/de\/wp-json\/wp\/v2\/media\/17378"}],"wp:attachment":[{"href":"https:\/\/vte-smartersolutions.com\/de\/wp-json\/wp\/v2\/media?parent=9910"}],"wp:term":[{"taxonomy":"product_brand","embeddable":true,"href":"https:\/\/vte-smartersolutions.com\/de\/wp-json\/wp\/v2\/product_brand?post=9910"},{"taxonomy":"product_cat","embeddable":true,"href":"https:\/\/vte-smartersolutions.com\/de\/wp-json\/wp\/v2\/product_cat?post=9910"},{"taxonomy":"product_tag","embeddable":true,"href":"https:\/\/vte-smartersolutions.com\/de\/wp-json\/wp\/v2\/product_tag?post=9910"}],"curies":[{"name":"wp","href":"https:\/\/api.w.org\/{rel}","templated":true}]}}