{"id":9997,"date":"2021-10-21T12:24:12","date_gmt":"2021-10-21T12:24:12","guid":{"rendered":"https:\/\/vte-smartersolutions.com\/product\/wfhc-master-anschlussbox-4-oder-6-zonen-24-v-ac-nc\/"},"modified":"2021-10-21T12:24:12","modified_gmt":"2021-10-21T12:24:12","slug":"wfhc-master-anschlussdose-4-zonen-24v-ac-nc","status":"publish","type":"product","link":"https:\/\/vte-smartersolutions.com\/de\/produkt\/wfhc-master-anschlussdose-4-zonen-24v-ac-nc\/","title":{"rendered":"WFHC Master Anschlussbox 4 oder 6 Zonen 24 V AC NC"},"content":{"rendered":"","protected":false},"excerpt":{"rendered":"<p><span style=\"font-weight: 400;\">Anschlussmodul f\u00fcr 4 Zonen oder 6 Zonen. Der Master verf\u00fcgt \u00fcber 2 potenzialfreie Ausg\u00e4nge f\u00fcr Pumpe und Kessel.<br \/>\n<\/span><\/p>\n<ul>\n<li><span style=\"font-weight: 400;\">WFHC Master Anschlussbox 4 24 VAC NC. Mit Slaves k\u00f6nnen bis zu 10 Thermostate (18 Stellantriebe) an maximal 4 Thermostate angeschlossen werden.<\/span><\/li>\n<li><span style=\"font-weight: 400;\">WFHC Master Anschlussdose 6 24 VAC NC. Mit Slaves k\u00f6nnen bis zu 12 Thermostate (18 Stellantriebe) an maximal 6 Thermostate angeschlossen werden.<br \/>\n<\/span><\/li>\n<\/ul>\n","protected":false},"featured_media":6589,"comment_status":"open","ping_status":"closed","template":"","meta":{"_acf_changed":false},"product_brand":[],"product_cat":[236,237],"product_tag":[238],"class_list":{"0":"post-9997","1":"product","2":"type-product","3":"status-publish","4":"has-post-thumbnail","6":"product_cat-watts","7":"product_cat-kabelgebunden","8":"product_tag-kabelgebunden-24-v","10":"first","11":"instock","12":"shipping-taxable","13":"purchasable","14":"product-type-variable"},"acf":[],"yoast_head":"<!-- This site is optimized with the Yoast SEO plugin v27.6 - https:\/\/yoast.com\/product\/yoast-seo-wordpress\/ -->\n<title>WFHC Master Anschlussbox 4 oder 6 Zonen 24 V AC NC - VTE Smartersolutions<\/title>\n<meta name=\"description\" content=\"Anschlussmodul f\u00fcr 4 Zonen oder 6 Zonen. Der Master verf\u00fcgt \u00fcber 2 potenzialfreie Ausg\u00e4nge f\u00fcr Pumpe und Kessel.\" \/>\n<meta name=\"robots\" content=\"index, follow, max-snippet:-1, max-image-preview:large, max-video-preview:-1\" \/>\n<link rel=\"canonical\" href=\"https:\/\/vte-smartersolutions.com\/de\/produkt\/wfhc-master-anschlussdose-4-zonen-24v-ac-nc\/\" \/>\n<meta property=\"og:locale\" content=\"de_DE\" \/>\n<meta property=\"og:type\" content=\"article\" \/>\n<meta property=\"og:title\" content=\"WFHC Master Anschlussbox 4 oder 6 Zonen 24 V AC NC - VTE Smartersolutions\" \/>\n<meta property=\"og:description\" content=\"Anschlussmodul f\u00fcr 4 Zonen oder 6 Zonen. Der Master verf\u00fcgt \u00fcber 2 potenzialfreie Ausg\u00e4nge f\u00fcr Pumpe und Kessel.\" \/>\n<meta property=\"og:url\" content=\"https:\/\/vte-smartersolutions.com\/de\/produkt\/wfhc-master-anschlussdose-4-zonen-24v-ac-nc\/\" \/>\n<meta property=\"og:site_name\" content=\"VTE Smartersolutions\" \/>\n<meta property=\"og:image\" content=\"https:\/\/vte-smartersolutions.com\/wp-content\/uploads\/2021\/12\/58801003.jpg\" \/>\n\t<meta property=\"og:image:width\" content=\"457\" \/>\n\t<meta property=\"og:image:height\" content=\"325\" \/>\n\t<meta property=\"og:image:type\" content=\"image\/jpeg\" \/>\n<meta name=\"twitter:card\" content=\"summary_large_image\" \/>\n<script type=\"application\/ld+json\" class=\"yoast-schema-graph\">{\"@context\":\"https:\\\/\\\/schema.org\",\"@graph\":[{\"@type\":\"WebPage\",\"@id\":\"https:\\\/\\\/vte-smartersolutions.com\\\/de\\\/produkt\\\/wfhc-master-anschlussdose-4-zonen-24v-ac-nc\\\/\",\"url\":\"https:\\\/\\\/vte-smartersolutions.com\\\/de\\\/produkt\\\/wfhc-master-anschlussdose-4-zonen-24v-ac-nc\\\/\",\"name\":\"WFHC Master Anschlussbox 4 oder 6 Zonen 24 V AC NC - VTE Smartersolutions\",\"isPartOf\":{\"@id\":\"https:\\\/\\\/vte-smartersolutions.com\\\/de\\\/#website\"},\"primaryImageOfPage\":{\"@id\":\"https:\\\/\\\/vte-smartersolutions.com\\\/de\\\/produkt\\\/wfhc-master-anschlussdose-4-zonen-24v-ac-nc\\\/#primaryimage\"},\"image\":{\"@id\":\"https:\\\/\\\/vte-smartersolutions.com\\\/de\\\/produkt\\\/wfhc-master-anschlussdose-4-zonen-24v-ac-nc\\\/#primaryimage\"},\"thumbnailUrl\":\"https:\\\/\\\/vte-smartersolutions.com\\\/wp-content\\\/uploads\\\/2021\\\/12\\\/58801003.jpg\",\"datePublished\":\"2021-10-21T12:24:12+00:00\",\"description\":\"Anschlussmodul f\u00fcr 4 Zonen oder 6 Zonen. Der Master verf\u00fcgt \u00fcber 2 potenzialfreie Ausg\u00e4nge f\u00fcr Pumpe und Kessel.\",\"breadcrumb\":{\"@id\":\"https:\\\/\\\/vte-smartersolutions.com\\\/de\\\/produkt\\\/wfhc-master-anschlussdose-4-zonen-24v-ac-nc\\\/#breadcrumb\"},\"inLanguage\":\"de\",\"potentialAction\":[{\"@type\":\"ReadAction\",\"target\":[\"https:\\\/\\\/vte-smartersolutions.com\\\/de\\\/produkt\\\/wfhc-master-anschlussdose-4-zonen-24v-ac-nc\\\/\"]}]},{\"@type\":\"ImageObject\",\"inLanguage\":\"de\",\"@id\":\"https:\\\/\\\/vte-smartersolutions.com\\\/de\\\/produkt\\\/wfhc-master-anschlussdose-4-zonen-24v-ac-nc\\\/#primaryimage\",\"url\":\"https:\\\/\\\/vte-smartersolutions.com\\\/wp-content\\\/uploads\\\/2021\\\/12\\\/58801003.jpg\",\"contentUrl\":\"https:\\\/\\\/vte-smartersolutions.com\\\/wp-content\\\/uploads\\\/2021\\\/12\\\/58801003.jpg\",\"width\":457,\"height\":325},{\"@type\":\"BreadcrumbList\",\"@id\":\"https:\\\/\\\/vte-smartersolutions.com\\\/de\\\/produkt\\\/wfhc-master-anschlussdose-4-zonen-24v-ac-nc\\\/#breadcrumb\",\"itemListElement\":[{\"@type\":\"ListItem\",\"position\":1,\"name\":\"Home\",\"item\":\"https:\\\/\\\/vte-smartersolutions.com\\\/de\\\/\"},{\"@type\":\"ListItem\",\"position\":2,\"name\":\"Produkte\",\"item\":\"https:\\\/\\\/vte-smartersolutions.com\\\/de\\\/shop\\\/\"},{\"@type\":\"ListItem\",\"position\":3,\"name\":\"Zonensteuerungssystem\",\"item\":\"https:\\\/\\\/vte-smartersolutions.com\\\/de\\\/product-categorie\\\/zonensteuerungssystem\\\/\"},{\"@type\":\"ListItem\",\"position\":4,\"name\":\"Watts\",\"item\":\"https:\\\/\\\/vte-smartersolutions.com\\\/de\\\/product-categorie\\\/zonensteuerungssystem\\\/watts\\\/\"},{\"@type\":\"ListItem\",\"position\":5,\"name\":\"Kabelgebunden\",\"item\":\"https:\\\/\\\/vte-smartersolutions.com\\\/de\\\/product-categorie\\\/zonensteuerungssystem\\\/watts\\\/kabelgebunden\\\/\"},{\"@type\":\"ListItem\",\"position\":6,\"name\":\"WFHC Master Anschlussbox 4 oder 6 Zonen 24 V AC NC\"}]},{\"@type\":\"WebSite\",\"@id\":\"https:\\\/\\\/vte-smartersolutions.com\\\/de\\\/#website\",\"url\":\"https:\\\/\\\/vte-smartersolutions.com\\\/de\\\/\",\"name\":\"VTE Smartersolutions\",\"description\":\"En nog een WordPress site\",\"potentialAction\":[{\"@type\":\"SearchAction\",\"target\":{\"@type\":\"EntryPoint\",\"urlTemplate\":\"https:\\\/\\\/vte-smartersolutions.com\\\/de\\\/?s={search_term_string}\"},\"query-input\":{\"@type\":\"PropertyValueSpecification\",\"valueRequired\":true,\"valueName\":\"search_term_string\"}}],\"inLanguage\":\"de\"}]}<\/script>\n<!-- \/ Yoast SEO plugin. -->","yoast_head_json":{"title":"WFHC Master Anschlussbox 4 oder 6 Zonen 24 V AC NC - VTE Smartersolutions","description":"Anschlussmodul f\u00fcr 4 Zonen oder 6 Zonen. Der Master verf\u00fcgt \u00fcber 2 potenzialfreie Ausg\u00e4nge f\u00fcr Pumpe und Kessel.","robots":{"index":"index","follow":"follow","max-snippet":"max-snippet:-1","max-image-preview":"max-image-preview:large","max-video-preview":"max-video-preview:-1"},"canonical":"https:\/\/vte-smartersolutions.com\/de\/produkt\/wfhc-master-anschlussdose-4-zonen-24v-ac-nc\/","og_locale":"de_DE","og_type":"article","og_title":"WFHC Master Anschlussbox 4 oder 6 Zonen 24 V AC NC - VTE Smartersolutions","og_description":"Anschlussmodul f\u00fcr 4 Zonen oder 6 Zonen. Der Master verf\u00fcgt \u00fcber 2 potenzialfreie Ausg\u00e4nge f\u00fcr Pumpe und Kessel.","og_url":"https:\/\/vte-smartersolutions.com\/de\/produkt\/wfhc-master-anschlussdose-4-zonen-24v-ac-nc\/","og_site_name":"VTE Smartersolutions","og_image":[{"width":457,"height":325,"url":"https:\/\/vte-smartersolutions.com\/wp-content\/uploads\/2021\/12\/58801003.jpg","type":"image\/jpeg"}],"twitter_card":"summary_large_image","schema":{"@context":"https:\/\/schema.org","@graph":[{"@type":"WebPage","@id":"https:\/\/vte-smartersolutions.com\/de\/produkt\/wfhc-master-anschlussdose-4-zonen-24v-ac-nc\/","url":"https:\/\/vte-smartersolutions.com\/de\/produkt\/wfhc-master-anschlussdose-4-zonen-24v-ac-nc\/","name":"WFHC Master Anschlussbox 4 oder 6 Zonen 24 V AC NC - VTE Smartersolutions","isPartOf":{"@id":"https:\/\/vte-smartersolutions.com\/de\/#website"},"primaryImageOfPage":{"@id":"https:\/\/vte-smartersolutions.com\/de\/produkt\/wfhc-master-anschlussdose-4-zonen-24v-ac-nc\/#primaryimage"},"image":{"@id":"https:\/\/vte-smartersolutions.com\/de\/produkt\/wfhc-master-anschlussdose-4-zonen-24v-ac-nc\/#primaryimage"},"thumbnailUrl":"https:\/\/vte-smartersolutions.com\/wp-content\/uploads\/2021\/12\/58801003.jpg","datePublished":"2021-10-21T12:24:12+00:00","description":"Anschlussmodul f\u00fcr 4 Zonen oder 6 Zonen. Der Master verf\u00fcgt \u00fcber 2 potenzialfreie Ausg\u00e4nge f\u00fcr Pumpe und Kessel.","breadcrumb":{"@id":"https:\/\/vte-smartersolutions.com\/de\/produkt\/wfhc-master-anschlussdose-4-zonen-24v-ac-nc\/#breadcrumb"},"inLanguage":"de","potentialAction":[{"@type":"ReadAction","target":["https:\/\/vte-smartersolutions.com\/de\/produkt\/wfhc-master-anschlussdose-4-zonen-24v-ac-nc\/"]}]},{"@type":"ImageObject","inLanguage":"de","@id":"https:\/\/vte-smartersolutions.com\/de\/produkt\/wfhc-master-anschlussdose-4-zonen-24v-ac-nc\/#primaryimage","url":"https:\/\/vte-smartersolutions.com\/wp-content\/uploads\/2021\/12\/58801003.jpg","contentUrl":"https:\/\/vte-smartersolutions.com\/wp-content\/uploads\/2021\/12\/58801003.jpg","width":457,"height":325},{"@type":"BreadcrumbList","@id":"https:\/\/vte-smartersolutions.com\/de\/produkt\/wfhc-master-anschlussdose-4-zonen-24v-ac-nc\/#breadcrumb","itemListElement":[{"@type":"ListItem","position":1,"name":"Home","item":"https:\/\/vte-smartersolutions.com\/de\/"},{"@type":"ListItem","position":2,"name":"Produkte","item":"https:\/\/vte-smartersolutions.com\/de\/shop\/"},{"@type":"ListItem","position":3,"name":"Zonensteuerungssystem","item":"https:\/\/vte-smartersolutions.com\/de\/product-categorie\/zonensteuerungssystem\/"},{"@type":"ListItem","position":4,"name":"Watts","item":"https:\/\/vte-smartersolutions.com\/de\/product-categorie\/zonensteuerungssystem\/watts\/"},{"@type":"ListItem","position":5,"name":"Kabelgebunden","item":"https:\/\/vte-smartersolutions.com\/de\/product-categorie\/zonensteuerungssystem\/watts\/kabelgebunden\/"},{"@type":"ListItem","position":6,"name":"WFHC Master Anschlussbox 4 oder 6 Zonen 24 V AC NC"}]},{"@type":"WebSite","@id":"https:\/\/vte-smartersolutions.com\/de\/#website","url":"https:\/\/vte-smartersolutions.com\/de\/","name":"VTE Smartersolutions","description":"En nog een WordPress site","potentialAction":[{"@type":"SearchAction","target":{"@type":"EntryPoint","urlTemplate":"https:\/\/vte-smartersolutions.com\/de\/?s={search_term_string}"},"query-input":{"@type":"PropertyValueSpecification","valueRequired":true,"valueName":"search_term_string"}}],"inLanguage":"de"}]}},"_links":{"self":[{"href":"https:\/\/vte-smartersolutions.com\/de\/wp-json\/wp\/v2\/product\/9997","targetHints":{"allow":["GET"]}}],"collection":[{"href":"https:\/\/vte-smartersolutions.com\/de\/wp-json\/wp\/v2\/product"}],"about":[{"href":"https:\/\/vte-smartersolutions.com\/de\/wp-json\/wp\/v2\/types\/product"}],"replies":[{"embeddable":true,"href":"https:\/\/vte-smartersolutions.com\/de\/wp-json\/wp\/v2\/comments?post=9997"}],"wp:featuredmedia":[{"embeddable":true,"href":"https:\/\/vte-smartersolutions.com\/de\/wp-json\/wp\/v2\/media\/6589"}],"wp:attachment":[{"href":"https:\/\/vte-smartersolutions.com\/de\/wp-json\/wp\/v2\/media?parent=9997"}],"wp:term":[{"taxonomy":"product_brand","embeddable":true,"href":"https:\/\/vte-smartersolutions.com\/de\/wp-json\/wp\/v2\/product_brand?post=9997"},{"taxonomy":"product_cat","embeddable":true,"href":"https:\/\/vte-smartersolutions.com\/de\/wp-json\/wp\/v2\/product_cat?post=9997"},{"taxonomy":"product_tag","embeddable":true,"href":"https:\/\/vte-smartersolutions.com\/de\/wp-json\/wp\/v2\/product_tag?post=9997"}],"curies":[{"name":"wp","href":"https:\/\/api.w.org\/{rel}","templated":true}]}}