{"id":19346,"date":"2025-02-17T14:55:19","date_gmt":"2025-02-17T14:55:19","guid":{"rendered":"https:\/\/vte-smartersolutions.com\/?post_type=product&#038;p=19346"},"modified":"2025-02-17T15:03:03","modified_gmt":"2025-02-17T15:03:03","slug":"master-aansluitmodule-verwarmen-6-zones-wfc-03-6z-h","status":"publish","type":"product","link":"https:\/\/vte-smartersolutions.com\/sv\/produkt\/master-aansluitmodule-verwarmen-6-zones-wfc-03-6z-h\/","title":{"rendered":"Master Aansluitmodule Verwarmen 6 zones WFC-03 6Z H+"},"content":{"rendered":"","protected":false},"excerpt":{"rendered":"<p data-start=\"0\" data-end=\"160\">Aansluitmodule voor bedrade kamerthermostaten (24V en 230V), geschikt voor stelmotoren in normaal gesloten (NC) configuratie. Alleen voor verwarmingssystemen. Voorzien van \u00e9\u00e9n potentiaalvrije en \u00e9\u00e9n live 230V-uitgang voor vraagafhankelijke pompregeling. Ondersteunt maximaal 6 zones (kamerthermostaten), met de mogelijkheid om tot 4 stelmotoren per zone aan te sluiten. Eenvoudige en snelle installatie dankzij schroefloze plug-in\/klemtechniek. Geschikt voor wand- of railmontage. Bedrijfstemperatuur: 0 tot 50 \u00b0C. Beschermingsklasse: IP23, klasse I. Afmetingen: 265 x 90 x 56 mm.<\/p>\n","protected":false},"featured_media":19349,"comment_status":"open","ping_status":"closed","template":"","meta":{"_acf_changed":false},"product_brand":[],"product_cat":[33,164],"product_tag":[118],"class_list":{"0":"post-19346","1":"product","2":"type-product","3":"status-publish","4":"has-post-thumbnail","6":"product_cat-watts-zoneregeling","7":"product_cat-bedraad","8":"product_tag-bedraad-24v","10":"first","11":"instock","12":"shipping-taxable","13":"purchasable","14":"product-type-simple"},"acf":[],"yoast_head":"<!-- This site is optimized with the Yoast SEO plugin v27.5 - https:\/\/yoast.com\/product\/yoast-seo-wordpress\/ -->\n<title>Master Aansluitmodule Verwarmen 6 zones WFC-03 6Z H+ - VTE Smartersolutions<\/title>\n<meta name=\"robots\" content=\"index, follow, max-snippet:-1, max-image-preview:large, max-video-preview:-1\" \/>\n<link rel=\"canonical\" href=\"https:\/\/vte-smartersolutions.com\/sv\/produkt\/master-aansluitmodule-verwarmen-6-zones-wfc-03-6z-h\/\" \/>\n<meta property=\"og:locale\" content=\"sv_SE\" \/>\n<meta property=\"og:type\" content=\"article\" \/>\n<meta property=\"og:title\" content=\"Master Aansluitmodule Verwarmen 6 zones WFC-03 6Z H+ - VTE Smartersolutions\" \/>\n<meta property=\"og:description\" content=\"Aansluitmodule voor bedrade kamerthermostaten (24V en 230V), geschikt voor stelmotoren in normaal gesloten (NC) configuratie. Alleen voor verwarmingssystemen. Voorzien van \u00e9\u00e9n potentiaalvrije en \u00e9\u00e9n live 230V-uitgang voor vraagafhankelijke pompregeling. Ondersteunt maximaal 6 zones (kamerthermostaten), met de mogelijkheid om tot 4 stelmotoren per zone aan te sluiten. Eenvoudige en snelle installatie dankzij schroefloze plug-in\/klemtechniek. Geschikt voor wand- of railmontage. Bedrijfstemperatuur: 0 tot 50 \u00b0C. Beschermingsklasse: IP23, klasse I. Afmetingen: 265 x 90 x 56 mm.\" \/>\n<meta property=\"og:url\" content=\"https:\/\/vte-smartersolutions.com\/sv\/produkt\/master-aansluitmodule-verwarmen-6-zones-wfc-03-6z-h\/\" \/>\n<meta property=\"og:site_name\" content=\"VTE Smartersolutions\" \/>\n<meta property=\"article:modified_time\" content=\"2025-02-17T15:03:03+00:00\" \/>\n<meta property=\"og:image\" content=\"https:\/\/vte-smartersolutions.com\/wp-content\/uploads\/2025\/02\/588008700-zonder-achtergrond.png\" \/>\n\t<meta property=\"og:image:width\" content=\"1366\" \/>\n\t<meta property=\"og:image:height\" content=\"910\" \/>\n\t<meta property=\"og:image:type\" content=\"image\/png\" \/>\n<meta name=\"twitter:card\" content=\"summary_large_image\" \/>\n<meta name=\"twitter:label1\" content=\"Ber\u00e4knad l\u00e4stid\" \/>\n\t<meta name=\"twitter:data1\" content=\"1 minut\" \/>\n<script type=\"application\/ld+json\" class=\"yoast-schema-graph\">{\"@context\":\"https:\\\/\\\/schema.org\",\"@graph\":[{\"@type\":\"WebPage\",\"@id\":\"https:\\\/\\\/vte-smartersolutions.com\\\/sv\\\/produkt\\\/master-aansluitmodule-verwarmen-6-zones-wfc-03-6z-h\\\/\",\"url\":\"https:\\\/\\\/vte-smartersolutions.com\\\/sv\\\/produkt\\\/master-aansluitmodule-verwarmen-6-zones-wfc-03-6z-h\\\/\",\"name\":\"Master Aansluitmodule Verwarmen 6 zones WFC-03 6Z H+ - VTE Smartersolutions\",\"isPartOf\":{\"@id\":\"https:\\\/\\\/vte-smartersolutions.com\\\/sv\\\/#website\"},\"primaryImageOfPage\":{\"@id\":\"https:\\\/\\\/vte-smartersolutions.com\\\/sv\\\/produkt\\\/master-aansluitmodule-verwarmen-6-zones-wfc-03-6z-h\\\/#primaryimage\"},\"image\":{\"@id\":\"https:\\\/\\\/vte-smartersolutions.com\\\/sv\\\/produkt\\\/master-aansluitmodule-verwarmen-6-zones-wfc-03-6z-h\\\/#primaryimage\"},\"thumbnailUrl\":\"https:\\\/\\\/vte-smartersolutions.com\\\/wp-content\\\/uploads\\\/2025\\\/02\\\/588008700-zonder-achtergrond.png\",\"datePublished\":\"2025-02-17T14:55:19+00:00\",\"dateModified\":\"2025-02-17T15:03:03+00:00\",\"breadcrumb\":{\"@id\":\"https:\\\/\\\/vte-smartersolutions.com\\\/sv\\\/produkt\\\/master-aansluitmodule-verwarmen-6-zones-wfc-03-6z-h\\\/#breadcrumb\"},\"inLanguage\":\"sv-SE\",\"potentialAction\":[{\"@type\":\"ReadAction\",\"target\":[\"https:\\\/\\\/vte-smartersolutions.com\\\/sv\\\/produkt\\\/master-aansluitmodule-verwarmen-6-zones-wfc-03-6z-h\\\/\"]}]},{\"@type\":\"ImageObject\",\"inLanguage\":\"sv-SE\",\"@id\":\"https:\\\/\\\/vte-smartersolutions.com\\\/sv\\\/produkt\\\/master-aansluitmodule-verwarmen-6-zones-wfc-03-6z-h\\\/#primaryimage\",\"url\":\"https:\\\/\\\/vte-smartersolutions.com\\\/wp-content\\\/uploads\\\/2025\\\/02\\\/588008700-zonder-achtergrond.png\",\"contentUrl\":\"https:\\\/\\\/vte-smartersolutions.com\\\/wp-content\\\/uploads\\\/2025\\\/02\\\/588008700-zonder-achtergrond.png\",\"width\":1366,\"height\":910},{\"@type\":\"BreadcrumbList\",\"@id\":\"https:\\\/\\\/vte-smartersolutions.com\\\/sv\\\/produkt\\\/master-aansluitmodule-verwarmen-6-zones-wfc-03-6z-h\\\/#breadcrumb\",\"itemListElement\":[{\"@type\":\"ListItem\",\"position\":1,\"name\":\"Home\",\"item\":\"https:\\\/\\\/vte-smartersolutions.com\\\/sv\\\/\"},{\"@type\":\"ListItem\",\"position\":2,\"name\":\"Butik\",\"item\":\"https:\\\/\\\/vte-smartersolutions.com\\\/sv\\\/butik\\\/\"},{\"@type\":\"ListItem\",\"position\":3,\"name\":\"Zoneregelingen\",\"item\":\"https:\\\/\\\/vte-smartersolutions.com\\\/sv\\\/product-categorie\\\/zoneregelingen\\\/\"},{\"@type\":\"ListItem\",\"position\":4,\"name\":\"Watts\",\"item\":\"https:\\\/\\\/vte-smartersolutions.com\\\/sv\\\/product-categorie\\\/zoneregelingen\\\/watts-zoneregeling\\\/\"},{\"@type\":\"ListItem\",\"position\":5,\"name\":\"Master Aansluitmodule Verwarmen 6 zones WFC-03 6Z H+\"}]},{\"@type\":\"WebSite\",\"@id\":\"https:\\\/\\\/vte-smartersolutions.com\\\/sv\\\/#website\",\"url\":\"https:\\\/\\\/vte-smartersolutions.com\\\/sv\\\/\",\"name\":\"VTE Smartersolutions\",\"description\":\"En nog een WordPress site\",\"potentialAction\":[{\"@type\":\"SearchAction\",\"target\":{\"@type\":\"EntryPoint\",\"urlTemplate\":\"https:\\\/\\\/vte-smartersolutions.com\\\/sv\\\/?s={search_term_string}\"},\"query-input\":{\"@type\":\"PropertyValueSpecification\",\"valueRequired\":true,\"valueName\":\"search_term_string\"}}],\"inLanguage\":\"sv-SE\"}]}<\/script>\n<!-- \/ Yoast SEO plugin. -->","yoast_head_json":{"title":"Master Aansluitmodule Verwarmen 6 zones WFC-03 6Z H+ - VTE Smartersolutions","robots":{"index":"index","follow":"follow","max-snippet":"max-snippet:-1","max-image-preview":"max-image-preview:large","max-video-preview":"max-video-preview:-1"},"canonical":"https:\/\/vte-smartersolutions.com\/sv\/produkt\/master-aansluitmodule-verwarmen-6-zones-wfc-03-6z-h\/","og_locale":"sv_SE","og_type":"article","og_title":"Master Aansluitmodule Verwarmen 6 zones WFC-03 6Z H+ - VTE Smartersolutions","og_description":"Aansluitmodule voor bedrade kamerthermostaten (24V en 230V), geschikt voor stelmotoren in normaal gesloten (NC) configuratie. Alleen voor verwarmingssystemen. Voorzien van \u00e9\u00e9n potentiaalvrije en \u00e9\u00e9n live 230V-uitgang voor vraagafhankelijke pompregeling. Ondersteunt maximaal 6 zones (kamerthermostaten), met de mogelijkheid om tot 4 stelmotoren per zone aan te sluiten. Eenvoudige en snelle installatie dankzij schroefloze plug-in\/klemtechniek. Geschikt voor wand- of railmontage. Bedrijfstemperatuur: 0 tot 50 \u00b0C. Beschermingsklasse: IP23, klasse I. Afmetingen: 265 x 90 x 56 mm.","og_url":"https:\/\/vte-smartersolutions.com\/sv\/produkt\/master-aansluitmodule-verwarmen-6-zones-wfc-03-6z-h\/","og_site_name":"VTE Smartersolutions","article_modified_time":"2025-02-17T15:03:03+00:00","og_image":[{"width":1366,"height":910,"url":"https:\/\/vte-smartersolutions.com\/wp-content\/uploads\/2025\/02\/588008700-zonder-achtergrond.png","type":"image\/png"}],"twitter_card":"summary_large_image","twitter_misc":{"Ber\u00e4knad l\u00e4stid":"1 minut"},"schema":{"@context":"https:\/\/schema.org","@graph":[{"@type":"WebPage","@id":"https:\/\/vte-smartersolutions.com\/sv\/produkt\/master-aansluitmodule-verwarmen-6-zones-wfc-03-6z-h\/","url":"https:\/\/vte-smartersolutions.com\/sv\/produkt\/master-aansluitmodule-verwarmen-6-zones-wfc-03-6z-h\/","name":"Master Aansluitmodule Verwarmen 6 zones WFC-03 6Z H+ - VTE Smartersolutions","isPartOf":{"@id":"https:\/\/vte-smartersolutions.com\/sv\/#website"},"primaryImageOfPage":{"@id":"https:\/\/vte-smartersolutions.com\/sv\/produkt\/master-aansluitmodule-verwarmen-6-zones-wfc-03-6z-h\/#primaryimage"},"image":{"@id":"https:\/\/vte-smartersolutions.com\/sv\/produkt\/master-aansluitmodule-verwarmen-6-zones-wfc-03-6z-h\/#primaryimage"},"thumbnailUrl":"https:\/\/vte-smartersolutions.com\/wp-content\/uploads\/2025\/02\/588008700-zonder-achtergrond.png","datePublished":"2025-02-17T14:55:19+00:00","dateModified":"2025-02-17T15:03:03+00:00","breadcrumb":{"@id":"https:\/\/vte-smartersolutions.com\/sv\/produkt\/master-aansluitmodule-verwarmen-6-zones-wfc-03-6z-h\/#breadcrumb"},"inLanguage":"sv-SE","potentialAction":[{"@type":"ReadAction","target":["https:\/\/vte-smartersolutions.com\/sv\/produkt\/master-aansluitmodule-verwarmen-6-zones-wfc-03-6z-h\/"]}]},{"@type":"ImageObject","inLanguage":"sv-SE","@id":"https:\/\/vte-smartersolutions.com\/sv\/produkt\/master-aansluitmodule-verwarmen-6-zones-wfc-03-6z-h\/#primaryimage","url":"https:\/\/vte-smartersolutions.com\/wp-content\/uploads\/2025\/02\/588008700-zonder-achtergrond.png","contentUrl":"https:\/\/vte-smartersolutions.com\/wp-content\/uploads\/2025\/02\/588008700-zonder-achtergrond.png","width":1366,"height":910},{"@type":"BreadcrumbList","@id":"https:\/\/vte-smartersolutions.com\/sv\/produkt\/master-aansluitmodule-verwarmen-6-zones-wfc-03-6z-h\/#breadcrumb","itemListElement":[{"@type":"ListItem","position":1,"name":"Home","item":"https:\/\/vte-smartersolutions.com\/sv\/"},{"@type":"ListItem","position":2,"name":"Butik","item":"https:\/\/vte-smartersolutions.com\/sv\/butik\/"},{"@type":"ListItem","position":3,"name":"Zoneregelingen","item":"https:\/\/vte-smartersolutions.com\/sv\/product-categorie\/zoneregelingen\/"},{"@type":"ListItem","position":4,"name":"Watts","item":"https:\/\/vte-smartersolutions.com\/sv\/product-categorie\/zoneregelingen\/watts-zoneregeling\/"},{"@type":"ListItem","position":5,"name":"Master Aansluitmodule Verwarmen 6 zones WFC-03 6Z H+"}]},{"@type":"WebSite","@id":"https:\/\/vte-smartersolutions.com\/sv\/#website","url":"https:\/\/vte-smartersolutions.com\/sv\/","name":"VTE Smartersolutions","description":"En nog een WordPress site","potentialAction":[{"@type":"SearchAction","target":{"@type":"EntryPoint","urlTemplate":"https:\/\/vte-smartersolutions.com\/sv\/?s={search_term_string}"},"query-input":{"@type":"PropertyValueSpecification","valueRequired":true,"valueName":"search_term_string"}}],"inLanguage":"sv-SE"}]}},"_links":{"self":[{"href":"https:\/\/vte-smartersolutions.com\/sv\/wp-json\/wp\/v2\/product\/19346","targetHints":{"allow":["GET"]}}],"collection":[{"href":"https:\/\/vte-smartersolutions.com\/sv\/wp-json\/wp\/v2\/product"}],"about":[{"href":"https:\/\/vte-smartersolutions.com\/sv\/wp-json\/wp\/v2\/types\/product"}],"replies":[{"embeddable":true,"href":"https:\/\/vte-smartersolutions.com\/sv\/wp-json\/wp\/v2\/comments?post=19346"}],"wp:featuredmedia":[{"embeddable":true,"href":"https:\/\/vte-smartersolutions.com\/sv\/wp-json\/wp\/v2\/media\/19349"}],"wp:attachment":[{"href":"https:\/\/vte-smartersolutions.com\/sv\/wp-json\/wp\/v2\/media?parent=19346"}],"wp:term":[{"taxonomy":"product_brand","embeddable":true,"href":"https:\/\/vte-smartersolutions.com\/sv\/wp-json\/wp\/v2\/product_brand?post=19346"},{"taxonomy":"product_cat","embeddable":true,"href":"https:\/\/vte-smartersolutions.com\/sv\/wp-json\/wp\/v2\/product_cat?post=19346"},{"taxonomy":"product_tag","embeddable":true,"href":"https:\/\/vte-smartersolutions.com\/sv\/wp-json\/wp\/v2\/product_tag?post=19346"}],"curies":[{"name":"wp","href":"https:\/\/api.w.org\/{rel}","templated":true}]}}